{"id":707156,"date":"2026-03-23T14:36:23","date_gmt":"2026-03-23T13:36:23","guid":{"rendered":"https:\/\/shop.kustom.ch\/?post_type=product&#038;p=707156"},"modified":"2026-03-31T11:19:05","modified_gmt":"2026-03-31T10:19:05","slug":"txlite-adventure-shorts-women","status":"publish","type":"product","link":"https:\/\/shop.kustom.ch\/fr\/produit\/txlite-adventure-shorts-women\/","title":{"rendered":"TXlite Adventure Shorts Femmes"},"content":{"rendered":"<p>Ces shorts stretch r\u00e9sistants, styl\u00e9s et \u00e0 s\u00e9chage rapide sont parfaits pour le quotidien ainsi que pour les aventures en plein air en famille ou entre amis. La taille est r\u00e9glable et assure un bon ajustement. Les deux poches avant sont dot\u00e9es de fermetures \u00e9clair dans lesquelles tu peux ranger ton t\u00e9l\u00e9phone portable, ton portefeuille et tes cl\u00e9s en toute s\u00e9curit\u00e9. \u00c0 l'arri\u00e8re, tu trouveras deux autres poches pour un espace de rangement suppl\u00e9mentaire. Les shorts sont fabriqu\u00e9s dans un tissu l\u00e9ger et peuvent \u00eatre rang\u00e9s dans la plus petite poche - parfaits pour les longues randonn\u00e9es par temps changeant. Ils sont dot\u00e9s d'une couche d\u00e9perlante sans PFC.<\/p>\n<p>Mati\u00e8re : Shell fabric 1 ; Stretch ; Durable ; Quick dry ; 90% Recycled Polyamide, 10% Spandex<\/p>","protected":false},"excerpt":{"rendered":"<p>Diese strapazierf\u00e4higen, stylischen und schnell trocknenden Stretch-Shorts sind perfekt f\u00fcr den Alltag sowie f\u00fcr Outdoor-Abenteuer mit Familie und Freunden. Die Taille ist verstellbar und sorgt f\u00fcr eine gute Passform. Die beiden Vordertaschen sind mit Reissverschl\u00fcssen versehen, in denen du dein Handy, die Brieftasche und deine Schl\u00fcssel sicher aufbewahren kannst. Auf der R\u00fcckseite befinden sich zwei [&hellip;]<\/p>\n","protected":false},"featured_media":707218,"template":"","meta":[],"product_brand":[],"product_cat":[4198],"product_tag":[],"class_list":{"0":"post-707156","1":"product","2":"type-product","3":"status-publish","4":"has-post-thumbnail","6":"product_cat-shorts","7":"pa_brand-tenson","8":"pa_brand-type-sportswear","9":"pa_filter-color-blau","10":"pa_filter-color-schwarz","12":"first","13":"instock","14":"sale","15":"taxable","16":"shipping-taxable","17":"purchasable","18":"product-type-variable","19":"add-to-wishlist-before_image"},"exclude_global_add_ons":[],"addons":[],"acf":[],"_links":{"self":[{"href":"https:\/\/shop.kustom.ch\/fr\/wp-json\/wp\/v2\/product\/707156"}],"collection":[{"href":"https:\/\/shop.kustom.ch\/fr\/wp-json\/wp\/v2\/product"}],"about":[{"href":"https:\/\/shop.kustom.ch\/fr\/wp-json\/wp\/v2\/types\/product"}],"wp:featuredmedia":[{"embeddable":true,"href":"https:\/\/shop.kustom.ch\/fr\/wp-json\/wp\/v2\/media\/707218"}],"wp:attachment":[{"href":"https:\/\/shop.kustom.ch\/fr\/wp-json\/wp\/v2\/media?parent=707156"}],"wp:term":[{"taxonomy":"product_brand","embeddable":true,"href":"https:\/\/shop.kustom.ch\/fr\/wp-json\/wp\/v2\/product_brand?post=707156"},{"taxonomy":"product_cat","embeddable":true,"href":"https:\/\/shop.kustom.ch\/fr\/wp-json\/wp\/v2\/product_cat?post=707156"},{"taxonomy":"product_tag","embeddable":true,"href":"https:\/\/shop.kustom.ch\/fr\/wp-json\/wp\/v2\/product_tag?post=707156"}],"curies":[{"name":"wp","href":"https:\/\/api.w.org\/{rel}","templated":true}]}}