{"id":707150,"date":"2026-03-23T14:36:23","date_gmt":"2026-03-23T13:36:23","guid":{"rendered":"https:\/\/shop.kustom.ch\/?post_type=product&#038;p=707150"},"modified":"2026-03-31T11:16:04","modified_gmt":"2026-03-31T10:16:04","slug":"txlite-skort-women","status":"publish","type":"product","link":"https:\/\/shop.kustom.ch\/fr\/produit\/txlite-skort-women\/","title":{"rendered":"TXlite Skort Women"},"content":{"rendered":"<p>La jupe TXlite Adventure Skort est une jupe avec short int\u00e9gr\u00e9 - \u00e9galement connue sous le nom de skort. Avec un skort, ta jupe reste en place m\u00eame lorsque tu fais des mouvements plus actifs ou lorsqu'il y a du vent dehors. Le tissu stretch outdoor r\u00e9sistant et \u00e0 s\u00e9chage rapide (90% polyamide et 10% \u00e9lasthanne) est extensible et flexible : parfait pour tes aventures quotidiennes en plein air avec ta famille et tes amis. Son tissu infroissable en fait un compagnon de voyage id\u00e9al.<\/p>\n<p>Mati\u00e8re : Shell fabric 1 ; Stretch ; Durable ; Quick dry ; 90% Recycled Polyamide, 10% Spandex<\/p>","protected":false},"excerpt":{"rendered":"<p>Der TXlite Adventure Skort ist ein Rock mit integrierten Shorts \u2013 auch bekannt als Skort. Mit einem Skort bleibt dein Rock auch bei aktiverer Bewegung oder wenn es draussen windig ist, an Ort und Stelle. Das strapazierf\u00e4hige und schnell trocknende Outdoor-Stretchmaterial (90% Polyamid und 10% Elastan) ist dehnbar und flexibel: Perfekt f\u00fcr deine t\u00e4glichen Outdoor-Abenteuer [&hellip;]<\/p>\n","protected":false},"featured_media":707157,"template":"","meta":[],"product_brand":[],"product_cat":[4198],"product_tag":[],"class_list":{"0":"post-707150","1":"product","2":"type-product","3":"status-publish","4":"has-post-thumbnail","6":"product_cat-shorts","7":"pa_brand-tenson","8":"pa_brand-type-sportswear","9":"pa_filter-color-beige","10":"pa_filter-color-schwarz","12":"first","13":"instock","14":"sale","15":"taxable","16":"shipping-taxable","17":"purchasable","18":"product-type-variable","19":"add-to-wishlist-before_image"},"exclude_global_add_ons":[],"addons":[],"acf":[],"_links":{"self":[{"href":"https:\/\/shop.kustom.ch\/fr\/wp-json\/wp\/v2\/product\/707150"}],"collection":[{"href":"https:\/\/shop.kustom.ch\/fr\/wp-json\/wp\/v2\/product"}],"about":[{"href":"https:\/\/shop.kustom.ch\/fr\/wp-json\/wp\/v2\/types\/product"}],"wp:featuredmedia":[{"embeddable":true,"href":"https:\/\/shop.kustom.ch\/fr\/wp-json\/wp\/v2\/media\/707157"}],"wp:attachment":[{"href":"https:\/\/shop.kustom.ch\/fr\/wp-json\/wp\/v2\/media?parent=707150"}],"wp:term":[{"taxonomy":"product_brand","embeddable":true,"href":"https:\/\/shop.kustom.ch\/fr\/wp-json\/wp\/v2\/product_brand?post=707150"},{"taxonomy":"product_cat","embeddable":true,"href":"https:\/\/shop.kustom.ch\/fr\/wp-json\/wp\/v2\/product_cat?post=707150"},{"taxonomy":"product_tag","embeddable":true,"href":"https:\/\/shop.kustom.ch\/fr\/wp-json\/wp\/v2\/product_tag?post=707150"}],"curies":[{"name":"wp","href":"https:\/\/api.w.org\/{rel}","templated":true}]}}