{"id":707109,"date":"2026-03-23T13:15:59","date_gmt":"2026-03-23T12:15:59","guid":{"rendered":"https:\/\/shop.kustom.ch\/?post_type=product&#038;p=707109"},"modified":"2026-03-31T11:48:41","modified_gmt":"2026-03-31T10:48:41","slug":"packwood-jacket-ladies","status":"publish","type":"product","link":"https:\/\/shop.kustom.ch\/fr\/produit\/packwood-jacket-ladies\/","title":{"rendered":"Veste Packwood Ladies"},"content":{"rendered":"<p>La Packwood est une veste super l\u00e9g\u00e8re qui se caract\u00e9rise par une chaleur agr\u00e9able, un poids r\u00e9duit et un grand confort. La fermeture \u00e9clair YKK METALUXE\u00ae sur toute la longueur au look m\u00e9tallique conf\u00e8re \u00e0 la veste un look luxueux. La combinaison de ces caract\u00e9ristiques outdoor avec des d\u00e9tails \u00e0 la mode tels que des lignes de piq\u00fbres horizontales, un m\u00e9lange de diff\u00e9rents tissus et des d\u00e9corations voyantes rend cette veste polyvalente.<\/p>\n<p>Mat\u00e9riau : Ext\u00e9rieur : 100% nylon. Garnissage : 100% polyester Primaloft. Doublure : 100% nylon<\/p>","protected":false},"excerpt":{"rendered":"<p>Die Packwood ist eine superleichte Jacke, welche sich durch angenehme W\u00e4rme, ein geringes Packmas und hohen Tragekomfort auszeichnet. Der durchgehende YKK METALUXE\u00ae Reissverschluss im Metallic Look verleiht der Jacke einen luxuri\u00f6sen Look. Durch die Kombination dieser Outdoor Merkmale mit modischen Details wie horizontalen Stepplinien, einem Mix aus verschiedenen Stoffen und auff\u00e4lligen Verzierungen ist diese Jacke [&hellip;]<\/p>\n","protected":false},"featured_media":707110,"template":"","meta":[],"product_brand":[],"product_cat":[4208],"product_tag":[],"class_list":{"0":"post-707109","1":"product","2":"type-product","3":"status-publish","4":"has-post-thumbnail","6":"product_cat-westen","7":"pa_brand-cutter-buck","8":"pa_brand-type-workwear","9":"pa_filter-color-blau","10":"pa_filter-color-gruen","11":"pa_filter-color-schwarz","13":"first","14":"instock","15":"sale","16":"taxable","17":"shipping-taxable","18":"purchasable","19":"product-type-variable","20":"add-to-wishlist-before_image"},"exclude_global_add_ons":[],"addons":[],"acf":[],"_links":{"self":[{"href":"https:\/\/shop.kustom.ch\/fr\/wp-json\/wp\/v2\/product\/707109"}],"collection":[{"href":"https:\/\/shop.kustom.ch\/fr\/wp-json\/wp\/v2\/product"}],"about":[{"href":"https:\/\/shop.kustom.ch\/fr\/wp-json\/wp\/v2\/types\/product"}],"wp:featuredmedia":[{"embeddable":true,"href":"https:\/\/shop.kustom.ch\/fr\/wp-json\/wp\/v2\/media\/707110"}],"wp:attachment":[{"href":"https:\/\/shop.kustom.ch\/fr\/wp-json\/wp\/v2\/media?parent=707109"}],"wp:term":[{"taxonomy":"product_brand","embeddable":true,"href":"https:\/\/shop.kustom.ch\/fr\/wp-json\/wp\/v2\/product_brand?post=707109"},{"taxonomy":"product_cat","embeddable":true,"href":"https:\/\/shop.kustom.ch\/fr\/wp-json\/wp\/v2\/product_cat?post=707109"},{"taxonomy":"product_tag","embeddable":true,"href":"https:\/\/shop.kustom.ch\/fr\/wp-json\/wp\/v2\/product_tag?post=707109"}],"curies":[{"name":"wp","href":"https:\/\/api.w.org\/{rel}","templated":true}]}}