{"id":707066,"date":"2026-03-23T13:15:29","date_gmt":"2026-03-23T12:15:29","guid":{"rendered":"https:\/\/shop.kustom.ch\/?post_type=product&#038;p=707066"},"modified":"2026-03-31T11:45:37","modified_gmt":"2026-03-31T10:45:37","slug":"everett-half-zip-sweater","status":"publish","type":"product","link":"https:\/\/shop.kustom.ch\/fr\/produit\/everett-half-zip-sweater\/","title":{"rendered":"Sweat \u00e0 demi-zip Everett"},"content":{"rendered":"<p>Le pull-over Everett Half Zip en laine m\u00e9rinos Baruffa extra fine et \u00e9lastique de la plus haute qualit\u00e9 Cashwool. La coupe a \u00e9t\u00e9 modernis\u00e9e et une fine fermeture \u00e9clair en m\u00e9tal a \u00e9t\u00e9 ajout\u00e9e. Etiquette m\u00e9tallique discr\u00e8te sur le devant et petit logo brod\u00e9 C&amp;B sur la nuque. Lavage en machine \u00e0 froid \u00e0 30\u00b0, cycle d'essorage. Pas plus de 800 tours par minute.<\/p>\n<p>Mati\u00e8re : 100% laine m\u00e9rinos, lavage \u00e0 la main<\/p>","protected":false},"excerpt":{"rendered":"<p>Der Everett Half Zip Strickpullover aus extra feiner, elastischer Baruffa Merinowolle in h\u00f6chster Cashwool Qualit\u00e4t. Die Passform wurde modernisiert und es wurde ein schmaler Metal Zipper eingesetzt . Dezentes Metal Label vorne und kleines C&amp;B Sticklogo am Nacken. Maschinenw\u00e4sche kalt bei 30\u00b0, Schleudergang. Nicht mehr als 800 Umdrehungen pro Minute. Material: 100% Merinowolle, Handw\u00e4sche<\/p>","protected":false},"featured_media":707067,"template":"","meta":[],"product_brand":[],"product_cat":[4191],"product_tag":[],"class_list":{"0":"post-707066","1":"product","2":"type-product","3":"status-publish","4":"has-post-thumbnail","6":"product_cat-longsleeves-sweatshirts","7":"pa_brand-cutter-buck","8":"pa_brand-type-workwear","9":"pa_filter-color-blau","10":"pa_filter-color-grau","11":"pa_filter-color-schwarz","13":"first","14":"instock","15":"sale","16":"taxable","17":"shipping-taxable","18":"purchasable","19":"product-type-variable","20":"add-to-wishlist-before_image"},"exclude_global_add_ons":[],"addons":[],"acf":[],"_links":{"self":[{"href":"https:\/\/shop.kustom.ch\/fr\/wp-json\/wp\/v2\/product\/707066"}],"collection":[{"href":"https:\/\/shop.kustom.ch\/fr\/wp-json\/wp\/v2\/product"}],"about":[{"href":"https:\/\/shop.kustom.ch\/fr\/wp-json\/wp\/v2\/types\/product"}],"wp:featuredmedia":[{"embeddable":true,"href":"https:\/\/shop.kustom.ch\/fr\/wp-json\/wp\/v2\/media\/707067"}],"wp:attachment":[{"href":"https:\/\/shop.kustom.ch\/fr\/wp-json\/wp\/v2\/media?parent=707066"}],"wp:term":[{"taxonomy":"product_brand","embeddable":true,"href":"https:\/\/shop.kustom.ch\/fr\/wp-json\/wp\/v2\/product_brand?post=707066"},{"taxonomy":"product_cat","embeddable":true,"href":"https:\/\/shop.kustom.ch\/fr\/wp-json\/wp\/v2\/product_cat?post=707066"},{"taxonomy":"product_tag","embeddable":true,"href":"https:\/\/shop.kustom.ch\/fr\/wp-json\/wp\/v2\/product_tag?post=707066"}],"curies":[{"name":"wp","href":"https:\/\/api.w.org\/{rel}","templated":true}]}}