{"id":706753,"date":"2026-03-23T13:11:53","date_gmt":"2026-03-23T12:11:53","guid":{"rendered":"https:\/\/shop.kustom.ch\/?post_type=product&#038;p=706753"},"modified":"2026-03-31T11:31:26","modified_gmt":"2026-03-31T10:31:26","slug":"mount-adams-light-vest-men","status":"publish","type":"product","link":"https:\/\/shop.kustom.ch\/fr\/produit\/mount-adams-light-vest-men\/","title":{"rendered":"Gilet Mount Adams Light Men"},"content":{"rendered":"<p>La veste Mount Adams Light Vest est un compagnon mince et l\u00e9ger avec une utilisation polyvalente pour la mi-saison. Elle offre une chaleur fiable sans \u00eatre encombrante et se porte parfaitement sous une veste ou un veston. Fabriqu\u00e9 dans notre mat\u00e9riau caract\u00e9ristique Mount Adams, il s\u00e9duit par sa coupe cintr\u00e9e, ses coutures lat\u00e9rales nettes, ses poches intelligemment dissimul\u00e9es et une poche int\u00e9rieure discr\u00e8te \u00e0 hauteur de la poitrine pour les objets de valeur. Le nouveau pendentif argent\u00e9 de la fermeture \u00e9clair ajoute une touche d'\u00e9l\u00e9gance \u00e0 ce design embl\u00e9matique. Le gilet est compos\u00e9 d'un tissu ext\u00e9rieur et d'une doublure en nylon recycl\u00e9 100%, garnis de PrimaLoft\u00ae Black 60 gsm, offrant ainsi un confort de premi\u00e8re classe avec des mat\u00e9riaux innovants et durables. Une pi\u00e8ce de superposition \u00e9l\u00e9gante pour toutes les occasions, que vous aimerez porter saison apr\u00e8s saison.<\/p>\n<p>Mati\u00e8re : 100 % nylon recycl\u00e9 PrimaLoft\u00ae. Rembourrage : 100% polyester recycl\u00e9. Doublure : 100% nylon recycl\u00e9<\/p>","protected":false},"excerpt":{"rendered":"<p>Die Mount Adams Light Vest ist ein schlanker, leichter Begleiter mit vielseitigem Einsatz f\u00fcr die \u00dcbergangszeit. Sie bietet zuverl\u00e4ssige W\u00e4rme ohne aufzutragen und l\u00e4sst sich perfekt unter einer Jacke oder einem Sakko tragen. Gefertigt aus unserem charakteristischen Mount Adams-Material, \u00fcberzeugt sie durch einen taillierten Schnitt, saubere Seitenn\u00e4hte, clever versteckte Taschen und eine dezente Innentasche auf [&hellip;]<\/p>\n","protected":false},"featured_media":706754,"template":"","meta":[],"product_brand":[],"product_cat":[4208],"product_tag":[],"class_list":{"0":"post-706753","1":"product","2":"type-product","3":"status-publish","4":"has-post-thumbnail","6":"product_cat-westen","7":"pa_brand-cutter-buck","8":"pa_brand-type-workwear","9":"pa_filter-color-blau","10":"pa_filter-color-schwarz","12":"first","13":"instock","14":"sale","15":"taxable","16":"shipping-taxable","17":"purchasable","18":"product-type-variable","19":"add-to-wishlist-before_image"},"exclude_global_add_ons":[],"addons":[],"acf":[],"_links":{"self":[{"href":"https:\/\/shop.kustom.ch\/fr\/wp-json\/wp\/v2\/product\/706753"}],"collection":[{"href":"https:\/\/shop.kustom.ch\/fr\/wp-json\/wp\/v2\/product"}],"about":[{"href":"https:\/\/shop.kustom.ch\/fr\/wp-json\/wp\/v2\/types\/product"}],"wp:featuredmedia":[{"embeddable":true,"href":"https:\/\/shop.kustom.ch\/fr\/wp-json\/wp\/v2\/media\/706754"}],"wp:attachment":[{"href":"https:\/\/shop.kustom.ch\/fr\/wp-json\/wp\/v2\/media?parent=706753"}],"wp:term":[{"taxonomy":"product_brand","embeddable":true,"href":"https:\/\/shop.kustom.ch\/fr\/wp-json\/wp\/v2\/product_brand?post=706753"},{"taxonomy":"product_cat","embeddable":true,"href":"https:\/\/shop.kustom.ch\/fr\/wp-json\/wp\/v2\/product_cat?post=706753"},{"taxonomy":"product_tag","embeddable":true,"href":"https:\/\/shop.kustom.ch\/fr\/wp-json\/wp\/v2\/product_tag?post=706753"}],"curies":[{"name":"wp","href":"https:\/\/api.w.org\/{rel}","templated":true}]}}