{"id":705075,"date":"2026-03-18T18:29:28","date_gmt":"2026-03-18T17:29:28","guid":{"rendered":"https:\/\/shop.kustom.ch\/?post_type=product&#038;p=705075"},"modified":"2026-03-27T15:19:41","modified_gmt":"2026-03-27T14:19:41","slug":"collective-bi-blend-ss-tee-m","status":"publish","type":"product","link":"https:\/\/shop.kustom.ch\/fr\/produit\/collective-bi-blend-ss-tee-m\/","title":{"rendered":"Collective Bi-Blend Ss Tee M"},"content":{"rendered":"<p>T-shirt d'entra\u00eenement avanc\u00e9 doux et confortable, fabriqu\u00e9 \u00e0 partir d'un m\u00e9lange de Tencel et de polyester recycl\u00e9, adapt\u00e9 \u00e0 la plupart des activit\u00e9s sportives intensives. - Coupe normale - M\u00e9lange doux de Tencel et de polyester recycl\u00e9 avec une \u00e9vacuation optimale de l'humidit\u00e9<\/p>\n<p>Mati\u00e8re : 55% polyester recycl\u00e9, 45% lyocell<\/p>","protected":false},"excerpt":{"rendered":"<p>T-shirt d'entra\u00eenement avanc\u00e9 doux et confortable, fabriqu\u00e9 \u00e0 partir d'un m\u00e9lange de Tencel et de polyester recycl\u00e9, adapt\u00e9 \u00e0 la plupart des activit\u00e9s sportives intensives. - Coupe normale - M\u00e9lange doux de Tencel et de polyester recycl\u00e9 avec une \u00e9vacuation optimale de l'humidit\u00e9 Mati\u00e8re : 55% polyester recycl\u00e9, 45% lyocell<\/p>","protected":false},"featured_media":705076,"template":"","meta":[],"product_brand":[],"product_cat":[4201],"product_tag":[],"class_list":{"0":"post-705075","1":"product","2":"type-product","3":"status-publish","4":"has-post-thumbnail","6":"product_cat-t-shirts","7":"pa_brand-craft","8":"pa_brand-type-sportswear","9":"pa_filter-color-braun","10":"pa_filter-color-grau","11":"pa_filter-color-gruen","12":"pa_filter-color-schwarz","13":"pa_filter-color-weiss","15":"first","16":"instock","17":"sale","18":"taxable","19":"shipping-taxable","20":"purchasable","21":"product-type-variable","22":"add-to-wishlist-before_image"},"exclude_global_add_ons":[],"addons":[],"acf":[],"_links":{"self":[{"href":"https:\/\/shop.kustom.ch\/fr\/wp-json\/wp\/v2\/product\/705075"}],"collection":[{"href":"https:\/\/shop.kustom.ch\/fr\/wp-json\/wp\/v2\/product"}],"about":[{"href":"https:\/\/shop.kustom.ch\/fr\/wp-json\/wp\/v2\/types\/product"}],"wp:featuredmedia":[{"embeddable":true,"href":"https:\/\/shop.kustom.ch\/fr\/wp-json\/wp\/v2\/media\/705076"}],"wp:attachment":[{"href":"https:\/\/shop.kustom.ch\/fr\/wp-json\/wp\/v2\/media?parent=705075"}],"wp:term":[{"taxonomy":"product_brand","embeddable":true,"href":"https:\/\/shop.kustom.ch\/fr\/wp-json\/wp\/v2\/product_brand?post=705075"},{"taxonomy":"product_cat","embeddable":true,"href":"https:\/\/shop.kustom.ch\/fr\/wp-json\/wp\/v2\/product_cat?post=705075"},{"taxonomy":"product_tag","embeddable":true,"href":"https:\/\/shop.kustom.ch\/fr\/wp-json\/wp\/v2\/product_tag?post=705075"}],"curies":[{"name":"wp","href":"https:\/\/api.w.org\/{rel}","templated":true}]}}