{"id":704980,"date":"2026-03-18T18:23:49","date_gmt":"2026-03-18T17:23:49","guid":{"rendered":"https:\/\/shop.kustom.ch\/?post_type=product&#038;p=704980"},"modified":"2026-03-27T13:40:31","modified_gmt":"2026-03-27T12:40:31","slug":"adv-essence-sl-tee-2-m","status":"publish","type":"product","link":"https:\/\/shop.kustom.ch\/fr\/produit\/adv-essence-sl-tee-2-m\/","title":{"rendered":"ADV Essence Sl Tee 2 M"},"content":{"rendered":"<p>T-shirt d'entra\u00eenement avanc\u00e9 sans manches en jersey de polyester recycl\u00e9 &amp; \u00e9lasthanne avec inserts en mesh et d\u00e9tails perfor\u00e9s pour une meilleure a\u00e9ration. Convient \u00e0 la plupart des activit\u00e9s intensives.<\/p>","protected":false},"excerpt":{"rendered":"<p>T-shirt d'entra\u00eenement avanc\u00e9 sans manches en jersey de polyester recycl\u00e9 &amp; \u00e9lasthanne avec inserts en mesh et d\u00e9tails perfor\u00e9s pour une meilleure a\u00e9ration. Convient \u00e0 la plupart des activit\u00e9s intensives.<\/p>","protected":false},"featured_media":701163,"template":"","meta":[],"product_brand":[],"product_cat":[4201],"product_tag":[],"class_list":{"0":"post-704980","1":"product","2":"type-product","3":"status-publish","4":"has-post-thumbnail","6":"product_cat-t-shirts","7":"pa_brand-craft","8":"pa_brand-type-sportswear","9":"pa_filter-color-blau","10":"pa_filter-color-braun","11":"pa_filter-color-gruen","12":"pa_filter-color-schwarz","13":"pa_filter-color-weiss","15":"first","16":"instock","17":"sale","18":"taxable","19":"shipping-taxable","20":"purchasable","21":"product-type-variable","22":"add-to-wishlist-before_image"},"exclude_global_add_ons":[],"addons":[],"acf":[],"_links":{"self":[{"href":"https:\/\/shop.kustom.ch\/fr\/wp-json\/wp\/v2\/product\/704980"}],"collection":[{"href":"https:\/\/shop.kustom.ch\/fr\/wp-json\/wp\/v2\/product"}],"about":[{"href":"https:\/\/shop.kustom.ch\/fr\/wp-json\/wp\/v2\/types\/product"}],"wp:featuredmedia":[{"embeddable":true,"href":"https:\/\/shop.kustom.ch\/fr\/wp-json\/wp\/v2\/media\/701163"}],"wp:attachment":[{"href":"https:\/\/shop.kustom.ch\/fr\/wp-json\/wp\/v2\/media?parent=704980"}],"wp:term":[{"taxonomy":"product_brand","embeddable":true,"href":"https:\/\/shop.kustom.ch\/fr\/wp-json\/wp\/v2\/product_brand?post=704980"},{"taxonomy":"product_cat","embeddable":true,"href":"https:\/\/shop.kustom.ch\/fr\/wp-json\/wp\/v2\/product_cat?post=704980"},{"taxonomy":"product_tag","embeddable":true,"href":"https:\/\/shop.kustom.ch\/fr\/wp-json\/wp\/v2\/product_tag?post=704980"}],"curies":[{"name":"wp","href":"https:\/\/api.w.org\/{rel}","templated":true}]}}