{"id":704911,"date":"2026-03-18T18:08:11","date_gmt":"2026-03-18T17:08:11","guid":{"rendered":"https:\/\/shop.kustom.ch\/?post_type=product&#038;p=704911"},"modified":"2026-03-27T15:56:58","modified_gmt":"2026-03-27T14:56:58","slug":"ability-baselayer-ls-jr","status":"publish","type":"product","link":"https:\/\/shop.kustom.ch\/fr\/produit\/ability-baselayer-ls-jr\/","title":{"rendered":"Ability Baselayer LS JR"},"content":{"rendered":"<p>L'Ability Baselayer LS est un maillot de corps \u00e0 manches longues extr\u00eamement \u00e9lastique et hautement fonctionnel, con\u00e7u pour l'entra\u00eenement ou comme maillot de corps sous le maillot les jours de match frais. Fabriqu\u00e9 \u00e0 partir d'un m\u00e9lange l\u00e9ger de polyester recycl\u00e9 et d'\u00e9lasthanne, ce v\u00eatement offre une \u00e9vacuation efficace de l'humidit\u00e9 et une extensibilit\u00e9 exceptionnelle, ce qui garantit une coupe confortable et une libert\u00e9 de mouvement illimit\u00e9e.<\/p>\n<p>- Mati\u00e8re l\u00e9g\u00e8re en polyester recycl\u00e9 et \u00e9lasthanne<br \/>\n- Grande \u00e9lasticit\u00e9<br \/>\n- Coupe ajust\u00e9e<\/p>\n<p>Mati\u00e8re : 87 % polyester recycl\u00e9, 13 % \u00e9lasthanne<\/p>","protected":false},"excerpt":{"rendered":"<p>Das Ability Baselayer LS ist ein \u00e4usserst elastisches, hochfunktionelles Langarm-Unterhemd, das f\u00fcr das Training oder als Unterhemd unter dem Trikot an k\u00fchlen Spieltagen konzipiert ist. Das Kleidungsst\u00fcck besteht aus einer leichten Mischung aus recyceltem Polyester und Elasthan und bietet einen effizienten Feuchtigkeitstransport sowie aussergew\u00f6hnliche Dehnbarkeit, wodurch eine bequeme Passform und uneingeschr\u00e4nkte Bewegungsfreiheit gew\u00e4hrleistet sind. \u2022 [&hellip;]<\/p>\n","protected":false},"featured_media":704938,"template":"","meta":[],"product_brand":[],"product_cat":[4201],"product_tag":[],"class_list":{"0":"post-704911","1":"product","2":"type-product","3":"status-publish","4":"has-post-thumbnail","6":"product_cat-t-shirts","7":"pa_brand-craft","8":"pa_brand-type-sportswear","9":"pa_filter-color-blau","10":"pa_filter-color-gruen","11":"pa_filter-color-rot","12":"pa_filter-color-schwarz","13":"pa_filter-color-weiss","15":"first","16":"instock","17":"sale","18":"taxable","19":"shipping-taxable","20":"purchasable","21":"product-type-variable","22":"add-to-wishlist-before_image"},"exclude_global_add_ons":[],"addons":[],"acf":[],"_links":{"self":[{"href":"https:\/\/shop.kustom.ch\/fr\/wp-json\/wp\/v2\/product\/704911"}],"collection":[{"href":"https:\/\/shop.kustom.ch\/fr\/wp-json\/wp\/v2\/product"}],"about":[{"href":"https:\/\/shop.kustom.ch\/fr\/wp-json\/wp\/v2\/types\/product"}],"wp:featuredmedia":[{"embeddable":true,"href":"https:\/\/shop.kustom.ch\/fr\/wp-json\/wp\/v2\/media\/704938"}],"wp:attachment":[{"href":"https:\/\/shop.kustom.ch\/fr\/wp-json\/wp\/v2\/media?parent=704911"}],"wp:term":[{"taxonomy":"product_brand","embeddable":true,"href":"https:\/\/shop.kustom.ch\/fr\/wp-json\/wp\/v2\/product_brand?post=704911"},{"taxonomy":"product_cat","embeddable":true,"href":"https:\/\/shop.kustom.ch\/fr\/wp-json\/wp\/v2\/product_cat?post=704911"},{"taxonomy":"product_tag","embeddable":true,"href":"https:\/\/shop.kustom.ch\/fr\/wp-json\/wp\/v2\/product_tag?post=704911"}],"curies":[{"name":"wp","href":"https:\/\/api.w.org\/{rel}","templated":true}]}}