{"id":704847,"date":"2026-03-18T18:07:31","date_gmt":"2026-03-18T17:07:31","guid":{"rendered":"https:\/\/shop.kustom.ch\/?post_type=product&#038;p=704847"},"modified":"2026-03-27T15:56:33","modified_gmt":"2026-03-27T14:56:33","slug":"extend-2-0-half-zip-w","status":"publish","type":"product","link":"https:\/\/shop.kustom.ch\/fr\/produit\/extend-2-0-half-zip-w\/","title":{"rendered":"Extend 2.0 Half zip W"},"content":{"rendered":"<p>L'Extend 2.0 Half Zip est un maillot midlayer performant con\u00e7u pour les \u00e9quipes et les sportifs qui s'entra\u00eenent dur et jouent encore plus dur. Fabriqu\u00e9 dans un mat\u00e9riau extensible qui \u00e9vacue l'humidit\u00e9, il offre un confort et une libert\u00e9 de mouvement exceptionnels lors de l'\u00e9chauffement, des d\u00e9placements et des entra\u00eenements l\u00e9gers. Le tissu structur\u00e9 double face de la veste lui conf\u00e8re un look \u00e9l\u00e9gant et moderne sur et en dehors du terrain. Avec une demi-fermeture \u00e0 glissi\u00e8re invers\u00e9e sur le devant, cette veste technique midlayer allie fonctionnalit\u00e9 et look \u00e9l\u00e9gant - id\u00e9al pour apposer le logo du club, du sponsor ou de l'\u00e9quipe.<\/p>\n<p>- Mati\u00e8re tr\u00e8s \u00e9lastique et fonctionnelle en polyester recycl\u00e9 et \u00e9lasthanne<br \/>\n- Mat\u00e9riau structur\u00e9 double face<br \/>\n- Demi-zip \u00e0 l'avant<br \/>\n- Coupe normale<\/p>\n<p>Mati\u00e8re : 80 % polyester recycl\u00e9, 20 % \u00e9lasthanne<\/p>","protected":false},"excerpt":{"rendered":"<p>Das Extend 2.0 Half Zip ist ein leistungsstarkes Midlayer-Shirt, das f\u00fcr Teams und Sportler entwickelt wurde, die hart trainieren und noch h\u00e4rter spielen. Sie besteht aus dehnbarem, feuchtigkeitstransportierendem Material und bietet hervorragenden Komfort und Bewegungsfreiheit beim Aufw\u00e4rmen, auf Reisen und bei leichtem Training. Das doppelseitige, strukturierte Material der Jacke sorgt f\u00fcr einen eleganten, modernen Look [&hellip;]<\/p>\n","protected":false},"featured_media":704864,"template":"","meta":[],"product_brand":[],"product_cat":[4191],"product_tag":[],"class_list":{"0":"post-704847","1":"product","2":"type-product","3":"status-publish","4":"has-post-thumbnail","6":"product_cat-longsleeves-sweatshirts","7":"pa_brand-craft","8":"pa_brand-type-sportswear","9":"pa_filter-color-beige","10":"pa_filter-color-blau","11":"pa_filter-color-gruen","12":"pa_filter-color-schwarz","14":"first","15":"instock","16":"sale","17":"taxable","18":"shipping-taxable","19":"purchasable","20":"product-type-variable","21":"add-to-wishlist-before_image"},"exclude_global_add_ons":[],"addons":[],"acf":[],"_links":{"self":[{"href":"https:\/\/shop.kustom.ch\/fr\/wp-json\/wp\/v2\/product\/704847"}],"collection":[{"href":"https:\/\/shop.kustom.ch\/fr\/wp-json\/wp\/v2\/product"}],"about":[{"href":"https:\/\/shop.kustom.ch\/fr\/wp-json\/wp\/v2\/types\/product"}],"wp:featuredmedia":[{"embeddable":true,"href":"https:\/\/shop.kustom.ch\/fr\/wp-json\/wp\/v2\/media\/704864"}],"wp:attachment":[{"href":"https:\/\/shop.kustom.ch\/fr\/wp-json\/wp\/v2\/media?parent=704847"}],"wp:term":[{"taxonomy":"product_brand","embeddable":true,"href":"https:\/\/shop.kustom.ch\/fr\/wp-json\/wp\/v2\/product_brand?post=704847"},{"taxonomy":"product_cat","embeddable":true,"href":"https:\/\/shop.kustom.ch\/fr\/wp-json\/wp\/v2\/product_cat?post=704847"},{"taxonomy":"product_tag","embeddable":true,"href":"https:\/\/shop.kustom.ch\/fr\/wp-json\/wp\/v2\/product_tag?post=704847"}],"curies":[{"name":"wp","href":"https:\/\/api.w.org\/{rel}","templated":true}]}}