{"id":704685,"date":"2026-03-18T17:47:06","date_gmt":"2026-03-18T16:47:06","guid":{"rendered":"https:\/\/shop.kustom.ch\/?post_type=product&#038;p=704685"},"modified":"2026-03-27T15:56:00","modified_gmt":"2026-03-27T14:56:00","slug":"evolve-2-0-contrast-half-zip-m","status":"publish","type":"product","link":"https:\/\/shop.kustom.ch\/fr\/produit\/evolve-2-0-contrast-half-zip-m\/","title":{"rendered":"Evolve 2.0 Contrast Half Zip M"},"content":{"rendered":"<p>L'Evolve 2.0 Contrast Half Zip est un v\u00eatement midlayer \u00e9lastique et r\u00e9sistant qui assure une excellente \u00e9vacuation de l'humidit\u00e9 lors des s\u00e9ances d'entra\u00eenement intensives. Ce v\u00eatement polyvalent est fabriqu\u00e9 dans un tissu structur\u00e9 en polyester recycl\u00e9 100 % et dispose d'empi\u00e8cements de couleur contrast\u00e9e sur les manches et les c\u00f4t\u00e9s. Compl\u00e9tant parfaitement la collection Evolve 2.0, il pr\u00e9sente un design bicolore accrocheur, id\u00e9al pour les clubs et les \u00e9quipes qui souhaitent rafra\u00eechir leur look.<\/p>\n<p>- Tissu extensible et r\u00e9sistant en polyester recycl\u00e9 100 %<br \/>\n- Empi\u00e8cements de couleur contrast\u00e9e<br \/>\n- Demi-zip \u00e0 l'avant<br \/>\n- Deux poches lat\u00e9rales avec fermeture \u00e9clair<br \/>\n- Coupe normale<\/p>\n<p>Mati\u00e8re : 100 % polyester recycl\u00e9<\/p>","protected":false},"excerpt":{"rendered":"<p>Der Evolve 2.0 Contrast Half Zip ist ein elastisches und strapazierf\u00e4higes Midlayer-Kleidungsst\u00fcck, das bei intensiven Trainingseinheiten f\u00fcr hervorragenden Feuchtigkeitstransport sorgt. Dieses vielseitige Kleidungsst\u00fcck besteht aus einem strukturierten Material aus 100 % recyceltem Polyester und verf\u00fcgt \u00fcber kontrastfarbene Eins\u00e4tze an den \u00c4rmeln und an den Seiten. Als perfekte Erg\u00e4nzung zur Evolve 2.0-Kollektion pr\u00e4sentiert es sich in [&hellip;]<\/p>\n","protected":false},"featured_media":704717,"template":"","meta":[],"product_brand":[],"product_cat":[4191],"product_tag":[],"class_list":{"0":"post-704685","1":"product","2":"type-product","3":"status-publish","4":"has-post-thumbnail","6":"product_cat-longsleeves-sweatshirts","7":"pa_brand-craft","8":"pa_brand-type-sportswear","9":"pa_filter-color-beige","10":"pa_filter-color-blau","11":"pa_filter-color-gruen","12":"pa_filter-color-rot","13":"pa_filter-color-schwarz","15":"first","16":"instock","17":"sale","18":"taxable","19":"shipping-taxable","20":"purchasable","21":"product-type-variable","22":"add-to-wishlist-before_image"},"exclude_global_add_ons":[],"addons":[],"acf":[],"_links":{"self":[{"href":"https:\/\/shop.kustom.ch\/fr\/wp-json\/wp\/v2\/product\/704685"}],"collection":[{"href":"https:\/\/shop.kustom.ch\/fr\/wp-json\/wp\/v2\/product"}],"about":[{"href":"https:\/\/shop.kustom.ch\/fr\/wp-json\/wp\/v2\/types\/product"}],"wp:featuredmedia":[{"embeddable":true,"href":"https:\/\/shop.kustom.ch\/fr\/wp-json\/wp\/v2\/media\/704717"}],"wp:attachment":[{"href":"https:\/\/shop.kustom.ch\/fr\/wp-json\/wp\/v2\/media?parent=704685"}],"wp:term":[{"taxonomy":"product_brand","embeddable":true,"href":"https:\/\/shop.kustom.ch\/fr\/wp-json\/wp\/v2\/product_brand?post=704685"},{"taxonomy":"product_cat","embeddable":true,"href":"https:\/\/shop.kustom.ch\/fr\/wp-json\/wp\/v2\/product_cat?post=704685"},{"taxonomy":"product_tag","embeddable":true,"href":"https:\/\/shop.kustom.ch\/fr\/wp-json\/wp\/v2\/product_tag?post=704685"}],"curies":[{"name":"wp","href":"https:\/\/api.w.org\/{rel}","templated":true}]}}