{"id":704632,"date":"2026-03-18T17:46:31","date_gmt":"2026-03-18T16:46:31","guid":{"rendered":"https:\/\/shop.kustom.ch\/?post_type=product&#038;p=704632"},"modified":"2026-03-27T15:55:27","modified_gmt":"2026-03-27T14:55:27","slug":"ability-sl-tee-jr","status":"publish","type":"product","link":"https:\/\/shop.kustom.ch\/fr\/produit\/ability-sl-tee-jr\/","title":{"rendered":"Tee Ability SL JR"},"content":{"rendered":"<p>L'Ability SL Tee est un v\u00eatement d'entra\u00eenement performant sp\u00e9cialement con\u00e7u pour la gymnastique et les mouvements dynamiques. Ce t-shirt sans manches en polyester recycl\u00e9 et \u00e9lasthanne offre une extensibilit\u00e9 et une \u00e9vacuation de l'humidit\u00e9 exceptionnelles pour vous permettre de rester au frais, au sec et concentr\u00e9. Des inserts en mesh strat\u00e9giquement plac\u00e9s sur les \u00e9paules et des perforations d\u00e9coup\u00e9es au laser dans le dos am\u00e9liorent la ventilation et en font un excellent choix pour les activit\u00e9s de haute intensit\u00e9 o\u00f9 la libert\u00e9 de mouvement et la respirabilit\u00e9 sont essentielles. Il offre suffisamment d'espace pour les logos et les \u00e9cussons.<\/p>\n<p>- Mati\u00e8re douce et extensible en polyester recycl\u00e9 et \u00e9lasthanne<br \/>\n- Mesh sur les \u00e9paules<br \/>\n- \u00c9l\u00e9ments perfor\u00e9s au dos<br \/>\n- Coutures lat\u00e9rales tourn\u00e9es vers l'avant<br \/>\n- Coupe normale<\/p>","protected":false},"excerpt":{"rendered":"<p>Das Ability SL Tee ist ein leistungsstarkes Trainingskleidungsst\u00fcck, das speziell f\u00fcr Gymnastik und dynamische Bewegungen entwickelt wurde. Dieses \u00e4rmellose T-Shirt aus recyceltem Polyester und Elasthan bietet aussergew\u00f6hnliche Dehnbarkeit und Feuchtigkeitstransport, damit Sie k\u00fchl, trocken und konzentriert bleiben. Strategisch platzierte Mesh-Eins\u00e4tze an den Schultern und lasergeschnittene Perforationen am R\u00fccken verbessern die Bel\u00fcftung und machen es zu [&hellip;]<\/p>\n","protected":false},"featured_media":704654,"template":"","meta":[],"product_brand":[],"product_cat":[4201],"product_tag":[],"class_list":{"0":"post-704632","1":"product","2":"type-product","3":"status-publish","4":"has-post-thumbnail","6":"product_cat-t-shirts","7":"pa_brand-craft","8":"pa_brand-type-sportswear","9":"pa_filter-color-blau","10":"pa_filter-color-schwarz","11":"pa_filter-color-weiss","13":"first","14":"instock","15":"sale","16":"taxable","17":"shipping-taxable","18":"purchasable","19":"product-type-variable","20":"add-to-wishlist-before_image"},"exclude_global_add_ons":[],"addons":[],"acf":[],"_links":{"self":[{"href":"https:\/\/shop.kustom.ch\/fr\/wp-json\/wp\/v2\/product\/704632"}],"collection":[{"href":"https:\/\/shop.kustom.ch\/fr\/wp-json\/wp\/v2\/product"}],"about":[{"href":"https:\/\/shop.kustom.ch\/fr\/wp-json\/wp\/v2\/types\/product"}],"wp:featuredmedia":[{"embeddable":true,"href":"https:\/\/shop.kustom.ch\/fr\/wp-json\/wp\/v2\/media\/704654"}],"wp:attachment":[{"href":"https:\/\/shop.kustom.ch\/fr\/wp-json\/wp\/v2\/media?parent=704632"}],"wp:term":[{"taxonomy":"product_brand","embeddable":true,"href":"https:\/\/shop.kustom.ch\/fr\/wp-json\/wp\/v2\/product_brand?post=704632"},{"taxonomy":"product_cat","embeddable":true,"href":"https:\/\/shop.kustom.ch\/fr\/wp-json\/wp\/v2\/product_cat?post=704632"},{"taxonomy":"product_tag","embeddable":true,"href":"https:\/\/shop.kustom.ch\/fr\/wp-json\/wp\/v2\/product_tag?post=704632"}],"curies":[{"name":"wp","href":"https:\/\/api.w.org\/{rel}","templated":true}]}}