{"id":704502,"date":"2026-03-18T17:45:22","date_gmt":"2026-03-18T16:45:22","guid":{"rendered":"https:\/\/shop.kustom.ch\/?post_type=product&#038;p=704502"},"modified":"2026-03-27T15:54:50","modified_gmt":"2026-03-27T14:54:50","slug":"extend-2-0-jersey-w","status":"publish","type":"product","link":"https:\/\/shop.kustom.ch\/fr\/produit\/extend-2-0-jersey-w\/","title":{"rendered":"Extend 2.0 Jersey W"},"content":{"rendered":"<p>Le maillot Extend 2.0 est un maillot de joueur de haute qualit\u00e9 con\u00e7u pour les \u00e9quipes de football de haut niveau. Il est fabriqu\u00e9 dans un tissu jacquard l\u00e9ger et offre une excellente \u00e9vacuation de l'humidit\u00e9 pour que vous restiez au sec et \u00e0 l'aise m\u00eame lors des matchs les plus exigeants. Les extr\u00e9mit\u00e9s soud\u00e9es des manches, l'encolure et l'ourlet inf\u00e9rieur assurent une finition soign\u00e9e, tandis que les fentes lat\u00e9rales augmentent la libert\u00e9 de mouvement.<\/p>\n<p>- Tricot jacquard l\u00e9ger en 100 % de polyester recycl\u00e9<br \/>\n- Extr\u00e9mit\u00e9s des manches, encolure et ourlet soud\u00e9s<br \/>\n- Fentes sur les c\u00f4t\u00e9s<br \/>\n- Coupe normale<\/p>\n<p>Mati\u00e8re : 100 % polyester recycl\u00e9<\/p>","protected":false},"excerpt":{"rendered":"<p>Das Extend 2.0 Jersey ist ein hochwertiges Spielertrikot, das f\u00fcr Spitzenfussballmannschaften entwickelt wurde. Es besteht aus leichtem Jacquard-Material und bietet einen hervorragenden Feuchtigkeitstransport, damit Sie auch bei anspruchsvollen Spielen trocken bleiben und sich wohlf\u00fchlen. Die verschweissten \u00c4rmelenden, der Kragenausschnitt und der untere Saum sorgen f\u00fcr einen sauberen Abschluss, w\u00e4hrend Seitenschlitze die Bewegungsfreiheit erh\u00f6hen. \u2022 Leichtes [&hellip;]<\/p>\n","protected":false},"featured_media":704503,"template":"","meta":[],"product_brand":[],"product_cat":[4201],"product_tag":[],"class_list":{"0":"post-704502","1":"product","2":"type-product","3":"status-publish","4":"has-post-thumbnail","6":"product_cat-t-shirts","7":"pa_brand-craft","8":"pa_brand-type-sportswear","9":"pa_filter-color-beige","10":"pa_filter-color-blau","11":"pa_filter-color-gruen","12":"pa_filter-color-schwarz","13":"pa_filter-color-weiss","15":"first","16":"instock","17":"sale","18":"taxable","19":"shipping-taxable","20":"purchasable","21":"product-type-variable","22":"add-to-wishlist-before_image"},"exclude_global_add_ons":[],"addons":[],"acf":[],"_links":{"self":[{"href":"https:\/\/shop.kustom.ch\/fr\/wp-json\/wp\/v2\/product\/704502"}],"collection":[{"href":"https:\/\/shop.kustom.ch\/fr\/wp-json\/wp\/v2\/product"}],"about":[{"href":"https:\/\/shop.kustom.ch\/fr\/wp-json\/wp\/v2\/types\/product"}],"wp:featuredmedia":[{"embeddable":true,"href":"https:\/\/shop.kustom.ch\/fr\/wp-json\/wp\/v2\/media\/704503"}],"wp:attachment":[{"href":"https:\/\/shop.kustom.ch\/fr\/wp-json\/wp\/v2\/media?parent=704502"}],"wp:term":[{"taxonomy":"product_brand","embeddable":true,"href":"https:\/\/shop.kustom.ch\/fr\/wp-json\/wp\/v2\/product_brand?post=704502"},{"taxonomy":"product_cat","embeddable":true,"href":"https:\/\/shop.kustom.ch\/fr\/wp-json\/wp\/v2\/product_cat?post=704502"},{"taxonomy":"product_tag","embeddable":true,"href":"https:\/\/shop.kustom.ch\/fr\/wp-json\/wp\/v2\/product_tag?post=704502"}],"curies":[{"name":"wp","href":"https:\/\/api.w.org\/{rel}","templated":true}]}}