{"id":704315,"date":"2026-03-18T17:43:29","date_gmt":"2026-03-18T16:43:29","guid":{"rendered":"https:\/\/shop.kustom.ch\/?post_type=product&#038;p=704315"},"modified":"2026-03-27T15:54:23","modified_gmt":"2026-03-27T14:54:23","slug":"evolve-2-0-graphic-jersey-m","status":"publish","type":"product","link":"https:\/\/shop.kustom.ch\/fr\/produit\/evolve-2-0-graphic-jersey-m\/","title":{"rendered":"Evolve 2.0 Graphic Jersey M"},"content":{"rendered":"<p>L'Evolve 2.0 Graphic Jersey est un maillot de joueur hautement respirant et performant. Il est dot\u00e9 de panneaux lat\u00e9raux en tricot jacquard a\u00e9r\u00e9 et d'un tissu interlock \u00e9vacuant l'humidit\u00e9 \u00e0 l'avant et \u00e0 l'arri\u00e8re, pour une respirabilit\u00e9, un confort et une r\u00e9gulation de la temp\u00e9rature corporelle exceptionnels pendant les matchs exigeants. Une impression graphique ton sur ton dynamique sur le devant ajoute une touche de modernit\u00e9 \u00e0 ce maillot et en fait un excellent choix pour les clubs et les \u00e9quipes qui souhaitent am\u00e9liorer leur identit\u00e9 visuelle.<\/p>\n<p>- Tissu l\u00e9ger en polyester recycl\u00e9 100 %<br \/>\n- Empi\u00e8cements lat\u00e9raux en tricot jacquard<br \/>\n- impression graphique sur le devant<br \/>\n- Coupe normale<\/p>\n<p>Mat\u00e9riau : Tissu principal : 100 % polyester recycl\u00e9<br \/>\nEmpi\u00e8cements lat\u00e9raux : 92 % polyester recycl\u00e9, 8 % \u00e9lasthanne<\/p>","protected":false},"excerpt":{"rendered":"<p>Das Evolve 2.0 Graphic Jersey ist ein hoch atmungsaktives, leistungsstarkes Spielertrikot. Es verf\u00fcgt \u00fcber bel\u00fcftete Jacquard-Strick-Seitenteile in Kombination mit feuchtigkeitstransportierendem Interlock-Material auf der Vorder- und R\u00fcckseite, was f\u00fcr hervorragende Atmungsaktivit\u00e4t, Komfort und Regulierung der K\u00f6rpertemperatur w\u00e4hrend anspruchsvoller Spiele sorgt. Ein dynamischer Ton-in-Ton-Grafikdruck auf der Vorderseite verleiht diesem Trikot einen modernen Touch und macht es zu [&hellip;]<\/p>\n","protected":false},"featured_media":704357,"template":"","meta":[],"product_brand":[],"product_cat":[4201],"product_tag":[],"class_list":{"0":"post-704315","1":"product","2":"type-product","3":"status-publish","4":"has-post-thumbnail","6":"product_cat-t-shirts","7":"pa_brand-craft","8":"pa_brand-type-sportswear","9":"pa_filter-color-blau","10":"pa_filter-color-gelb","11":"pa_filter-color-gruen","12":"pa_filter-color-rot","13":"pa_filter-color-schwarz","14":"pa_filter-color-weiss","16":"first","17":"instock","18":"sale","19":"taxable","20":"shipping-taxable","21":"purchasable","22":"product-type-variable","23":"add-to-wishlist-before_image"},"exclude_global_add_ons":[],"addons":[],"acf":[],"_links":{"self":[{"href":"https:\/\/shop.kustom.ch\/fr\/wp-json\/wp\/v2\/product\/704315"}],"collection":[{"href":"https:\/\/shop.kustom.ch\/fr\/wp-json\/wp\/v2\/product"}],"about":[{"href":"https:\/\/shop.kustom.ch\/fr\/wp-json\/wp\/v2\/types\/product"}],"wp:featuredmedia":[{"embeddable":true,"href":"https:\/\/shop.kustom.ch\/fr\/wp-json\/wp\/v2\/media\/704357"}],"wp:attachment":[{"href":"https:\/\/shop.kustom.ch\/fr\/wp-json\/wp\/v2\/media?parent=704315"}],"wp:term":[{"taxonomy":"product_brand","embeddable":true,"href":"https:\/\/shop.kustom.ch\/fr\/wp-json\/wp\/v2\/product_brand?post=704315"},{"taxonomy":"product_cat","embeddable":true,"href":"https:\/\/shop.kustom.ch\/fr\/wp-json\/wp\/v2\/product_cat?post=704315"},{"taxonomy":"product_tag","embeddable":true,"href":"https:\/\/shop.kustom.ch\/fr\/wp-json\/wp\/v2\/product_tag?post=704315"}],"curies":[{"name":"wp","href":"https:\/\/api.w.org\/{rel}","templated":true}]}}