{"id":704099,"date":"2026-03-18T17:41:05","date_gmt":"2026-03-18T16:41:05","guid":{"rendered":"https:\/\/shop.kustom.ch\/?post_type=product&#038;p=704099"},"modified":"2026-03-27T15:53:17","modified_gmt":"2026-03-27T14:53:17","slug":"rush-2-0-zip-tights-jr","status":"publish","type":"product","link":"https:\/\/shop.kustom.ch\/fr\/produit\/rush-2-0-zip-tights-jr\/","title":{"rendered":"Rush 2.0 Cuissards zipp\u00e9s JR"},"content":{"rendered":"<p>Les Rush 2.0 Zip Tights sont des pantalons l\u00e9gers et \u00e9lastiques avec des fermetures \u00e9clair lat\u00e9rales aux extr\u00e9mit\u00e9s des jambes qui permettent de les enfiler et de les retirer facilement. Fabriqu\u00e9s en polyester recycl\u00e9 et en \u00e9lasthanne, ces pantalons assurent une \u00e9vacuation efficace de l'humidit\u00e9 et une excellente libert\u00e9 de mouvement. Parfaits pour le branding avec les logos des clubs, des sponsors ou des entreprises.<\/p>\n<p>- Fabriqu\u00e9 \u00e0 partir de polyester recycl\u00e9 et d'\u00e9lasthanne<br \/>\n- Zip lat\u00e9ral au bas des jambes<br \/>\n- cordon de serrage \u00e0 la taille pour un ajustement optimal<br \/>\n- Coupe ajust\u00e9e<\/p>\n<p>Mati\u00e8re : 92 % polyester recycl\u00e9, 8 % \u00e9lasthanne<\/p>","protected":false},"excerpt":{"rendered":"<p>Die Rush 2.0 Zip Tights sind leichte, elastische Hosen mit seitlichen Reissverschl\u00fcssen an den Beinenden, die ein einfaches An- und Ausziehen erm\u00f6glichen. Die Hosen bestehen aus recyceltem Polyester und Elasthan und bieten einen effizienten Feuchtigkeitstransport sowie hervorragende Bewegungsfreiheit. Perfekt f\u00fcr das Branding mit Vereins-, Sponsoren- oder Firmenlogos. \u2022 Hergestellt aus recyceltem Polyester und Elasthan \u2022 [&hellip;]<\/p>\n","protected":false},"featured_media":704113,"template":"","meta":[],"product_brand":[],"product_cat":[4190],"product_tag":[],"class_list":{"0":"post-704099","1":"product","2":"type-product","3":"status-publish","4":"has-post-thumbnail","6":"product_cat-leggings","7":"pa_brand-craft","8":"pa_brand-type-sportswear","9":"pa_filter-color-schwarz","11":"first","12":"instock","13":"sale","14":"taxable","15":"shipping-taxable","16":"purchasable","17":"product-type-variable","18":"add-to-wishlist-before_image"},"exclude_global_add_ons":[],"addons":[],"acf":[],"_links":{"self":[{"href":"https:\/\/shop.kustom.ch\/fr\/wp-json\/wp\/v2\/product\/704099"}],"collection":[{"href":"https:\/\/shop.kustom.ch\/fr\/wp-json\/wp\/v2\/product"}],"about":[{"href":"https:\/\/shop.kustom.ch\/fr\/wp-json\/wp\/v2\/types\/product"}],"wp:featuredmedia":[{"embeddable":true,"href":"https:\/\/shop.kustom.ch\/fr\/wp-json\/wp\/v2\/media\/704113"}],"wp:attachment":[{"href":"https:\/\/shop.kustom.ch\/fr\/wp-json\/wp\/v2\/media?parent=704099"}],"wp:term":[{"taxonomy":"product_brand","embeddable":true,"href":"https:\/\/shop.kustom.ch\/fr\/wp-json\/wp\/v2\/product_brand?post=704099"},{"taxonomy":"product_cat","embeddable":true,"href":"https:\/\/shop.kustom.ch\/fr\/wp-json\/wp\/v2\/product_cat?post=704099"},{"taxonomy":"product_tag","embeddable":true,"href":"https:\/\/shop.kustom.ch\/fr\/wp-json\/wp\/v2\/product_tag?post=704099"}],"curies":[{"name":"wp","href":"https:\/\/api.w.org\/{rel}","templated":true}]}}