{"id":704016,"date":"2026-03-18T17:39:46","date_gmt":"2026-03-18T16:39:46","guid":{"rendered":"https:\/\/shop.kustom.ch\/?post_type=product&#038;p=704016"},"modified":"2026-03-27T15:52:46","modified_gmt":"2026-03-27T14:52:46","slug":"extend-2-0-shorts-m","status":"publish","type":"product","link":"https:\/\/shop.kustom.ch\/fr\/produit\/extend-2-0-shorts-m\/","title":{"rendered":"Short Extend 2.0 M"},"content":{"rendered":"<p>Le short Extend 2.0 est un short de match de haute qualit\u00e9, con\u00e7u pour les \u00e9quipes de football de haut niveau. Fabriqu\u00e9 en jacquard l\u00e9ger, ce short offre une excellente \u00e9vacuation de l'humidit\u00e9 pour que vous restiez au sec et \u00e0 l'aise m\u00eame lors des matchs les plus exigeants. Les bas de jambes soud\u00e9s assurent une finition soign\u00e9e, tandis que les fentes lat\u00e9rales am\u00e9liorent la libert\u00e9 de mouvement. <\/p>\n<p>- Tricot jacquard l\u00e9ger en 100 % de polyester recycl\u00e9<br \/>\n- Bas de jambes soud\u00e9s<br \/>\n- Fentes sur les c\u00f4t\u00e9s<br \/>\n- Coupe normale<\/p>\n<p>Mati\u00e8re : 100 % polyester recycl\u00e9<\/p>","protected":false},"excerpt":{"rendered":"<p>Die Extend 2.0 Shorts sind hochwertige Spielshorts, die f\u00fcr Spitzenfussballmannschaften entwickelt wurden. Die Shorts bestehen aus leichtem Jacquard-Material und bieten einen hervorragenden Feuchtigkeitstransport, damit Sie auch bei anspruchsvollen Spielen trocken bleiben und sich wohlf\u00fchlen. Die verschweissten Beinabschl\u00fcsse sorgen f\u00fcr einen sauberen Abschluss, w\u00e4hrend Seitenschlitze die Bewegungsfreiheit verbessern. \u2022 Leichtes Jacquard-Strickmaterial aus 100 % recyceltem Polyester [&hellip;]<\/p>\n","protected":false},"featured_media":704058,"template":"","meta":[],"product_brand":[],"product_cat":[4198],"product_tag":[],"class_list":{"0":"post-704016","1":"product","2":"type-product","3":"status-publish","4":"has-post-thumbnail","6":"product_cat-shorts","7":"pa_brand-craft","8":"pa_brand-type-sportswear","9":"pa_filter-color-blau","10":"pa_filter-color-schwarz","12":"first","13":"instock","14":"sale","15":"taxable","16":"shipping-taxable","17":"purchasable","18":"product-type-variable","19":"add-to-wishlist-before_image"},"exclude_global_add_ons":[],"addons":[],"acf":[],"_links":{"self":[{"href":"https:\/\/shop.kustom.ch\/fr\/wp-json\/wp\/v2\/product\/704016"}],"collection":[{"href":"https:\/\/shop.kustom.ch\/fr\/wp-json\/wp\/v2\/product"}],"about":[{"href":"https:\/\/shop.kustom.ch\/fr\/wp-json\/wp\/v2\/types\/product"}],"wp:featuredmedia":[{"embeddable":true,"href":"https:\/\/shop.kustom.ch\/fr\/wp-json\/wp\/v2\/media\/704058"}],"wp:attachment":[{"href":"https:\/\/shop.kustom.ch\/fr\/wp-json\/wp\/v2\/media?parent=704016"}],"wp:term":[{"taxonomy":"product_brand","embeddable":true,"href":"https:\/\/shop.kustom.ch\/fr\/wp-json\/wp\/v2\/product_brand?post=704016"},{"taxonomy":"product_cat","embeddable":true,"href":"https:\/\/shop.kustom.ch\/fr\/wp-json\/wp\/v2\/product_cat?post=704016"},{"taxonomy":"product_tag","embeddable":true,"href":"https:\/\/shop.kustom.ch\/fr\/wp-json\/wp\/v2\/product_tag?post=704016"}],"curies":[{"name":"wp","href":"https:\/\/api.w.org\/{rel}","templated":true}]}}