{"id":703859,"date":"2026-03-18T17:37:38","date_gmt":"2026-03-18T16:37:38","guid":{"rendered":"https:\/\/shop.kustom.ch\/?post_type=product&#038;p=703859"},"modified":"2026-03-27T15:33:28","modified_gmt":"2026-03-27T14:33:28","slug":"extend-2-0-anorak-w","status":"publish","type":"product","link":"https:\/\/shop.kustom.ch\/fr\/produit\/extend-2-0-anorak-w\/","title":{"rendered":"Anorak Extend 2.0 W"},"content":{"rendered":"<p>L'anorak Extend 2.0 est une veste ext\u00e9rieure d\u00e9perlante de haute qualit\u00e9 qui peut \u00eatre port\u00e9e par-dessus les v\u00eatements d'entra\u00eenement ou d'\u00e9chauffement lorsque les conditions m\u00e9t\u00e9orologiques sont changeantes. Cette veste anorak polyvalente est fabriqu\u00e9e dans un mat\u00e9riau \u00e0 deux couches qui offre une protection contre la pluie l\u00e9g\u00e8re et dispose d'une doublure en mesh fonctionnelle pour une \u00e9vacuation efficace de l'humidit\u00e9 lors des s\u00e9ances d'entra\u00eenement de haute intensit\u00e9. Un insert en mesh dans le dos am\u00e9liore la ventilation, tandis que la capuche r\u00e9glable offre une protection suppl\u00e9mentaire. L'anorak dispose \u00e9galement d'un ourlet \u00e9lastique avec cordon de serrage r\u00e9glable, de deux grandes poches zipp\u00e9es et d'une longue fermeture \u00e9clair \u00e0 mi-chemin sur le devant pour faciliter l'habillage et le d\u00e9shabillage.<\/p>\n<p>- Tissu 2 couches coupe-vent et d\u00e9perlant en polyester recycl\u00e9 et polyur\u00e9thane, WP 3000\/MVP 3000<br \/>\n- Doublure en mesh en polyester recycl\u00e9 100 %<br \/>\n- Insert en mesh a\u00e9r\u00e9 \u00e0 l'arri\u00e8re<br \/>\n- Longue demi-fermeture \u00e0 glissi\u00e8re sur le devant<br \/>\n- Capuche r\u00e9glable<br \/>\n- Deux grandes poches zipp\u00e9es \u00e0 l'avant<br \/>\n- \u00c9lastique avec cordon de serrage \u00e0 l'ourlet inf\u00e9rieur<br \/>\n- Coupe normale<\/p>\n<p>Mat\u00e9riau : Tissu ext\u00e9rieur avant : 100 % polyester recycl\u00e9<br \/>\nTissu ext\u00e9rieur arri\u00e8re : 100 % polyur\u00e9thane<br \/>\nDoublure : 100 % polyester recycl\u00e9<\/p>","protected":false},"excerpt":{"rendered":"<p>Der Extend 2.0 Anorak ist eine hochwertige, wasserabweisende Aussenjacke, die bei wechselhaften Wetterbedingungen \u00fcber Trainings- oder Aufw\u00e4rmkleidung getragen werden kann. Diese vielseitige Anorakjacke besteht aus einem 2-lagigen Material, das Schutz vor leichtem Regen bietet, und verf\u00fcgt \u00fcber ein funktionelles Mesh-Futter f\u00fcr einen effizienten Feuchtigkeitstransport bei hochintensiven Trainingseinheiten. Ein Mesh-Einsatz am R\u00fccken verbessert die Bel\u00fcftung, w\u00e4hrend [&hellip;]<\/p>\n","protected":false},"featured_media":703897,"template":"","meta":[],"product_brand":[],"product_cat":[4186],"product_tag":[],"class_list":{"0":"post-703859","1":"product","2":"type-product","3":"status-publish","4":"has-post-thumbnail","6":"product_cat-jacken","7":"pa_brand-craft","8":"pa_brand-type-sportswear","9":"pa_filter-color-schwarz","11":"first","12":"instock","13":"sale","14":"taxable","15":"shipping-taxable","16":"purchasable","17":"product-type-variable","18":"add-to-wishlist-before_image"},"exclude_global_add_ons":[],"addons":[],"acf":[],"_links":{"self":[{"href":"https:\/\/shop.kustom.ch\/fr\/wp-json\/wp\/v2\/product\/703859"}],"collection":[{"href":"https:\/\/shop.kustom.ch\/fr\/wp-json\/wp\/v2\/product"}],"about":[{"href":"https:\/\/shop.kustom.ch\/fr\/wp-json\/wp\/v2\/types\/product"}],"wp:featuredmedia":[{"embeddable":true,"href":"https:\/\/shop.kustom.ch\/fr\/wp-json\/wp\/v2\/media\/703897"}],"wp:attachment":[{"href":"https:\/\/shop.kustom.ch\/fr\/wp-json\/wp\/v2\/media?parent=703859"}],"wp:term":[{"taxonomy":"product_brand","embeddable":true,"href":"https:\/\/shop.kustom.ch\/fr\/wp-json\/wp\/v2\/product_brand?post=703859"},{"taxonomy":"product_cat","embeddable":true,"href":"https:\/\/shop.kustom.ch\/fr\/wp-json\/wp\/v2\/product_cat?post=703859"},{"taxonomy":"product_tag","embeddable":true,"href":"https:\/\/shop.kustom.ch\/fr\/wp-json\/wp\/v2\/product_tag?post=703859"}],"curies":[{"name":"wp","href":"https:\/\/api.w.org\/{rel}","templated":true}]}}