{"id":703804,"date":"2026-03-18T17:37:04","date_gmt":"2026-03-18T16:37:04","guid":{"rendered":"https:\/\/shop.kustom.ch\/?post_type=product&#038;p=703804"},"modified":"2026-03-27T15:32:38","modified_gmt":"2026-03-27T14:32:38","slug":"extend-2-0-full-zip-jacket-w","status":"publish","type":"product","link":"https:\/\/shop.kustom.ch\/fr\/produit\/extend-2-0-full-zip-jacket-w\/","title":{"rendered":"Veste Extend 2.0 Full Zip W"},"content":{"rendered":"<p>L'Extend 2.0 Full Zip Jacket est une veste midlayer performante, con\u00e7ue pour les \u00e9quipes et les athl\u00e8tes qui s'entra\u00eenent intensivement et jouent encore plus intens\u00e9ment. Fabriqu\u00e9e dans un mat\u00e9riau extensible qui \u00e9vacue l'humidit\u00e9, elle offre un confort et une libert\u00e9 de mouvement exceptionnels lors de l'\u00e9chauffement, des d\u00e9placements et des entra\u00eenements l\u00e9gers. Le tissu structur\u00e9 double face de la veste lui conf\u00e8re un look \u00e9l\u00e9gant et moderne sur et en dehors du terrain. Dot\u00e9e de poches lat\u00e9rales avec fermetures \u00e0 glissi\u00e8re dissimul\u00e9es pour un rangement s\u00fbr et d'une fermeture \u00e0 glissi\u00e8re invers\u00e9e sur toute la longueur \u00e0 l'avant, cette veste allie fonctionnalit\u00e9 et look \u00e9pur\u00e9 - id\u00e9al pour apposer le logo du club, du sponsor ou de l'\u00e9quipe.<\/p>\n<p>- Mati\u00e8re tr\u00e8s \u00e9lastique et fonctionnelle en polyester recycl\u00e9 et \u00e9lasthanne<br \/>\n- Mat\u00e9riau structur\u00e9 double face<br \/>\n- fermeture \u00e9clair sur toute la longueur \u00e0 l'avant<br \/>\n- Deux poches lat\u00e9rales avec fermeture \u00e9clair<br \/>\n- Coupe normale<\/p>\n<p>Mati\u00e8re : 80 % polyester recycl\u00e9, 20 % \u00e9lasthanne<\/p>","protected":false},"excerpt":{"rendered":"<p>Die Extend 2.0 Full Zip Jacket ist eine leistungsstarke Midlayer-Jacke, die f\u00fcr Teams und Athleten entwickelt wurde, die intensiv trainieren und noch intensiver spielen. Sie besteht aus dehnbarem, feuchtigkeitstransportierendem Material und bietet hervorragenden Komfort und Bewegungsfreiheit beim Aufw\u00e4rmen, auf Reisen und bei leichtem Training. Das doppelseitige, strukturierte Material der Jacke sorgt f\u00fcr einen eleganten, modernen [&hellip;]<\/p>\n","protected":false},"featured_media":703856,"template":"","meta":[],"product_brand":[],"product_cat":[4191],"product_tag":[],"class_list":{"0":"post-703804","1":"product","2":"type-product","3":"status-publish","4":"has-post-thumbnail","6":"product_cat-longsleeves-sweatshirts","7":"pa_brand-craft","8":"pa_brand-type-sportswear","9":"pa_filter-color-beige","10":"pa_filter-color-blau","11":"pa_filter-color-gruen","12":"pa_filter-color-schwarz","14":"first","15":"instock","16":"sale","17":"taxable","18":"shipping-taxable","19":"purchasable","20":"product-type-variable","21":"add-to-wishlist-before_image"},"exclude_global_add_ons":[],"addons":[],"acf":[],"_links":{"self":[{"href":"https:\/\/shop.kustom.ch\/fr\/wp-json\/wp\/v2\/product\/703804"}],"collection":[{"href":"https:\/\/shop.kustom.ch\/fr\/wp-json\/wp\/v2\/product"}],"about":[{"href":"https:\/\/shop.kustom.ch\/fr\/wp-json\/wp\/v2\/types\/product"}],"wp:featuredmedia":[{"embeddable":true,"href":"https:\/\/shop.kustom.ch\/fr\/wp-json\/wp\/v2\/media\/703856"}],"wp:attachment":[{"href":"https:\/\/shop.kustom.ch\/fr\/wp-json\/wp\/v2\/media?parent=703804"}],"wp:term":[{"taxonomy":"product_brand","embeddable":true,"href":"https:\/\/shop.kustom.ch\/fr\/wp-json\/wp\/v2\/product_brand?post=703804"},{"taxonomy":"product_cat","embeddable":true,"href":"https:\/\/shop.kustom.ch\/fr\/wp-json\/wp\/v2\/product_cat?post=703804"},{"taxonomy":"product_tag","embeddable":true,"href":"https:\/\/shop.kustom.ch\/fr\/wp-json\/wp\/v2\/product_tag?post=703804"}],"curies":[{"name":"wp","href":"https:\/\/api.w.org\/{rel}","templated":true}]}}