{"id":703639,"date":"2026-03-18T17:35:22","date_gmt":"2026-03-18T16:35:22","guid":{"rendered":"https:\/\/shop.kustom.ch\/?post_type=product&#038;p=703639"},"modified":"2026-03-27T15:30:26","modified_gmt":"2026-03-27T14:30:26","slug":"evolve-2-0-contrast-full-zip-jacket-m","status":"publish","type":"product","link":"https:\/\/shop.kustom.ch\/fr\/produit\/evolve-2-0-contrast-full-zip-jacket-m\/","title":{"rendered":"Veste Evolve 2.0 Contrast Full Zip M"},"content":{"rendered":"<p>La veste Evolve 2.0 Contrast Full Zip Jacket est une veste midlayer \u00e9lastique et r\u00e9sistante qui assure une excellente \u00e9vacuation de l'humidit\u00e9 lors des s\u00e9ances d'entra\u00eenement intensives. Cette veste polyvalente est fabriqu\u00e9e dans un tissu structur\u00e9 en polyester 100 % recycl\u00e9 et dispose d'empi\u00e8cements de couleur contrast\u00e9e sur les manches et les c\u00f4t\u00e9s. Compl\u00e9tant parfaitement la collection Evolve 2.0, cette veste pr\u00e9sente un design bicolore accrocheur, id\u00e9al pour les clubs et les \u00e9quipes qui souhaitent rafra\u00eechir leur look.<\/p>\n<p>- Tissu extensible et r\u00e9sistant en polyester recycl\u00e9 100 %<br \/>\n- Empi\u00e8cements de couleur contrast\u00e9e<br \/>\n- fermeture \u00e9clair sur toute la longueur \u00e0 l'avant<br \/>\n- Deux poches lat\u00e9rales avec fermeture \u00e9clair<br \/>\n- Coupe normale<\/p>\n<p>Mati\u00e8re : 100 % polyester recycl\u00e9<\/p>","protected":false},"excerpt":{"rendered":"<p>Die Evolve 2.0 Contrast Full Zip Jacket ist eine elastische und strapazierf\u00e4hige Midlayer-Jacke, die bei intensiven Trainingseinheiten f\u00fcr hervorragenden Feuchtigkeitstransport sorgt. Diese vielseitige Jacke besteht aus einem strukturierten Material aus 100 % recyceltem Polyester und verf\u00fcgt \u00fcber kontrastfarbene Eins\u00e4tze an den \u00c4rmeln und Seiten. Als perfekte Erg\u00e4nzung zur Evolve 2.0-Kollektion pr\u00e4sentiert sich die Jacke in [&hellip;]<\/p>\n","protected":false},"featured_media":703678,"template":"","meta":[],"product_brand":[],"product_cat":[4191],"product_tag":[],"class_list":{"0":"post-703639","1":"product","2":"type-product","3":"status-publish","4":"has-post-thumbnail","6":"product_cat-longsleeves-sweatshirts","7":"pa_brand-craft","8":"pa_brand-type-sportswear","9":"pa_filter-color-beige","10":"pa_filter-color-blau","11":"pa_filter-color-gruen","12":"pa_filter-color-rot","13":"pa_filter-color-schwarz","15":"first","16":"instock","17":"sale","18":"taxable","19":"shipping-taxable","20":"purchasable","21":"product-type-variable","22":"add-to-wishlist-before_image"},"exclude_global_add_ons":[],"addons":[],"acf":[],"_links":{"self":[{"href":"https:\/\/shop.kustom.ch\/fr\/wp-json\/wp\/v2\/product\/703639"}],"collection":[{"href":"https:\/\/shop.kustom.ch\/fr\/wp-json\/wp\/v2\/product"}],"about":[{"href":"https:\/\/shop.kustom.ch\/fr\/wp-json\/wp\/v2\/types\/product"}],"wp:featuredmedia":[{"embeddable":true,"href":"https:\/\/shop.kustom.ch\/fr\/wp-json\/wp\/v2\/media\/703678"}],"wp:attachment":[{"href":"https:\/\/shop.kustom.ch\/fr\/wp-json\/wp\/v2\/media?parent=703639"}],"wp:term":[{"taxonomy":"product_brand","embeddable":true,"href":"https:\/\/shop.kustom.ch\/fr\/wp-json\/wp\/v2\/product_brand?post=703639"},{"taxonomy":"product_cat","embeddable":true,"href":"https:\/\/shop.kustom.ch\/fr\/wp-json\/wp\/v2\/product_cat?post=703639"},{"taxonomy":"product_tag","embeddable":true,"href":"https:\/\/shop.kustom.ch\/fr\/wp-json\/wp\/v2\/product_tag?post=703639"}],"curies":[{"name":"wp","href":"https:\/\/api.w.org\/{rel}","templated":true}]}}