{"id":703590,"date":"2026-03-18T17:34:41","date_gmt":"2026-03-18T16:34:41","guid":{"rendered":"https:\/\/shop.kustom.ch\/?post_type=product&#038;p=703590"},"modified":"2026-03-27T15:29:04","modified_gmt":"2026-03-27T14:29:04","slug":"squad-go-weather-jacket-w","status":"publish","type":"product","link":"https:\/\/shop.kustom.ch\/fr\/produit\/squad-go-weather-jacket-w\/","title":{"rendered":"Veste Squad Go Weather W"},"content":{"rendered":"<p>La Squad Go Weather Jacket est une veste l\u00e9g\u00e8re, coupe-vent et imperm\u00e9able qui constitue un excellent basique pour toute garde-robe teamwear. Ce v\u00eatement polyvalent, fabriqu\u00e9 dans un mat\u00e9riau tiss\u00e9 et fonctionnel, offre une excellente protection contre les intemp\u00e9ries et une \u00e9vacuation efficace de l'humidit\u00e9, pour que vous restiez au sec et \u00e0 l'aise m\u00eame dans des conditions humides. Il est \u00e9galement dot\u00e9 de deux poches lat\u00e9rales zipp\u00e9es et d'une capuche qui peut \u00eatre rang\u00e9e correctement \u00e0 l'aide d'un cordon de serrage dans le dos. Parfait pour le marquage avec le logo du club, du sponsor ou de l'entreprise.<\/p>\n<p>- Tissu l\u00e9ger, coupe-vent et d\u00e9perlant en polyester recycl\u00e9 (face avant) et polyur\u00e9thane (face arri\u00e8re)<br \/>\n- Deux poches lat\u00e9rales avec fermeture \u00e9clair<br \/>\n- cordon \u00e9lastique \u00e0 l'arri\u00e8re pour ranger la capuche<br \/>\n- Coupe normale<\/p>\n<p>Mat\u00e9riau : recto : 100 % polyester recycl\u00e9<br \/>\nFace arri\u00e8re : 100 % polyur\u00e9thane<\/p>","protected":false},"excerpt":{"rendered":"<p>Die Squad Go Weather Jacket ist eine leichte, wind- und wasserabweisende Jacke, die ein hervorragendes Basic f\u00fcr jede Teamwear-Garderobe darstellt. Dieses vielseitige Kleidungsst\u00fcck aus einem gewebten, funktionellen Material bietet ausgezeichneten Wetterschutz und effizienten Feuchtigkeitstransport, damit Sie auch bei nassen Bedingungen trocken bleiben und sich wohlf\u00fchlen. Zu den weiteren Merkmalen geh\u00f6ren zwei Seitentaschen mit Reissverschluss und [&hellip;]<\/p>\n","protected":false},"featured_media":703637,"template":"","meta":[],"product_brand":[],"product_cat":[4186],"product_tag":[],"class_list":{"0":"post-703590","1":"product","2":"type-product","3":"status-publish","4":"has-post-thumbnail","6":"product_cat-jacken","7":"pa_brand-craft","8":"pa_brand-type-sportswear","9":"pa_filter-color-blau","10":"pa_filter-color-schwarz","12":"first","13":"instock","14":"sale","15":"taxable","16":"shipping-taxable","17":"purchasable","18":"product-type-variable","19":"add-to-wishlist-before_image"},"exclude_global_add_ons":[],"addons":[],"acf":[],"_links":{"self":[{"href":"https:\/\/shop.kustom.ch\/fr\/wp-json\/wp\/v2\/product\/703590"}],"collection":[{"href":"https:\/\/shop.kustom.ch\/fr\/wp-json\/wp\/v2\/product"}],"about":[{"href":"https:\/\/shop.kustom.ch\/fr\/wp-json\/wp\/v2\/types\/product"}],"wp:featuredmedia":[{"embeddable":true,"href":"https:\/\/shop.kustom.ch\/fr\/wp-json\/wp\/v2\/media\/703637"}],"wp:attachment":[{"href":"https:\/\/shop.kustom.ch\/fr\/wp-json\/wp\/v2\/media?parent=703590"}],"wp:term":[{"taxonomy":"product_brand","embeddable":true,"href":"https:\/\/shop.kustom.ch\/fr\/wp-json\/wp\/v2\/product_brand?post=703590"},{"taxonomy":"product_cat","embeddable":true,"href":"https:\/\/shop.kustom.ch\/fr\/wp-json\/wp\/v2\/product_cat?post=703590"},{"taxonomy":"product_tag","embeddable":true,"href":"https:\/\/shop.kustom.ch\/fr\/wp-json\/wp\/v2\/product_tag?post=703590"}],"curies":[{"name":"wp","href":"https:\/\/api.w.org\/{rel}","templated":true}]}}