{"id":703545,"date":"2026-03-18T17:34:06","date_gmt":"2026-03-18T16:34:06","guid":{"rendered":"https:\/\/shop.kustom.ch\/?post_type=product&#038;p=703545"},"modified":"2026-03-27T13:46:39","modified_gmt":"2026-03-27T12:46:39","slug":"endur-aero-bib-shorts-c1-w","status":"publish","type":"product","link":"https:\/\/shop.kustom.ch\/fr\/produit\/endur-aero-bib-shorts-c1-w\/","title":{"rendered":"Endur Aero Bib Short C1 W"},"content":{"rendered":"<p>Les Endur Aero Bib Shorts C1 sont des cuissards de cyclisme professionnels qui offrent un excellent a\u00e9rodynamisme pour les cyclistes exigeants qui recherchent une vitesse maximale.<\/p>\n<p>Le cuissard est fabriqu\u00e9 dans un tissu polyamide haute performance avec une \u00e9lasticit\u00e9 quadridirectionnelle qui r\u00e9duit les vibrations musculaires et concentre la puissance pour un contr\u00f4le et des performances optimales. De plus, le tissu assure une excellente \u00e9vacuation de l'humidit\u00e9 afin de garantir une gestion optimale de la temp\u00e9rature corporelle lors de la pratique du v\u00e9lo \u00e0 haute intensit\u00e9. Le short cycliste dispose \u00e9galement d'un design a\u00e9rodynamique avec un nombre r\u00e9duit de coutures et des panneaux Bodymap pour un flux d'air optimal et une r\u00e9sistance minimale.<br \/>\nL'Infinity C1 Pad pour femmes a \u00e9t\u00e9 sp\u00e9cialement con\u00e7u pour les coureuses et offre un super confort m\u00eame lors de courses longues et exigeantes. De plus, son design unique avec fermeture \u00e0 crochet fait en sorte que tu n'aies plus de probl\u00e8mes lorsque tu dois aller aux toilettes et fait de chaque passage aux toilettes une chose rapide et sans stress.<\/p>\n<p>Infinity C1 Pad - fonctionnalit\u00e9 et confort exceptionnels<br \/>\nLe pad Infinity C1 offre des fonctions et un confort de pointe pour des performances de haut niveau. Avec les mat\u00e9riaux les plus fins et les derni\u00e8res innovations, y compris les ailes lat\u00e9rales incurv\u00e9es et le bonnet avant, le pad offre un confort exceptionnel pour les pilotes les plus exigeants. Le tissu de surface du pad est en polyamide recycl\u00e9 italien exclusif et dispose d'un design de tricotage innovant qui cr\u00e9e de grands espaces ouverts dans les cellules qui absorbent l'humidit\u00e9 et assurent une \u00e9vacuation efficace de l'humidit\u00e9. De plus, un tissu de support perfor\u00e9 est plac\u00e9 sur la face inf\u00e9rieure du pad afin de r\u00e9duire les frottements avec le short. Lors du p\u00e9dalage, cela permet de laisser le pad bouger ind\u00e9pendamment du short et de suivre uniquement les mouvements du corps. En outre, le rembourrage est compos\u00e9 d'une mousse biosourc\u00e9e \u00e0 base de graines de ricin.<\/p>\n<p>- Tissu Body Control \u00e0 \u00e9lasticit\u00e9 quadridirectionnelle en polyamide et \u00e9lasthanne<br \/>\n- Nombre r\u00e9duit de coutures pour optimiser le flux d'air<br \/>\n- Le silicone aux extr\u00e9mit\u00e9s des jambes maintient le short de cyclisme en place<br \/>\n- Pieds extra longs avec extr\u00e9mit\u00e9s coup\u00e9es \u00e0 vif<br \/>\n- Pantalon de cyclisme avec des trous d\u00e9coup\u00e9s au laser pour une super respirabilit\u00e9 et un grand confort<br \/>\n- La fermeture \u00e0 crochet \u00e0 l'arri\u00e8re facilite le passage aux toilettes<br \/>\n- C1 Pad Femmes<\/p>","protected":false},"excerpt":{"rendered":"<p>Endur Aero Bib Shorts C1 sind professionelle Radlerhosen, die hervorragende Aerodynamik f\u00fcr anspruchsvolle Fahrer bieten, die maximale Geschwindigkeit anstreben. Die Radhose ist aus einem leistungsstarken Polyamid-Material mit 4-Wege-Elastizit\u00e4t gemacht, das Muskelvibrationen reduziert und die Kraft f\u00fcr optimale Kontrolle und Leistung b\u00fcndelt. Dar\u00fcber hinaus sorgt das Gewebe f\u00fcr einen hervorragenden Feuchtigkeitstransport, um ein optimales K\u00f6rpertemperaturmanagement beim [&hellip;]<\/p>\n","protected":false},"featured_media":703588,"template":"","meta":[],"product_brand":[],"product_cat":[4198],"product_tag":[],"class_list":{"0":"post-703545","1":"product","2":"type-product","3":"status-publish","4":"has-post-thumbnail","6":"product_cat-shorts","7":"pa_brand-craft","8":"pa_brand-type-sportswear","9":"pa_filter-color-schwarz","11":"first","12":"instock","13":"sale","14":"taxable","15":"shipping-taxable","16":"purchasable","17":"product-type-variable","18":"add-to-wishlist-before_image"},"exclude_global_add_ons":[],"addons":[],"acf":[],"_links":{"self":[{"href":"https:\/\/shop.kustom.ch\/fr\/wp-json\/wp\/v2\/product\/703545"}],"collection":[{"href":"https:\/\/shop.kustom.ch\/fr\/wp-json\/wp\/v2\/product"}],"about":[{"href":"https:\/\/shop.kustom.ch\/fr\/wp-json\/wp\/v2\/types\/product"}],"wp:featuredmedia":[{"embeddable":true,"href":"https:\/\/shop.kustom.ch\/fr\/wp-json\/wp\/v2\/media\/703588"}],"wp:attachment":[{"href":"https:\/\/shop.kustom.ch\/fr\/wp-json\/wp\/v2\/media?parent=703545"}],"wp:term":[{"taxonomy":"product_brand","embeddable":true,"href":"https:\/\/shop.kustom.ch\/fr\/wp-json\/wp\/v2\/product_brand?post=703545"},{"taxonomy":"product_cat","embeddable":true,"href":"https:\/\/shop.kustom.ch\/fr\/wp-json\/wp\/v2\/product_cat?post=703545"},{"taxonomy":"product_tag","embeddable":true,"href":"https:\/\/shop.kustom.ch\/fr\/wp-json\/wp\/v2\/product_tag?post=703545"}],"curies":[{"name":"wp","href":"https:\/\/api.w.org\/{rel}","templated":true}]}}