{"id":703511,"date":"2026-03-18T17:33:30","date_gmt":"2026-03-18T16:33:30","guid":{"rendered":"https:\/\/shop.kustom.ch\/?post_type=product&#038;p=703511"},"modified":"2026-03-27T13:44:56","modified_gmt":"2026-03-27T12:44:56","slug":"hypervent-structure-shorts-w","status":"publish","type":"product","link":"https:\/\/shop.kustom.ch\/fr\/produit\/hypervent-structure-shorts-w\/","title":{"rendered":"Short Hypervent Structure W"},"content":{"rendered":"<p>Les shorts Hypervent Structure sont des shorts de course performants, con\u00e7us pour la plupart des types d'entra\u00eenement intensif, offrant une excellente ventilation et une excellente libert\u00e9 de mouvement.<\/p>\n<p>Ce short est compos\u00e9 d'un tissu polyester tiss\u00e9 tr\u00e8s extensible avec une surface structur\u00e9e Jacquard qui offre \u00e0 la fois performance et style. La taille \u00e9lastique avec cordon de serrage r\u00e9glable assure un ajustement parfait et les fentes lat\u00e9rales hautes augmentent la libert\u00e9 de mouvement. Le short dispose \u00e9galement d'un slip int\u00e9rieur de soutien et de deux poches int\u00e9rieures pour ranger facilement les cl\u00e9s et les gels.<\/p>\n<p>- Tissu stretch tiss\u00e9 en polyester recycl\u00e9 et \u00e9lasthanne<br \/>\n- surface structur\u00e9e Jacquard<br \/>\n- Slip int\u00e9rieur l\u00e9ger<br \/>\n- Cordon de serrage r\u00e9glable \u00e0 la taille<br \/>\n- Deux poches int\u00e9rieures<br \/>\n- Fentes lat\u00e9rales hautes<br \/>\n- Ourlet soud\u00e9<br \/>\n- Coupe normale<\/p>","protected":false},"excerpt":{"rendered":"<p>Hypervent Structure Shorts sind leistungsstarke Laufshorts, die f\u00fcr die meisten intensiven Trainingsarten entwickelt wurden und hervorragende Bel\u00fcftung und exzellente Bewegungsfreiheit bieten. Diese Shorts besteht aus einem gewebten Polyestergewebe mit grossem Stretch und einer Jacquard-strukturierten Oberfl\u00e4che, die Leistung und Stil gleichermassen bietet. Elastischer Bund mit verstellbarem Kordelzug sorgt f\u00fcr perfekten Sitz, hohe Seitenschlitze erh\u00f6hen die Bewegungsfreiheit. [&hellip;]<\/p>\n","protected":false},"featured_media":703573,"template":"","meta":[],"product_brand":[],"product_cat":[4198],"product_tag":[],"class_list":{"0":"post-703511","1":"product","2":"type-product","3":"status-publish","4":"has-post-thumbnail","6":"product_cat-shorts","7":"pa_brand-craft","8":"pa_brand-type-sportswear","9":"pa_filter-color-schwarz","10":"pa_filter-color-weiss","12":"first","13":"instock","14":"sale","15":"taxable","16":"shipping-taxable","17":"purchasable","18":"product-type-variable","19":"add-to-wishlist-before_image"},"exclude_global_add_ons":[],"addons":[],"acf":[],"_links":{"self":[{"href":"https:\/\/shop.kustom.ch\/fr\/wp-json\/wp\/v2\/product\/703511"}],"collection":[{"href":"https:\/\/shop.kustom.ch\/fr\/wp-json\/wp\/v2\/product"}],"about":[{"href":"https:\/\/shop.kustom.ch\/fr\/wp-json\/wp\/v2\/types\/product"}],"wp:featuredmedia":[{"embeddable":true,"href":"https:\/\/shop.kustom.ch\/fr\/wp-json\/wp\/v2\/media\/703573"}],"wp:attachment":[{"href":"https:\/\/shop.kustom.ch\/fr\/wp-json\/wp\/v2\/media?parent=703511"}],"wp:term":[{"taxonomy":"product_brand","embeddable":true,"href":"https:\/\/shop.kustom.ch\/fr\/wp-json\/wp\/v2\/product_brand?post=703511"},{"taxonomy":"product_cat","embeddable":true,"href":"https:\/\/shop.kustom.ch\/fr\/wp-json\/wp\/v2\/product_cat?post=703511"},{"taxonomy":"product_tag","embeddable":true,"href":"https:\/\/shop.kustom.ch\/fr\/wp-json\/wp\/v2\/product_tag?post=703511"}],"curies":[{"name":"wp","href":"https:\/\/api.w.org\/{rel}","templated":true}]}}