{"id":703510,"date":"2026-03-18T17:33:30","date_gmt":"2026-03-18T16:33:30","guid":{"rendered":"https:\/\/shop.kustom.ch\/?post_type=product&#038;p=703510"},"modified":"2026-03-27T13:43:44","modified_gmt":"2026-03-27T12:43:44","slug":"endur-singlet-w","status":"publish","type":"product","link":"https:\/\/shop.kustom.ch\/fr\/produit\/endur-singlet-w\/","title":{"rendered":"D\u00e9bardeur Endur W"},"content":{"rendered":"<p>Le singlet Endur est un singlet de cyclisme doux, extensible et fonctionnel pour faire du v\u00e9lo dans des conditions chaudes.<\/p>\n<p>Ce singlet de cyclisme polyvalent est fabriqu\u00e9 en polyester recycl\u00e9 et dispose de bretelles brutes pour une coupe fine et confortable. Deux poches arri\u00e8re permettent d'acc\u00e9der facilement \u00e0 l'essentiel, tandis que la pince \u00e9lastique en silicone sur l'ourlet arri\u00e8re maintient le maillot en place lors des sorties intensives. Un bon choix pour le v\u00e9lo de course par les chaudes journ\u00e9es d'\u00e9t\u00e9 ou les sessions intensives de spinning en salle.<\/p>\n<p>- Tissu fonctionnel en polyester recycl\u00e9 100 %<br \/>\n- Tissu li\u00e9 en haut du dos<br \/>\n- bandouli\u00e8res coup\u00e9es \u00e0 cru<br \/>\n- Grippeur \u00e9lastique en silicone sur l'ourlet arri\u00e8re<br \/>\n- Deux poches arri\u00e8re<br \/>\n- Coupe ajust\u00e9e<\/p>","protected":false},"excerpt":{"rendered":"<p>Endur Singlet ist ein weiches, dehnbares und funktionelles Bike-Singlet f\u00fcr das Radfahren bei warmen Bedingungen. Dieses vielseitige Bike-Singlet besteht aus recyceltem Polyester und verf\u00fcgt \u00fcber roh geschnittene Schultergurte f\u00fcr eine schlanke und bequeme Passform. Zwei Ges\u00e4sstaschen bieten einfachen Zugang zum Wesentlichsten, w\u00e4hrend der elastische Silikongreifer am hinteren Saum das Singlet bei intensiven Fahrten an Ort [&hellip;]<\/p>\n","protected":false},"featured_media":703559,"template":"","meta":[],"product_brand":[],"product_cat":[4202],"product_tag":[],"class_list":{"0":"post-703510","1":"product","2":"type-product","3":"status-publish","4":"has-post-thumbnail","6":"product_cat-tank-tops","7":"pa_brand-craft","8":"pa_brand-type-sportswear","9":"pa_filter-color-orange","10":"pa_filter-color-schwarz","12":"first","13":"instock","14":"sale","15":"taxable","16":"shipping-taxable","17":"purchasable","18":"product-type-variable","19":"add-to-wishlist-before_image"},"exclude_global_add_ons":[],"addons":[],"acf":[],"_links":{"self":[{"href":"https:\/\/shop.kustom.ch\/fr\/wp-json\/wp\/v2\/product\/703510"}],"collection":[{"href":"https:\/\/shop.kustom.ch\/fr\/wp-json\/wp\/v2\/product"}],"about":[{"href":"https:\/\/shop.kustom.ch\/fr\/wp-json\/wp\/v2\/types\/product"}],"wp:featuredmedia":[{"embeddable":true,"href":"https:\/\/shop.kustom.ch\/fr\/wp-json\/wp\/v2\/media\/703559"}],"wp:attachment":[{"href":"https:\/\/shop.kustom.ch\/fr\/wp-json\/wp\/v2\/media?parent=703510"}],"wp:term":[{"taxonomy":"product_brand","embeddable":true,"href":"https:\/\/shop.kustom.ch\/fr\/wp-json\/wp\/v2\/product_brand?post=703510"},{"taxonomy":"product_cat","embeddable":true,"href":"https:\/\/shop.kustom.ch\/fr\/wp-json\/wp\/v2\/product_cat?post=703510"},{"taxonomy":"product_tag","embeddable":true,"href":"https:\/\/shop.kustom.ch\/fr\/wp-json\/wp\/v2\/product_tag?post=703510"}],"curies":[{"name":"wp","href":"https:\/\/api.w.org\/{rel}","templated":true}]}}