{"id":703451,"date":"2026-03-18T17:32:47","date_gmt":"2026-03-18T16:32:47","guid":{"rendered":"https:\/\/shop.kustom.ch\/?post_type=product&#038;p=703451"},"modified":"2026-03-27T13:41:10","modified_gmt":"2026-03-27T12:41:10","slug":"everyday-ss-jersey-m","status":"publish","type":"product","link":"https:\/\/shop.kustom.ch\/fr\/produit\/everyday-ss-jersey-m\/","title":{"rendered":"Everyday SS Jersey M"},"content":{"rendered":"<p>Le maillot Everyday SS est un maillot de cyclisme doux, \u00e9lastique et fonctionnel, con\u00e7u pour les passionn\u00e9s de cyclisme de tous niveaux.<\/p>\n<p>Ce maillot de cyclisme fonctionnel est fabriqu\u00e9 en polyester recycl\u00e9 100 % et offre une excellente \u00e9vacuation de l'humidit\u00e9 ainsi qu'un grand confort pour les trajets quotidiens. De plus, ce maillot est dot\u00e9 d'une fermeture \u00e9clair sur toute la longueur du devant, de trois poches arri\u00e8re et d'un gripper \u00e9lastique au bas de l'ourlet pour un maintien s\u00fbr.<\/p>\n<p>- Tissu fonctionnel et \u00e9lastique en polyester recycl\u00e9 100 %<br \/>\n- fermeture \u00e9clair frontale sur toute la longueur<br \/>\n- Trois poches arri\u00e8re<br \/>\n- Grippeur \u00e9lastique avec silicone \u00e0 l'int\u00e9rieur de l'ourlet inf\u00e9rieur<br \/>\n- Coupe normale<\/p>","protected":false},"excerpt":{"rendered":"<p>Das Everyday SS Jersey ist ein weiches, elastisches und funktionelles Radtrikot, das f\u00fcr Radsportbegeisterte aller Leistungsstufen entwickelt wurde. Dieses funktionelle Radtrikot besteht aus 100 % recyceltem Polyester und bietet einen hervorragenden Feuchtigkeitstransport sowie hohen Tragekomfort bei t\u00e4glichen Fahrten. Dar\u00fcber hinaus verf\u00fcgt das Trikot \u00fcber einen durchgehenden Frontreissverschluss, drei R\u00fcckentaschen und einen elastischen Gripper am unteren [&hellip;]<\/p>\n","protected":false},"featured_media":703475,"template":"","meta":[],"product_brand":[],"product_cat":[4201],"product_tag":[],"class_list":{"0":"post-703451","1":"product","2":"type-product","3":"status-publish","4":"has-post-thumbnail","6":"product_cat-t-shirts","7":"pa_brand-craft","8":"pa_brand-type-sportswear","9":"pa_filter-color-blau","10":"pa_filter-color-orange","11":"pa_filter-color-schwarz","12":"pa_filter-color-weiss","14":"first","15":"instock","16":"sale","17":"taxable","18":"shipping-taxable","19":"purchasable","20":"product-type-variable","21":"add-to-wishlist-before_image"},"exclude_global_add_ons":[],"addons":[],"acf":[],"_links":{"self":[{"href":"https:\/\/shop.kustom.ch\/fr\/wp-json\/wp\/v2\/product\/703451"}],"collection":[{"href":"https:\/\/shop.kustom.ch\/fr\/wp-json\/wp\/v2\/product"}],"about":[{"href":"https:\/\/shop.kustom.ch\/fr\/wp-json\/wp\/v2\/types\/product"}],"wp:featuredmedia":[{"embeddable":true,"href":"https:\/\/shop.kustom.ch\/fr\/wp-json\/wp\/v2\/media\/703475"}],"wp:attachment":[{"href":"https:\/\/shop.kustom.ch\/fr\/wp-json\/wp\/v2\/media?parent=703451"}],"wp:term":[{"taxonomy":"product_brand","embeddable":true,"href":"https:\/\/shop.kustom.ch\/fr\/wp-json\/wp\/v2\/product_brand?post=703451"},{"taxonomy":"product_cat","embeddable":true,"href":"https:\/\/shop.kustom.ch\/fr\/wp-json\/wp\/v2\/product_cat?post=703451"},{"taxonomy":"product_tag","embeddable":true,"href":"https:\/\/shop.kustom.ch\/fr\/wp-json\/wp\/v2\/product_tag?post=703451"}],"curies":[{"name":"wp","href":"https:\/\/api.w.org\/{rel}","templated":true}]}}