{"id":703410,"date":"2026-03-18T17:32:11","date_gmt":"2026-03-18T16:32:11","guid":{"rendered":"https:\/\/shop.kustom.ch\/?post_type=product&#038;p=703410"},"modified":"2026-03-27T13:39:44","modified_gmt":"2026-03-27T12:39:44","slug":"everyday-shorts-with-pad-m","status":"publish","type":"product","link":"https:\/\/shop.kustom.ch\/fr\/produit\/everyday-shorts-with-pad-m\/","title":{"rendered":"Short Everyday avec pad M"},"content":{"rendered":"<p>Les shorts Everyday avec pad sont des cuissards souples \u00e0 la coupe normale, con\u00e7us pour diff\u00e9rentes courses - par exemple pour le gravel, le tout-terrain et le cyclisme quotidien. Ils constituent \u00e9galement une excellente option pour les cyclistes qui pr\u00e9f\u00e8rent les shorts aux cuissards.<\/p>\n<p>Le pantalon de cyclisme est fabriqu\u00e9 dans un tissu robuste avec une super ventilation et poss\u00e8de un pantalon int\u00e9rieur amovible avec un pad Infinity C4. Deux poches avant zipp\u00e9es permettent de ranger en toute s\u00e9curit\u00e9 les cl\u00e9s et autres objets importants.<\/p>\n<p>- Mat\u00e9riau hautement fonctionnel en polyamide recycl\u00e9 et \u00e9lasthanne<br \/>\n- Inserts amovibles pour le v\u00e9lo<br \/>\n- Deux poches lat\u00e9rales avec fermeture \u00e9clair<br \/>\n- Impressions et \u00e9l\u00e9ments r\u00e9fl\u00e9chissants<br \/>\n- Infinity C4 Pad Hommes<br \/>\n- Coupe normale<\/p>","protected":false},"excerpt":{"rendered":"<p>Die Everyday Shorts mit Pad sind weiche Radhosen mit normaler Passform, die f\u00fcr verschiedene Fahrten gedacht sind \u2013 zum Beispiel f\u00fcr Gravel, All-Terrain und den t\u00e4glichen Radverkehr. Sie sind auch eine ausgezeichnete Option f\u00fcr Fahrer, die Shorts gegen\u00fcber Tights bevorzugen. Die Radhose ist aus einem robusten Stoff mit super Bel\u00fcftung und hat eine herausnehmbare Innenhose [&hellip;]<\/p>\n","protected":false},"featured_media":703432,"template":"","meta":[],"product_brand":[],"product_cat":[4198],"product_tag":[],"class_list":{"0":"post-703410","1":"product","2":"type-product","3":"status-publish","4":"has-post-thumbnail","6":"product_cat-shorts","7":"pa_brand-craft","8":"pa_brand-type-sportswear","9":"pa_filter-color-gruen","10":"pa_filter-color-schwarz","12":"first","13":"instock","14":"sale","15":"taxable","16":"shipping-taxable","17":"purchasable","18":"product-type-variable","19":"add-to-wishlist-before_image"},"exclude_global_add_ons":[],"addons":[],"acf":[],"_links":{"self":[{"href":"https:\/\/shop.kustom.ch\/fr\/wp-json\/wp\/v2\/product\/703410"}],"collection":[{"href":"https:\/\/shop.kustom.ch\/fr\/wp-json\/wp\/v2\/product"}],"about":[{"href":"https:\/\/shop.kustom.ch\/fr\/wp-json\/wp\/v2\/types\/product"}],"wp:featuredmedia":[{"embeddable":true,"href":"https:\/\/shop.kustom.ch\/fr\/wp-json\/wp\/v2\/media\/703432"}],"wp:attachment":[{"href":"https:\/\/shop.kustom.ch\/fr\/wp-json\/wp\/v2\/media?parent=703410"}],"wp:term":[{"taxonomy":"product_brand","embeddable":true,"href":"https:\/\/shop.kustom.ch\/fr\/wp-json\/wp\/v2\/product_brand?post=703410"},{"taxonomy":"product_cat","embeddable":true,"href":"https:\/\/shop.kustom.ch\/fr\/wp-json\/wp\/v2\/product_cat?post=703410"},{"taxonomy":"product_tag","embeddable":true,"href":"https:\/\/shop.kustom.ch\/fr\/wp-json\/wp\/v2\/product_tag?post=703410"}],"curies":[{"name":"wp","href":"https:\/\/api.w.org\/{rel}","templated":true}]}}