{"id":703364,"date":"2026-03-18T17:31:35","date_gmt":"2026-03-18T16:31:35","guid":{"rendered":"https:\/\/shop.kustom.ch\/?post_type=product&#038;p=703364"},"modified":"2026-03-27T13:39:23","modified_gmt":"2026-03-27T12:39:23","slug":"hypervent-skirt-w","status":"publish","type":"product","link":"https:\/\/shop.kustom.ch\/fr\/produit\/hypervent-skirt-w\/","title":{"rendered":"Jupe Hypervent W"},"content":{"rendered":"<p>Hypervent Skirt est une jupe de course performante pour un entra\u00eenement intensif lors des chaudes journ\u00e9es d'\u00e9t\u00e9.  <\/p>\n<p>Cette jupe de course avanc\u00e9e est fabriqu\u00e9e dans un tissu extensible l\u00e9ger, tiss\u00e9 et perfor\u00e9, et offre une ventilation exceptionnelle lors d'une course intensive dans des conditions chaudes. Des collants int\u00e9rieurs doux et \u00e9lastiques maintiennent la jupe en place, tandis qu'une taille \u00e9lastique avec un cordon de serrage r\u00e9glable assure un ajustement parfait. De nombreuses poches offrent un rangement s\u00fbr et pratique pour les cl\u00e9s, les gels, le t\u00e9l\u00e9phone et autres objets importants.<\/p>\n<p>- Tissu tiss\u00e9 et perfor\u00e9 en polyester recycl\u00e9 et \u00e9lasthanne<br \/>\n- perforation allover pour une meilleure a\u00e9ration<br \/>\n- Cuissard court int\u00e9rieur en jersey doux<br \/>\n- Ceinture \u00e9lastique avec cordon de serrage r\u00e9glable<br \/>\n- Grande poche arri\u00e8re avec fermeture \u00e9clair dissimul\u00e9e<br \/>\n- poche pour t\u00e9l\u00e9phone portable sur les deux jambes (collant int\u00e9rieur)<br \/>\n- Deux petites poches int\u00e9rieures \u00e0 l'arri\u00e8re<br \/>\n- Fente courte sur les c\u00f4t\u00e9s<br \/>\n- Coupe normale<\/p>","protected":false},"excerpt":{"rendered":"<p>Hypervent Skirt ist ein leistungsstarker Laufrock f\u00fcr intensives Training an heissen Sommertagen. Dieser fortschrittliche Laufrock ist aus einem leichten, gewebten und perforierten Stretchmaterial gefertigt und bietet aussergew\u00f6hnliche Bel\u00fcftung bei intensivem Laufen bei warmen Bedingungen. Weiche, elastische Innen-Tights halten den Rock an Ort und Stelle, w\u00e4hrend ein elastischer Bund mit verstellbarem Kordelzug f\u00fcr eine perfekte Passform [&hellip;]<\/p>\n","protected":false},"featured_media":703397,"template":"","meta":[],"product_brand":[],"product_cat":[4194],"product_tag":[],"class_list":{"0":"post-703364","1":"product","2":"type-product","3":"status-publish","4":"has-post-thumbnail","6":"product_cat-roecke","7":"pa_brand-craft","8":"pa_brand-type-sportswear","9":"pa_filter-color-blau","10":"pa_filter-color-schwarz","12":"first","13":"instock","14":"sale","15":"taxable","16":"shipping-taxable","17":"purchasable","18":"product-type-variable","19":"add-to-wishlist-before_image"},"exclude_global_add_ons":[],"addons":[],"acf":[],"_links":{"self":[{"href":"https:\/\/shop.kustom.ch\/fr\/wp-json\/wp\/v2\/product\/703364"}],"collection":[{"href":"https:\/\/shop.kustom.ch\/fr\/wp-json\/wp\/v2\/product"}],"about":[{"href":"https:\/\/shop.kustom.ch\/fr\/wp-json\/wp\/v2\/types\/product"}],"wp:featuredmedia":[{"embeddable":true,"href":"https:\/\/shop.kustom.ch\/fr\/wp-json\/wp\/v2\/media\/703397"}],"wp:attachment":[{"href":"https:\/\/shop.kustom.ch\/fr\/wp-json\/wp\/v2\/media?parent=703364"}],"wp:term":[{"taxonomy":"product_brand","embeddable":true,"href":"https:\/\/shop.kustom.ch\/fr\/wp-json\/wp\/v2\/product_brand?post=703364"},{"taxonomy":"product_cat","embeddable":true,"href":"https:\/\/shop.kustom.ch\/fr\/wp-json\/wp\/v2\/product_cat?post=703364"},{"taxonomy":"product_tag","embeddable":true,"href":"https:\/\/shop.kustom.ch\/fr\/wp-json\/wp\/v2\/product_tag?post=703364"}],"curies":[{"name":"wp","href":"https:\/\/api.w.org\/{rel}","templated":true}]}}