{"id":703329,"date":"2026-03-18T17:30:40","date_gmt":"2026-03-18T16:30:40","guid":{"rendered":"https:\/\/shop.kustom.ch\/?post_type=product&#038;p=703329"},"modified":"2026-03-27T13:38:20","modified_gmt":"2026-03-27T12:38:20","slug":"everyday-wool-ss-tee-m","status":"publish","type":"product","link":"https:\/\/shop.kustom.ch\/fr\/produit\/everyday-wool-ss-tee-m\/","title":{"rendered":"Tee Everyday Wool SS M"},"content":{"rendered":"<p>Everyday Wool Tee est un t-shirt de cyclisme fonctionnel qui fonctionne aussi bien comme couche ext\u00e9rieure lorsque les temp\u00e9ratures sont douces que comme couche interm\u00e9diaire sous une veste de cyclisme lorsque les conditions sont plus fra\u00eeches.<\/p>\n<p>Ce maillot de cyclisme polyvalent est dot\u00e9 d'un tissu doux et \u00e9lastique en laine m\u00e9rinos et en polyester recycl\u00e9. La laine m\u00e9rinos apporte de la chaleur, tandis que le polyester assure une \u00e9vacuation efficace de l'humidit\u00e9. En outre, le v\u00eatement poss\u00e8de une poche lat\u00e9rale zipp\u00e9e et un dos l\u00e9g\u00e8rement inclin\u00e9. Con\u00e7u pour le chemin du travail, le v\u00e9lo \u00e9lectrique et les trajets quotidiens.<\/p>\n<p>- Tissu doux et \u00e9lastique en polyester recycl\u00e9 et laine m\u00e9rinos<br \/>\n- 20 % Laine m\u00e9rinos<br \/>\n- L\u00e9g\u00e8rement inclin\u00e9 vers l'arri\u00e8re<br \/>\n- Poche lat\u00e9rale avec fermeture \u00e9clair<br \/>\n- Coupe normale<\/p>","protected":false},"excerpt":{"rendered":"<p>Everyday Wool Tee ist ein funktionelles Bike-T-Shirt, das sowohl als Aussenschicht bei milderen Temperaturen als auch als Zwischenschicht unter einer Bikejacke bei k\u00fchleren Bedingungen funktioniert. Dieses vielseitige Radtrikot verf\u00fcgt \u00fcber ein weiches, elastisches Gewebe aus Merinowolle und recyceltem Polyester. Die Merinowolle spendet W\u00e4rme, w\u00e4hrend der Polyester f\u00fcr einen effizienten Feuchtigkeitstransport sorgt. Dar\u00fcber hinaus hat das [&hellip;]<\/p>\n","protected":false},"featured_media":703363,"template":"","meta":[],"product_brand":[],"product_cat":[4201],"product_tag":[],"class_list":{"0":"post-703329","1":"product","2":"type-product","3":"status-publish","4":"has-post-thumbnail","6":"product_cat-t-shirts","7":"pa_brand-craft","8":"pa_brand-type-sportswear","9":"pa_filter-color-blau","10":"pa_filter-color-violet","12":"first","13":"instock","14":"sale","15":"taxable","16":"shipping-taxable","17":"purchasable","18":"product-type-variable","19":"add-to-wishlist-before_image"},"exclude_global_add_ons":[],"addons":[],"acf":[],"_links":{"self":[{"href":"https:\/\/shop.kustom.ch\/fr\/wp-json\/wp\/v2\/product\/703329"}],"collection":[{"href":"https:\/\/shop.kustom.ch\/fr\/wp-json\/wp\/v2\/product"}],"about":[{"href":"https:\/\/shop.kustom.ch\/fr\/wp-json\/wp\/v2\/types\/product"}],"wp:featuredmedia":[{"embeddable":true,"href":"https:\/\/shop.kustom.ch\/fr\/wp-json\/wp\/v2\/media\/703363"}],"wp:attachment":[{"href":"https:\/\/shop.kustom.ch\/fr\/wp-json\/wp\/v2\/media?parent=703329"}],"wp:term":[{"taxonomy":"product_brand","embeddable":true,"href":"https:\/\/shop.kustom.ch\/fr\/wp-json\/wp\/v2\/product_brand?post=703329"},{"taxonomy":"product_cat","embeddable":true,"href":"https:\/\/shop.kustom.ch\/fr\/wp-json\/wp\/v2\/product_cat?post=703329"},{"taxonomy":"product_tag","embeddable":true,"href":"https:\/\/shop.kustom.ch\/fr\/wp-json\/wp\/v2\/product_tag?post=703329"}],"curies":[{"name":"wp","href":"https:\/\/api.w.org\/{rel}","templated":true}]}}