{"id":703328,"date":"2026-03-18T17:30:40","date_gmt":"2026-03-18T16:30:40","guid":{"rendered":"https:\/\/shop.kustom.ch\/?post_type=product&#038;p=703328"},"modified":"2026-03-27T13:37:58","modified_gmt":"2026-03-27T12:37:58","slug":"everyday-bike-liner-shorts-w","status":"publish","type":"product","link":"https:\/\/shop.kustom.ch\/fr\/produit\/everyday-bike-liner-shorts-w\/","title":{"rendered":"Short Everyday Bike Liner W"},"content":{"rendered":"<p>Les shorts Everyday Bike Liner sont des shorts int\u00e9rieurs l\u00e9gers qui peuvent \u00eatre port\u00e9s sous ton short ample ou lorsque tu as besoin d'un peu plus de rembourrage sous ton short ou ton pantalon de v\u00e9lo normal.<\/p>\n<p>Fabriqu\u00e9s en polyamide recycl\u00e9 et en \u00e9lasthanne, ces cuissards fonctionnels offrent une \u00e9vacuation efficace de l'humidit\u00e9 et un excellent maintien. Le pad Infinity C4 offre un amorti confortable, tandis que la taille et les bas de jambes \u00e9lastiques assurent un maintien s\u00fbr.<\/p>\n<p>- Mati\u00e8re l\u00e9g\u00e8re et respirante en polyamide recycl\u00e9 et \u00e9lasthanne<br \/>\n- \u00c9lastique \u00e0 la taille<br \/>\n- \u00c9lastique avec logo en silicone au bas des jambes<br \/>\n- Infinity C4 Pad Femmes<br \/>\n- Coupe ajust\u00e9e<\/p>","protected":false},"excerpt":{"rendered":"<p>Everyday Bike Liner Shorts sind leichte Innenshorts, die unter deinen locker sitzenden Shorts getragen werden k\u00f6nnen oder wenn du etwas mehr Polsterung unter deinen normalen Fahrradshorts oder -hosen brauchst. Aus recyceltem Polyamid und Elasthan gefertigt, bieten diese funktionalen Bikeliner einen effizienten Feuchtigkeitstransport und eine hervorragende Passform. Das Infinity C4 Pad bietet bequeme D\u00e4mpfung, w\u00e4hrend elastische [&hellip;]<\/p>\n","protected":false},"featured_media":703356,"template":"","meta":[],"product_brand":[],"product_cat":[4198],"product_tag":[],"class_list":{"0":"post-703328","1":"product","2":"type-product","3":"status-publish","4":"has-post-thumbnail","6":"product_cat-shorts","7":"pa_brand-craft","8":"pa_brand-type-sportswear","9":"pa_filter-color-schwarz","11":"first","12":"instock","13":"sale","14":"taxable","15":"shipping-taxable","16":"purchasable","17":"product-type-variable","18":"add-to-wishlist-before_image"},"exclude_global_add_ons":[],"addons":[],"acf":[],"_links":{"self":[{"href":"https:\/\/shop.kustom.ch\/fr\/wp-json\/wp\/v2\/product\/703328"}],"collection":[{"href":"https:\/\/shop.kustom.ch\/fr\/wp-json\/wp\/v2\/product"}],"about":[{"href":"https:\/\/shop.kustom.ch\/fr\/wp-json\/wp\/v2\/types\/product"}],"wp:featuredmedia":[{"embeddable":true,"href":"https:\/\/shop.kustom.ch\/fr\/wp-json\/wp\/v2\/media\/703356"}],"wp:attachment":[{"href":"https:\/\/shop.kustom.ch\/fr\/wp-json\/wp\/v2\/media?parent=703328"}],"wp:term":[{"taxonomy":"product_brand","embeddable":true,"href":"https:\/\/shop.kustom.ch\/fr\/wp-json\/wp\/v2\/product_brand?post=703328"},{"taxonomy":"product_cat","embeddable":true,"href":"https:\/\/shop.kustom.ch\/fr\/wp-json\/wp\/v2\/product_cat?post=703328"},{"taxonomy":"product_tag","embeddable":true,"href":"https:\/\/shop.kustom.ch\/fr\/wp-json\/wp\/v2\/product_tag?post=703328"}],"curies":[{"name":"wp","href":"https:\/\/api.w.org\/{rel}","templated":true}]}}