{"id":703274,"date":"2026-03-18T17:29:30","date_gmt":"2026-03-18T16:29:30","guid":{"rendered":"https:\/\/shop.kustom.ch\/?post_type=product&#038;p=703274"},"modified":"2026-03-27T13:36:37","modified_gmt":"2026-03-27T12:36:37","slug":"race-day-singlet-2-m","status":"publish","type":"product","link":"https:\/\/shop.kustom.ch\/fr\/produit\/race-day-singlet-2-m\/","title":{"rendered":"Maillot Race Day 2 M"},"content":{"rendered":"<p>Race Day Singlet 2 est un singlet de course haute performance qui permet aux athl\u00e8tes d'\u00e9lite exigeants de repousser leurs limites au plus haut niveau de la course de fond.<\/p>\n<p>Con\u00e7u pour conqu\u00e9rir les marathons les plus prestigieux du monde, ce maillot hautement fonctionnel aux perforations strat\u00e9giquement plac\u00e9es offre une \u00e9vacuation exceptionnelle de l'humidit\u00e9 et une meilleure ventilation lors de la course intensive. Con\u00e7u pour les performances de haut niveau, ce d\u00e9bardeur est dot\u00e9 d'ourlets surpiqu\u00e9s au niveau du cou et des emmanchures qui minimisent les frottements afin que tu puisses te concentrer pleinement sur ton rythme et ta forme.<\/p>\n<p>- Tissu jersey fin et tr\u00e8s l\u00e9ger en polyester recycl\u00e9 et \u00e9lasthanne<br \/>\n- perforations le long des emmanchures<br \/>\n- Logo perfor\u00e9 sur tout le dos<br \/>\n- Design arri\u00e8re Racer<br \/>\n- Les ourlets coll\u00e9s au niveau du cou et des emmanchures minimisent les frottements<br \/>\n- Ourlet piqu\u00e9 sur le bas<br \/>\n- Fentes lat\u00e9rales<br \/>\n- Coupe normale<\/p>","protected":false},"excerpt":{"rendered":"<p>Race Day Singlet 2 ist ein Hight-Performance-Lauf-Singlet, das anspruchsvollen Elitesportlern erm\u00f6glicht, ihre Grenzen auf h\u00f6chstem Niveau des Langstreckenlaufs auszureizen. Dieses hochfunktionelle Trikot mit strategisch platzierten Perforationen wurde entwickelt, um die prestigetr\u00e4chtigsten Marathons der Welt zu erobern und bietet einen aussergew\u00f6hnlichen Feuchtigkeitstransport und verbesserte Bel\u00fcftung bei intensivem Laufen. Das Singlet wurde f\u00fcr Spitzenleistungen entwickelt und hat [&hellip;]<\/p>\n","protected":false},"featured_media":703313,"template":"","meta":[],"product_brand":[],"product_cat":[4202],"product_tag":[],"class_list":{"0":"post-703274","1":"product","2":"type-product","3":"status-publish","4":"has-post-thumbnail","6":"product_cat-tank-tops","7":"pa_brand-craft","8":"pa_brand-type-sportswear","9":"pa_filter-color-schwarz","10":"pa_filter-color-weiss","12":"first","13":"instock","14":"sale","15":"taxable","16":"shipping-taxable","17":"purchasable","18":"product-type-variable","19":"add-to-wishlist-before_image"},"exclude_global_add_ons":[],"addons":[],"acf":[],"_links":{"self":[{"href":"https:\/\/shop.kustom.ch\/fr\/wp-json\/wp\/v2\/product\/703274"}],"collection":[{"href":"https:\/\/shop.kustom.ch\/fr\/wp-json\/wp\/v2\/product"}],"about":[{"href":"https:\/\/shop.kustom.ch\/fr\/wp-json\/wp\/v2\/types\/product"}],"wp:featuredmedia":[{"embeddable":true,"href":"https:\/\/shop.kustom.ch\/fr\/wp-json\/wp\/v2\/media\/703313"}],"wp:attachment":[{"href":"https:\/\/shop.kustom.ch\/fr\/wp-json\/wp\/v2\/media?parent=703274"}],"wp:term":[{"taxonomy":"product_brand","embeddable":true,"href":"https:\/\/shop.kustom.ch\/fr\/wp-json\/wp\/v2\/product_brand?post=703274"},{"taxonomy":"product_cat","embeddable":true,"href":"https:\/\/shop.kustom.ch\/fr\/wp-json\/wp\/v2\/product_cat?post=703274"},{"taxonomy":"product_tag","embeddable":true,"href":"https:\/\/shop.kustom.ch\/fr\/wp-json\/wp\/v2\/product_tag?post=703274"}],"curies":[{"name":"wp","href":"https:\/\/api.w.org\/{rel}","templated":true}]}}