{"id":703181,"date":"2026-03-18T17:28:19","date_gmt":"2026-03-18T16:28:19","guid":{"rendered":"https:\/\/shop.kustom.ch\/?post_type=product&#038;p=703181"},"modified":"2026-03-27T13:34:48","modified_gmt":"2026-03-27T12:34:48","slug":"race-day-ss-tee-2-m","status":"publish","type":"product","link":"https:\/\/shop.kustom.ch\/fr\/produit\/race-day-ss-tee-2-m\/","title":{"rendered":"Tee Race Day SS 2 M"},"content":{"rendered":"<p>Le Race Day Tee 2 est un maillot de course haute performance qui aide les athl\u00e8tes d'\u00e9lite exigeants \u00e0 repousser leurs limites lors des courses de longue distance.<\/p>\n<p>Ce t-shirt professionnel a \u00e9t\u00e9 con\u00e7u pour affronter les marathons les plus prestigieux du monde. Il est compos\u00e9 d'un jersey super fonctionnel avec des perforations intelligemment plac\u00e9es qui assurent une superbe \u00e9vacuation de l'humidit\u00e9 et une meilleure ventilation lors des courses intensives. Con\u00e7u pour les performances de haut niveau, ce t-shirt est \u00e9galement dot\u00e9 d'ourlets coll\u00e9s au niveau du cou, des poignets et de l'ourlet, qui minimisent les frottements afin que tu puisses te concentrer sur ton rythme et ta forme.<\/p>\n<p>- Tissu jersey fin et tr\u00e8s l\u00e9ger en polyester recycl\u00e9 et \u00e9lasthanne<br \/>\n- Perforations plac\u00e9es de mani\u00e8re strat\u00e9gique<br \/>\n- Les ourlets coll\u00e9s au niveau du cou, des poignets et du bas minimisent les frottements.<br \/>\n- Fentes lat\u00e9rales<br \/>\n- Coupe normale<\/p>","protected":false},"excerpt":{"rendered":"<p>Das Race Day Tee 2 ist ein High-Performance-Laufshirt, das anspruchsvollen Eliteathleten hilft, beim Langstreckenlauf ihre Grenzen zu pushen. Dieses Profi-T-Shirt wurde entwickelt, um die renommiertesten Marathons der Welt zu rocken. Es besteht aus einem superfunktionellen Jersey mit clever platzierten Perforationen, die f\u00fcr einen tollen Feuchtigkeitstransport und bessere Bel\u00fcftung beim intensiven Laufen sorgen. Das T-Shirt ist [&hellip;]<\/p>\n","protected":false},"featured_media":703209,"template":"","meta":[],"product_brand":[],"product_cat":[4201],"product_tag":[],"class_list":{"0":"post-703181","1":"product","2":"type-product","3":"status-publish","4":"has-post-thumbnail","6":"product_cat-t-shirts","7":"pa_brand-craft","8":"pa_brand-type-sportswear","9":"pa_filter-color-gelb","10":"pa_filter-color-schwarz","12":"first","13":"instock","14":"sale","15":"taxable","16":"shipping-taxable","17":"purchasable","18":"product-type-variable","19":"add-to-wishlist-before_image"},"exclude_global_add_ons":[],"addons":[],"acf":[],"_links":{"self":[{"href":"https:\/\/shop.kustom.ch\/fr\/wp-json\/wp\/v2\/product\/703181"}],"collection":[{"href":"https:\/\/shop.kustom.ch\/fr\/wp-json\/wp\/v2\/product"}],"about":[{"href":"https:\/\/shop.kustom.ch\/fr\/wp-json\/wp\/v2\/types\/product"}],"wp:featuredmedia":[{"embeddable":true,"href":"https:\/\/shop.kustom.ch\/fr\/wp-json\/wp\/v2\/media\/703209"}],"wp:attachment":[{"href":"https:\/\/shop.kustom.ch\/fr\/wp-json\/wp\/v2\/media?parent=703181"}],"wp:term":[{"taxonomy":"product_brand","embeddable":true,"href":"https:\/\/shop.kustom.ch\/fr\/wp-json\/wp\/v2\/product_brand?post=703181"},{"taxonomy":"product_cat","embeddable":true,"href":"https:\/\/shop.kustom.ch\/fr\/wp-json\/wp\/v2\/product_cat?post=703181"},{"taxonomy":"product_tag","embeddable":true,"href":"https:\/\/shop.kustom.ch\/fr\/wp-json\/wp\/v2\/product_tag?post=703181"}],"curies":[{"name":"wp","href":"https:\/\/api.w.org\/{rel}","templated":true}]}}