{"id":703141,"date":"2026-03-18T17:27:05","date_gmt":"2026-03-18T16:27:05","guid":{"rendered":"https:\/\/shop.kustom.ch\/?post_type=product&#038;p=703141"},"modified":"2026-03-27T13:34:45","modified_gmt":"2026-03-27T12:34:45","slug":"everyday-hz-ss-jersey-m","status":"publish","type":"product","link":"https:\/\/shop.kustom.ch\/fr\/produit\/everyday-hz-ss-jersey-m\/","title":{"rendered":"Everyday HZ SS Jersey M"},"content":{"rendered":"<p>Le Everyday HZ SS Jersey est un maillot doux, extensible et fonctionnel avec une demi-fermeture \u00e9clair, fait pour tous les fans de VTT et de gravel bike. <\/p>\n<p>Ce maillot en polyester recycl\u00e9 offre un excellent transfert d'humidit\u00e9 et une bonne gestion de la temp\u00e9rature corporelle. Une courte fermeture \u00e9clair frontale assure une ventilation suppl\u00e9mentaire, tandis qu'une poche lat\u00e9rale zipp\u00e9e plaqu\u00e9e permet de ranger en toute s\u00e9curit\u00e9 les cl\u00e9s, les barres \u00e9nerg\u00e9tiques et autres objets importants.<\/p>\n<p>- Mat\u00e9riau \u00e9lastique et pratique en polyester recycl\u00e9<br \/>\n- Zip frontal court<br \/>\n- Poche lat\u00e9rale avec fermeture \u00e9clair<br \/>\n- L'\u00e9lastique \u00e0 l'ourlet arri\u00e8re maintient le maillot en place<br \/>\n- Coupe normale<\/p>","protected":false},"excerpt":{"rendered":"<p>Das Everyday HZ SS Jersey ist ein weiches, dehnbares und funktionales Jersey mit halbem Reissverschluss, das f\u00fcr alle MTB- und Gravel-Bike-Fans gemacht ist. Das Trikot aus recyceltem Polyester bietet einen hervorragenden Feuchtigkeitstransport und ein gutes K\u00f6rpertemperaturmanagement. Ein kurzer Frontreissverschluss sorgt f\u00fcr zus\u00e4tzliche Bel\u00fcftung, w\u00e4hrend eine aufgesetzte Reissverschluss-Seitentasche eine sichere Aufbewahrung von Schl\u00fcsseln, Energieriegeln und anderen [&hellip;]<\/p>\n","protected":false},"featured_media":703190,"template":"","meta":[],"product_brand":[],"product_cat":[4201],"product_tag":[],"class_list":{"0":"post-703141","1":"product","2":"type-product","3":"status-publish","4":"has-post-thumbnail","6":"product_cat-t-shirts","7":"pa_brand-craft","8":"pa_brand-type-sportswear","9":"pa_filter-color-blau","10":"pa_filter-color-orange","11":"pa_filter-color-weiss","13":"first","14":"instock","15":"sale","16":"taxable","17":"shipping-taxable","18":"purchasable","19":"product-type-variable","20":"add-to-wishlist-before_image"},"exclude_global_add_ons":[],"addons":[],"acf":[],"_links":{"self":[{"href":"https:\/\/shop.kustom.ch\/fr\/wp-json\/wp\/v2\/product\/703141"}],"collection":[{"href":"https:\/\/shop.kustom.ch\/fr\/wp-json\/wp\/v2\/product"}],"about":[{"href":"https:\/\/shop.kustom.ch\/fr\/wp-json\/wp\/v2\/types\/product"}],"wp:featuredmedia":[{"embeddable":true,"href":"https:\/\/shop.kustom.ch\/fr\/wp-json\/wp\/v2\/media\/703190"}],"wp:attachment":[{"href":"https:\/\/shop.kustom.ch\/fr\/wp-json\/wp\/v2\/media?parent=703141"}],"wp:term":[{"taxonomy":"product_brand","embeddable":true,"href":"https:\/\/shop.kustom.ch\/fr\/wp-json\/wp\/v2\/product_brand?post=703141"},{"taxonomy":"product_cat","embeddable":true,"href":"https:\/\/shop.kustom.ch\/fr\/wp-json\/wp\/v2\/product_cat?post=703141"},{"taxonomy":"product_tag","embeddable":true,"href":"https:\/\/shop.kustom.ch\/fr\/wp-json\/wp\/v2\/product_tag?post=703141"}],"curies":[{"name":"wp","href":"https:\/\/api.w.org\/{rel}","templated":true}]}}