{"id":703139,"date":"2026-03-18T17:27:05","date_gmt":"2026-03-18T16:27:05","guid":{"rendered":"https:\/\/shop.kustom.ch\/?post_type=product&#038;p=703139"},"modified":"2026-04-24T07:59:40","modified_gmt":"2026-04-24T06:59:40","slug":"hypervent-short-tights-w","status":"publish","type":"product","link":"https:\/\/shop.kustom.ch\/fr\/produit\/hypervent-short-tights-w\/","title":{"rendered":"Collant court Hypervent W"},"content":{"rendered":"<p>Les collants Hypervent Short Tights sont des collants de course professionnels con\u00e7us pour la course \u00e0 pied au plus haut niveau. <\/p>\n<p>Ces collants courts performants sont fabriqu\u00e9s en jersey de polyester recycl\u00e9, qui offre une excellente ventilation et une bonne \u00e9vacuation de l'humidit\u00e9. De plus, ils sont dot\u00e9s d'une large ceinture avec cordon de serrage r\u00e9glable, de trois poches arri\u00e8re perfor\u00e9es et d'une poche sur la jambe avec fermeture \u00e9clair, dans laquelle tu peux ranger tout ce dont tu as besoin pour les longues courses.<\/p>\n<p>- Tissu jersey fin et respirant en polyester recycl\u00e9 et \u00e9lasthanne<br \/>\n- Large ceinture \u00e9lastique avec cordon de serrage r\u00e9glable<br \/>\n- Trois poches arri\u00e8re perfor\u00e9es<br \/>\n- poche sur la jambe avec fermeture \u00e9clair<br \/>\n- Le silicone aux extr\u00e9mit\u00e9s des jambes maintient le collant en place<\/p>","protected":false},"excerpt":{"rendered":"<p>Hypervent Short Tights sind Profi-Lauf-Tights, die f\u00fcr das Laufen auf h\u00f6chstem Niveau entwickelt wurden. Diese leistungsstarken kurzen Tights sind aus recyceltem Polyester-Jersey gemacht, das super Bel\u00fcftung und Feuchtigkeitstransport bietet. Dar\u00fcber hinaus haben die Tights einen breiten, gebondeten Bund mit verstellbarem Kordelzug, drei perforierte Ges\u00e4sstaschen und eine Beintasche mit Reissverschluss, in der du alles N\u00f6tige f\u00fcr [&hellip;]<\/p>\n","protected":false},"featured_media":703167,"template":"","meta":[],"product_brand":[],"product_cat":[4190],"product_tag":[],"class_list":{"0":"post-703139","1":"product","2":"type-product","3":"status-publish","4":"has-post-thumbnail","6":"product_cat-leggings","7":"pa_brand-craft","8":"pa_brand-type-sportswear","9":"pa_filter-color-blau","10":"pa_filter-color-schwarz","12":"first","13":"instock","14":"sale","15":"taxable","16":"shipping-taxable","17":"purchasable","18":"product-type-variable","19":"add-to-wishlist-before_image"},"exclude_global_add_ons":[],"addons":[],"acf":[],"_links":{"self":[{"href":"https:\/\/shop.kustom.ch\/fr\/wp-json\/wp\/v2\/product\/703139"}],"collection":[{"href":"https:\/\/shop.kustom.ch\/fr\/wp-json\/wp\/v2\/product"}],"about":[{"href":"https:\/\/shop.kustom.ch\/fr\/wp-json\/wp\/v2\/types\/product"}],"wp:featuredmedia":[{"embeddable":true,"href":"https:\/\/shop.kustom.ch\/fr\/wp-json\/wp\/v2\/media\/703167"}],"wp:attachment":[{"href":"https:\/\/shop.kustom.ch\/fr\/wp-json\/wp\/v2\/media?parent=703139"}],"wp:term":[{"taxonomy":"product_brand","embeddable":true,"href":"https:\/\/shop.kustom.ch\/fr\/wp-json\/wp\/v2\/product_brand?post=703139"},{"taxonomy":"product_cat","embeddable":true,"href":"https:\/\/shop.kustom.ch\/fr\/wp-json\/wp\/v2\/product_cat?post=703139"},{"taxonomy":"product_tag","embeddable":true,"href":"https:\/\/shop.kustom.ch\/fr\/wp-json\/wp\/v2\/product_tag?post=703139"}],"curies":[{"name":"wp","href":"https:\/\/api.w.org\/{rel}","templated":true}]}}