{"id":703100,"date":"2026-03-18T17:26:00","date_gmt":"2026-03-18T16:26:00","guid":{"rendered":"https:\/\/shop.kustom.ch\/?post_type=product&#038;p=703100"},"modified":"2026-03-27T13:33:04","modified_gmt":"2026-03-27T12:33:04","slug":"everyday-bike-liner-boxer-m","status":"publish","type":"product","link":"https:\/\/shop.kustom.ch\/fr\/produit\/everyday-bike-liner-boxer-m\/","title":{"rendered":"Everyday Bike Liner Boxer M"},"content":{"rendered":"<p>Les boxers Everyday Bike Liner sont des boxers l\u00e9gers qui peuvent \u00eatre port\u00e9s sous tes shorts amples ou lorsque tu as besoin d'un peu plus de rembourrage sous tes shorts ou pantalons de v\u00e9lo normaux.<\/p>\n<p>Fabriqu\u00e9s en polyamide recycl\u00e9 et en \u00e9lasthanne, ces cuissards fonctionnels offrent une \u00e9vacuation efficace de l'humidit\u00e9 et un excellent ajustement. Le pad Infinity C6 offre un amorti confortable, tandis que la taille et les bas de jambes \u00e9lastiques assurent un maintien s\u00fbr.<\/p>\n<p>- Mati\u00e8re l\u00e9g\u00e8re et respirante en polyamide recycl\u00e9 et \u00e9lasthanne<br \/>\n- \u00c9lastique \u00e0 la taille<br \/>\n- \u00c9lastique avec logo en silicone au bas des jambes<br \/>\n- Infinity C6 Pad Hommes<br \/>\n- Coupe ajust\u00e9e<\/p>","protected":false},"excerpt":{"rendered":"<p>Everyday Bike Liner Boxer sind leichte Boxerslips, die unter deinen lockeren Shorts getragen werden k\u00f6nnen oder wenn du ein bisschen mehr Polsterung unter deinen normalen Bike Shorts oder Hosen brauchst. Aus recyceltem Polyamid und Elasthan gefertigt, bieten diese funktionalen Bikeliner einen effizienten Feuchtigkeitstransport und eine hervorragende Passform. Das Infinity C6-Pad bietet eine komfortable D\u00e4mpfung, w\u00e4hrend [&hellip;]<\/p>\n","protected":false},"featured_media":703116,"template":"","meta":[],"product_brand":[],"product_cat":[4206],"product_tag":[],"class_list":{"0":"post-703100","1":"product","2":"type-product","3":"status-publish","4":"has-post-thumbnail","6":"product_cat-underwear","7":"pa_brand-craft","8":"pa_brand-type-sportswear","9":"pa_filter-color-schwarz","11":"first","12":"instock","13":"sale","14":"taxable","15":"shipping-taxable","16":"purchasable","17":"product-type-variable","18":"add-to-wishlist-before_image"},"exclude_global_add_ons":[],"addons":[],"acf":[],"_links":{"self":[{"href":"https:\/\/shop.kustom.ch\/fr\/wp-json\/wp\/v2\/product\/703100"}],"collection":[{"href":"https:\/\/shop.kustom.ch\/fr\/wp-json\/wp\/v2\/product"}],"about":[{"href":"https:\/\/shop.kustom.ch\/fr\/wp-json\/wp\/v2\/types\/product"}],"wp:featuredmedia":[{"embeddable":true,"href":"https:\/\/shop.kustom.ch\/fr\/wp-json\/wp\/v2\/media\/703116"}],"wp:attachment":[{"href":"https:\/\/shop.kustom.ch\/fr\/wp-json\/wp\/v2\/media?parent=703100"}],"wp:term":[{"taxonomy":"product_brand","embeddable":true,"href":"https:\/\/shop.kustom.ch\/fr\/wp-json\/wp\/v2\/product_brand?post=703100"},{"taxonomy":"product_cat","embeddable":true,"href":"https:\/\/shop.kustom.ch\/fr\/wp-json\/wp\/v2\/product_cat?post=703100"},{"taxonomy":"product_tag","embeddable":true,"href":"https:\/\/shop.kustom.ch\/fr\/wp-json\/wp\/v2\/product_tag?post=703100"}],"curies":[{"name":"wp","href":"https:\/\/api.w.org\/{rel}","templated":true}]}}