{"id":703048,"date":"2026-03-18T17:25:20","date_gmt":"2026-03-18T16:25:20","guid":{"rendered":"https:\/\/shop.kustom.ch\/?post_type=product&#038;p=703048"},"modified":"2026-03-27T13:33:02","modified_gmt":"2026-03-27T12:33:02","slug":"hypervent-tights-w","status":"publish","type":"product","link":"https:\/\/shop.kustom.ch\/fr\/produit\/hypervent-tights-w\/","title":{"rendered":"Collant Hypervent W"},"content":{"rendered":"<p>Les collants Hypervent sont des collants de course professionnels con\u00e7us pour la course \u00e0 pied au plus haut niveau. <\/p>\n<p>Ces collants performants sont fabriqu\u00e9s en jersey polyamide\/\u00e9lasthanne recycl\u00e9 et offrent une super ventilation et une bonne \u00e9vacuation de l'humidit\u00e9. En outre, le collant dispose d'une large ceinture coll\u00e9e pour un maintien et un confort optimaux, d'une poche t\u00e9l\u00e9phone sur la jambe droite et de trois poches arri\u00e8re perfor\u00e9es pour ranger les objets importants pour les longues courses. Une impression r\u00e9fl\u00e9chissante \u00e0 l'int\u00e9rieur de l'ourlet inf\u00e9rieur peut \u00eatre relev\u00e9e pour une meilleure visibilit\u00e9.<\/p>\n<p>- Tissu en jersey fin et respirant en polyamide recycl\u00e9 et \u00e9lasthanne<br \/>\n- Large ceinture \u00e9lastique<br \/>\n- Trois poches arri\u00e8re perfor\u00e9es<br \/>\n- Poche pour t\u00e9l\u00e9phone portable sur la jambe droite<br \/>\n- Mat\u00e9riau perfor\u00e9 sur les jambes<br \/>\n- Impression r\u00e9fl\u00e9chissante sur l'ourlet int\u00e9rieur<\/p>","protected":false},"excerpt":{"rendered":"<p>Hypervent Tights sind Profi-Laufs-Tights, die f\u00fcr das Laufen auf h\u00f6chstem Niveau entwickelt wurden. Diese leistungsstarken Tights sind aus recyceltem Polyamid\/Elasthan-Jersey gemacht und bieten super Bel\u00fcftung und Feuchtigkeitstransport. Dar\u00fcber hinaus verf\u00fcgt die Strumpfhose \u00fcber einen breiten, geklebten Bund f\u00fcr optimalen Halt und Komfort, eine Telefontasche am rechten Bein und drei perforierte Ges\u00e4sstaschen, in denen wichtige Dinge [&hellip;]<\/p>\n","protected":false},"featured_media":703099,"template":"","meta":[],"product_brand":[],"product_cat":[4190],"product_tag":[],"class_list":{"0":"post-703048","1":"product","2":"type-product","3":"status-publish","4":"has-post-thumbnail","6":"product_cat-leggings","7":"pa_brand-craft","8":"pa_brand-type-sportswear","9":"pa_filter-color-blau","10":"pa_filter-color-schwarz","12":"first","13":"instock","14":"sale","15":"taxable","16":"shipping-taxable","17":"purchasable","18":"product-type-variable","19":"add-to-wishlist-before_image"},"exclude_global_add_ons":[],"addons":[],"acf":[],"_links":{"self":[{"href":"https:\/\/shop.kustom.ch\/fr\/wp-json\/wp\/v2\/product\/703048"}],"collection":[{"href":"https:\/\/shop.kustom.ch\/fr\/wp-json\/wp\/v2\/product"}],"about":[{"href":"https:\/\/shop.kustom.ch\/fr\/wp-json\/wp\/v2\/types\/product"}],"wp:featuredmedia":[{"embeddable":true,"href":"https:\/\/shop.kustom.ch\/fr\/wp-json\/wp\/v2\/media\/703099"}],"wp:attachment":[{"href":"https:\/\/shop.kustom.ch\/fr\/wp-json\/wp\/v2\/media?parent=703048"}],"wp:term":[{"taxonomy":"product_brand","embeddable":true,"href":"https:\/\/shop.kustom.ch\/fr\/wp-json\/wp\/v2\/product_brand?post=703048"},{"taxonomy":"product_cat","embeddable":true,"href":"https:\/\/shop.kustom.ch\/fr\/wp-json\/wp\/v2\/product_cat?post=703048"},{"taxonomy":"product_tag","embeddable":true,"href":"https:\/\/shop.kustom.ch\/fr\/wp-json\/wp\/v2\/product_tag?post=703048"}],"curies":[{"name":"wp","href":"https:\/\/api.w.org\/{rel}","templated":true}]}}