{"id":702995,"date":"2026-03-18T17:24:46","date_gmt":"2026-03-18T16:24:46","guid":{"rendered":"https:\/\/shop.kustom.ch\/?post_type=product&#038;p=702995"},"modified":"2026-03-27T13:31:21","modified_gmt":"2026-03-27T12:31:21","slug":"hypervent-tight-longsleeve-w","status":"publish","type":"product","link":"https:\/\/shop.kustom.ch\/fr\/produit\/hypervent-tight-longsleeve-w\/","title":{"rendered":"Hypervent Tight Manches longues W"},"content":{"rendered":"<p>Hypervent Tight Longsleeve est un maillot de course moulant \u00e0 manches longues qui te garde au frais et au sec pendant les entra\u00eenements quotidiens intensifs.<\/p>\n<p>Ce v\u00eatement performant est dot\u00e9 d'un tissu jersey doux en polyester recycl\u00e9 et en \u00e9lasthanne, qui offre un transfert d'humidit\u00e9 exceptionnel et une excellente libert\u00e9 de mouvement. Les coutures coll\u00e9es aux extr\u00e9mit\u00e9s des manches et \u00e0 l'ourlet inf\u00e9rieur minimisent les frottements.<\/p>\n<p>- Tissu jersey avec stretch 4 directions en polyamide recycl\u00e9 et \u00e9lasthanne<br \/>\n- Coutures coll\u00e9es aux extr\u00e9mit\u00e9s des manches et \u00e0 l'ourlet inf\u00e9rieur<br \/>\n- trous pour les pouces aux extr\u00e9mit\u00e9s des manches<br \/>\n- Coutures visibles \u00e0 l'avant et \u00e0 l'arri\u00e8re<br \/>\n- Logo r\u00e9fl\u00e9chissant \u00e0 l'avant, \u00e0 l'arri\u00e8re et sur les c\u00f4t\u00e9s<br \/>\n- Coupe ajust\u00e9e<\/p>","protected":false},"excerpt":{"rendered":"<p>Hypervent Tight Longsleeve ist ein eng anliegendes, lang\u00e4rmeliges Laufshirt, das dich w\u00e4hrend des intensiven t\u00e4glichen Trainings k\u00fchl und trocken h\u00e4lt. Dieses leistungsstarke Kleidungsst\u00fcck verf\u00fcgt \u00fcber ein weiches Jersey-Gewebe aus recyceltem Polyester und Elasthan, das einen aussergew\u00f6hnlichen Feuchtigkeitstransport und hervorragende Bewegungsfreiheit bietet. Verklebte N\u00e4hte an \u00c4rmelenden und unterem Saum minimieren Scheuerstellen. \u2022 Jerseystoff mit 4-Wege-Stretch aus [&hellip;]<\/p>\n","protected":false},"featured_media":703026,"template":"","meta":[],"product_brand":[],"product_cat":[4190],"product_tag":[],"class_list":{"0":"post-702995","1":"product","2":"type-product","3":"status-publish","4":"has-post-thumbnail","6":"product_cat-leggings","7":"pa_brand-craft","8":"pa_brand-type-sportswear","9":"pa_filter-color-schwarz","10":"pa_filter-color-violet","11":"pa_filter-color-weiss","13":"first","14":"instock","15":"sale","16":"taxable","17":"shipping-taxable","18":"purchasable","19":"product-type-variable","20":"add-to-wishlist-before_image"},"exclude_global_add_ons":[],"addons":[],"acf":[],"_links":{"self":[{"href":"https:\/\/shop.kustom.ch\/fr\/wp-json\/wp\/v2\/product\/702995"}],"collection":[{"href":"https:\/\/shop.kustom.ch\/fr\/wp-json\/wp\/v2\/product"}],"about":[{"href":"https:\/\/shop.kustom.ch\/fr\/wp-json\/wp\/v2\/types\/product"}],"wp:featuredmedia":[{"embeddable":true,"href":"https:\/\/shop.kustom.ch\/fr\/wp-json\/wp\/v2\/media\/703026"}],"wp:attachment":[{"href":"https:\/\/shop.kustom.ch\/fr\/wp-json\/wp\/v2\/media?parent=702995"}],"wp:term":[{"taxonomy":"product_brand","embeddable":true,"href":"https:\/\/shop.kustom.ch\/fr\/wp-json\/wp\/v2\/product_brand?post=702995"},{"taxonomy":"product_cat","embeddable":true,"href":"https:\/\/shop.kustom.ch\/fr\/wp-json\/wp\/v2\/product_cat?post=702995"},{"taxonomy":"product_tag","embeddable":true,"href":"https:\/\/shop.kustom.ch\/fr\/wp-json\/wp\/v2\/product_tag?post=702995"}],"curies":[{"name":"wp","href":"https:\/\/api.w.org\/{rel}","templated":true}]}}