{"id":702950,"date":"2026-03-18T17:24:13","date_gmt":"2026-03-18T16:24:13","guid":{"rendered":"https:\/\/shop.kustom.ch\/?post_type=product&#038;p=702950"},"modified":"2026-03-27T13:31:18","modified_gmt":"2026-03-27T12:31:18","slug":"hypervent-2-in-1-shorts-m","status":"publish","type":"product","link":"https:\/\/shop.kustom.ch\/fr\/produit\/hypervent-2-in-1-shorts-m\/","title":{"rendered":"Short Hypervent 2-en-1 M"},"content":{"rendered":"<p>Les shorts Hypervent 2-en-1 sont des shorts d'entra\u00eenement performants qui conviennent \u00e0 une multitude d'activit\u00e9s physiques intenses.<\/p>\n<p>Ce short techniquement avanc\u00e9 est compos\u00e9 d'un tissu jersey \u00e9lastique perfor\u00e9 et offre une excellente ventilation et \u00e9vacuation de l'humidit\u00e9. De plus, des collants int\u00e9rieurs \u00e9lastiques offrent un meilleur maintien et une meilleure ventilation, tandis que les c\u00f4t\u00e9s coup\u00e9s haut permettent des mouvements illimit\u00e9s. Deux poches lat\u00e9rales zipp\u00e9es dissimul\u00e9es offrent un espace de rangement s\u00fbr pour les cl\u00e9s, les gels et les barres \u00e9nerg\u00e9tiques.<\/p>\n<p>- Tissu stretch perfor\u00e9 en polyester recycl\u00e9 et \u00e9lasthanne<br \/>\n- Pantalon int\u00e9rieur fin et \u00e9lastique<br \/>\n- Ceinture \u00e9lastique avec cordon de serrage r\u00e9glable<br \/>\n- Pages coup\u00e9es en hauteur<br \/>\n- Deux poches lat\u00e9rales cach\u00e9es avec fermeture \u00e9clair<br \/>\n- Deux poches int\u00e9rieures \u00e0 l'arri\u00e8re<br \/>\n- Couture int\u00e9rieure 23 cm en taille M (collant int\u00e9rieur)<br \/>\n- Coupe normale<\/p>","protected":false},"excerpt":{"rendered":"<p>Hypervent 2-in-1-Shorts sind leistungsstarke Trainingsshorts, die f\u00fcr eine Vielzahl intensiver k\u00f6rperlicher Aktivit\u00e4ten geeignet sind. Diese technisch fortschrittliche Shorts besteht aus einem elastischen, perforierten Jersey-Gewebe und bietet hervorragende Bel\u00fcftung und Feuchtigkeitstransport. Dar\u00fcber hinaus bieten elastische Innenstrumpfhosen verbesserten Halt und Bel\u00fcftung, w\u00e4hrend hoch geschnittene Seiten uneingeschr\u00e4nkte Bewegung erm\u00f6glichen. Zwei verdeckte Reissverschluss-Seitentaschen bieten sicheren Stauraum f\u00fcr Schl\u00fcssel, Gels [&hellip;]<\/p>\n","protected":false},"featured_media":703007,"template":"","meta":[],"product_brand":[],"product_cat":[4198],"product_tag":[],"class_list":{"0":"post-702950","1":"product","2":"type-product","3":"status-publish","4":"has-post-thumbnail","6":"product_cat-shorts","7":"pa_brand-craft","8":"pa_brand-type-sportswear","9":"pa_filter-color-beige","10":"pa_filter-color-grau","11":"pa_filter-color-schwarz","13":"first","14":"instock","15":"sale","16":"taxable","17":"shipping-taxable","18":"purchasable","19":"product-type-variable","20":"add-to-wishlist-before_image"},"exclude_global_add_ons":[],"addons":[],"acf":[],"_links":{"self":[{"href":"https:\/\/shop.kustom.ch\/fr\/wp-json\/wp\/v2\/product\/702950"}],"collection":[{"href":"https:\/\/shop.kustom.ch\/fr\/wp-json\/wp\/v2\/product"}],"about":[{"href":"https:\/\/shop.kustom.ch\/fr\/wp-json\/wp\/v2\/types\/product"}],"wp:featuredmedia":[{"embeddable":true,"href":"https:\/\/shop.kustom.ch\/fr\/wp-json\/wp\/v2\/media\/703007"}],"wp:attachment":[{"href":"https:\/\/shop.kustom.ch\/fr\/wp-json\/wp\/v2\/media?parent=702950"}],"wp:term":[{"taxonomy":"product_brand","embeddable":true,"href":"https:\/\/shop.kustom.ch\/fr\/wp-json\/wp\/v2\/product_brand?post=702950"},{"taxonomy":"product_cat","embeddable":true,"href":"https:\/\/shop.kustom.ch\/fr\/wp-json\/wp\/v2\/product_cat?post=702950"},{"taxonomy":"product_tag","embeddable":true,"href":"https:\/\/shop.kustom.ch\/fr\/wp-json\/wp\/v2\/product_tag?post=702950"}],"curies":[{"name":"wp","href":"https:\/\/api.w.org\/{rel}","templated":true}]}}