{"id":702949,"date":"2026-03-18T17:24:13","date_gmt":"2026-03-18T16:24:13","guid":{"rendered":"https:\/\/shop.kustom.ch\/?post_type=product&#038;p=702949"},"modified":"2026-03-27T13:31:02","modified_gmt":"2026-03-27T12:31:02","slug":"frequent-ss-sweatshirt","status":"publish","type":"product","link":"https:\/\/shop.kustom.ch\/fr\/produit\/frequent-ss-sweatshirt\/","title":{"rendered":"Sweat-shirt Frequent SS"},"content":{"rendered":"<p>Sweat-shirt \u00e0 manches courtes avec une coupe d\u00e9contract\u00e9e et en coton bio 100 %. Il offre un grand confort et est donc le compagnon id\u00e9al pour le quotidien. <\/p>\n<p>- Mat\u00e9riaux pr\u00e9f\u00e9r\u00e9s<br \/>\n- Coupe d\u00e9contract\u00e9e<br \/>\n- Tissu en coton bio avec structure loopback<br \/>\n- C\u00f4tes au cou, aux poignets et \u00e0 l'ourlet<\/p>","protected":false},"excerpt":{"rendered":"<p>Kurz\u00e4rmeliges Sweatshirt mit lockerer Passform und aus 100 % Bio-Baumwolle. Es bietet hohen Komfort und ist somit der perfekte Begleiter f\u00fcr den Alltag. \u2022 Bevorzugte Materialien \u2022 Entspannte Passform \u2022 Bio-Baumwollstoff mit Loopback-Struktur \u2022 Rippe an Hals, B\u00fcndchen und Saum<\/p>","protected":false},"featured_media":702992,"template":"","meta":[],"product_brand":[],"product_cat":[4191],"product_tag":[],"class_list":{"0":"post-702949","1":"product","2":"type-product","3":"status-publish","4":"has-post-thumbnail","6":"product_cat-longsleeves-sweatshirts","7":"pa_brand-craft","8":"pa_brand-type-sportswear","9":"pa_filter-color-schwarz","10":"pa_filter-color-weiss","12":"first","13":"instock","14":"sale","15":"taxable","16":"shipping-taxable","17":"purchasable","18":"product-type-variable","19":"add-to-wishlist-before_image"},"exclude_global_add_ons":[],"addons":[],"acf":[],"_links":{"self":[{"href":"https:\/\/shop.kustom.ch\/fr\/wp-json\/wp\/v2\/product\/702949"}],"collection":[{"href":"https:\/\/shop.kustom.ch\/fr\/wp-json\/wp\/v2\/product"}],"about":[{"href":"https:\/\/shop.kustom.ch\/fr\/wp-json\/wp\/v2\/types\/product"}],"wp:featuredmedia":[{"embeddable":true,"href":"https:\/\/shop.kustom.ch\/fr\/wp-json\/wp\/v2\/media\/702992"}],"wp:attachment":[{"href":"https:\/\/shop.kustom.ch\/fr\/wp-json\/wp\/v2\/media?parent=702949"}],"wp:term":[{"taxonomy":"product_brand","embeddable":true,"href":"https:\/\/shop.kustom.ch\/fr\/wp-json\/wp\/v2\/product_brand?post=702949"},{"taxonomy":"product_cat","embeddable":true,"href":"https:\/\/shop.kustom.ch\/fr\/wp-json\/wp\/v2\/product_cat?post=702949"},{"taxonomy":"product_tag","embeddable":true,"href":"https:\/\/shop.kustom.ch\/fr\/wp-json\/wp\/v2\/product_tag?post=702949"}],"curies":[{"name":"wp","href":"https:\/\/api.w.org\/{rel}","templated":true}]}}