{"id":702908,"date":"2026-03-18T17:23:37","date_gmt":"2026-03-18T16:23:37","guid":{"rendered":"https:\/\/shop.kustom.ch\/?post_type=product&#038;p=702908"},"modified":"2026-03-27T13:29:50","modified_gmt":"2026-03-27T12:29:50","slug":"urban-fleece-jacket-m","status":"publish","type":"product","link":"https:\/\/shop.kustom.ch\/fr\/produit\/urban-fleece-jacket-m\/","title":{"rendered":"Veste Urban Fleece M"},"content":{"rendered":"<p>La veste Urban Fleece est un v\u00eatement chaud et robuste, inspir\u00e9 des v\u00eatements de travail, qui peut passer sans transition du lieu de travail \u00e0 une tenue d\u00e9contract\u00e9e de tous les jours.<\/p>\n<p>Cette veste polyvalente en polaire \u00e9paisse est renforc\u00e9e par des inserts en polyamide r\u00e9sistants \u00e0 l'avant et \u00e0 l'arri\u00e8re et r\u00e9siste aux conditions les plus exigeantes sans perdre de son confort. Con\u00e7ue pour \u00eatre fonctionnelle, elle dispose de deux poches zipp\u00e9es \u00e0 l'avant et d'une poche poitrine \u00e0 rabat qui permettent d'acc\u00e9der facilement aux ustensiles importants. De plus, gr\u00e2ce \u00e0 sa silhouette \u00e9lanc\u00e9e et \u00e0 son design \u00e9pur\u00e9, il est parfait pour placer le logo du club, du sponsor ou de l'entreprise.<\/p>\n<p>- Mati\u00e8re polaire lourde en polyester\/polyamide recycl\u00e9 et \u00e9lasthanne<br \/>\n- Int\u00e9rieur doux<br \/>\n- Deux poches zipp\u00e9es pour les mains<br \/>\n- poche poitrine avec fermeture \u00e0 rabat<br \/>\n- Coupe normale<\/p>","protected":false},"excerpt":{"rendered":"<p>Die Urban Fleece Jacket ist ein warmes, robustes und von Arbeitskleidung inspiriertes Kleidungsst\u00fcck, das sich nahtlos vom Arbeitsplatz zum l\u00e4ssigen Alltagstauglichen Outfit umfunktionieren l\u00e4sst. Diese vielseitige Jacke aus schwerem Fleece-Material ist mit strapazierf\u00e4higen Polyamid-Eins\u00e4tzen an der Vorder- und R\u00fcckseite verst\u00e4rkt und h\u00e4lt auch anspruchsvollen Bedingungen stand, ohne dabei an Komfort einzub\u00fcssen. Sie ist auf Funktionalit\u00e4t [&hellip;]<\/p>\n","protected":false},"featured_media":702947,"template":"","meta":[],"product_brand":[],"product_cat":[4184],"product_tag":[],"class_list":{"0":"post-702908","1":"product","2":"type-product","3":"status-publish","4":"has-post-thumbnail","6":"product_cat-hoodies-pullover","7":"pa_brand-craft","8":"pa_brand-type-sportswear","9":"pa_filter-color-beige","10":"pa_filter-color-blau","11":"pa_filter-color-gruen","12":"pa_filter-color-schwarz","14":"first","15":"instock","16":"sale","17":"taxable","18":"shipping-taxable","19":"purchasable","20":"product-type-variable","21":"add-to-wishlist-before_image"},"exclude_global_add_ons":[],"addons":[],"acf":[],"_links":{"self":[{"href":"https:\/\/shop.kustom.ch\/fr\/wp-json\/wp\/v2\/product\/702908"}],"collection":[{"href":"https:\/\/shop.kustom.ch\/fr\/wp-json\/wp\/v2\/product"}],"about":[{"href":"https:\/\/shop.kustom.ch\/fr\/wp-json\/wp\/v2\/types\/product"}],"wp:featuredmedia":[{"embeddable":true,"href":"https:\/\/shop.kustom.ch\/fr\/wp-json\/wp\/v2\/media\/702947"}],"wp:attachment":[{"href":"https:\/\/shop.kustom.ch\/fr\/wp-json\/wp\/v2\/media?parent=702908"}],"wp:term":[{"taxonomy":"product_brand","embeddable":true,"href":"https:\/\/shop.kustom.ch\/fr\/wp-json\/wp\/v2\/product_brand?post=702908"},{"taxonomy":"product_cat","embeddable":true,"href":"https:\/\/shop.kustom.ch\/fr\/wp-json\/wp\/v2\/product_cat?post=702908"},{"taxonomy":"product_tag","embeddable":true,"href":"https:\/\/shop.kustom.ch\/fr\/wp-json\/wp\/v2\/product_tag?post=702908"}],"curies":[{"name":"wp","href":"https:\/\/api.w.org\/{rel}","templated":true}]}}