{"id":702868,"date":"2026-03-18T17:23:08","date_gmt":"2026-03-18T16:23:08","guid":{"rendered":"https:\/\/shop.kustom.ch\/?post_type=product&#038;p=702868"},"modified":"2026-04-20T13:10:06","modified_gmt":"2026-04-20T12:10:06","slug":"endur-aerolight-jersey-m","status":"publish","type":"product","link":"https:\/\/shop.kustom.ch\/fr\/produit\/endur-aerolight-jersey-m\/","title":{"rendered":"Endur Aerolight Jersey M"},"content":{"rendered":"<p>Le maillot Endur Aerolight est un maillot de cyclisme professionnel ultral\u00e9ger con\u00e7u pour un maximum de vitesse, de performance et de confort dans des conditions chaudes.<\/p>\n<p>Ce maillot de cyclisme en tissus a\u00e9rodynamiques et rafra\u00eechissants offre un flux d'air exceptionnel et une \u00e9vacuation efficace de l'humidit\u00e9 lors des sorties intensives. Ce maillot innovant combine plusieurs tissus super\u00e9lastiques avec diff\u00e9rentes structures pour une coupe rac\u00e9e, dont des manches en mesh avec une structure \u00e0 picots pour un meilleur a\u00e9rodynamisme. Parmi les autres caract\u00e9ristiques, on trouve des extr\u00e9mit\u00e9s de manches coup\u00e9es \u00e0 cru avec des points de silicone \u00e0 l'int\u00e9rieur et un ourlet \u00e9lastique \u00e0 la base qui assure un maintien s\u00fbr et confortable tout au long de la course.<\/p>\n<p>- Fabriqu\u00e9 \u00e0 partir de tissus fins, l\u00e9gers et hautement fonctionnels<br \/>\n- Mati\u00e8re mesh a\u00e9rodynamique avec structure \u00e0 picots sur les manches<br \/>\n- Design ergonomique pour une position assise parfaite<br \/>\n- Extr\u00e9mit\u00e9s des manches coup\u00e9es \u00e0 vif avec points de silicone \u00e0 l'int\u00e9rieur<br \/>\n- \u00c9lastique avec silicone \u00e0 l'int\u00e9rieur de l'ourlet inf\u00e9rieur<br \/>\n- Quatre poches arri\u00e8re (dont une avec fermeture \u00e9clair)<br \/>\n- Coupe ajust\u00e9e<\/p>","protected":false},"excerpt":{"rendered":"<p>Endur Aerolight Jersey ist ein ultraleichtes Profi-Bike-Trikot, das f\u00fcr maximale Geschwindigkeit, Leistung und Komfort bei heissen Bedingungen entwickelt wurde. Das Radtrikot aus aerodynamischen und k\u00fchlenden Stoffen bietet einen aussergew\u00f6hnlichen Luftstrom und effizienten Feuchtigkeitstransport bei intensiven Fahrten. Dieses innovative Jersey kombiniert mehrere superelastische Stoffe mit unterschiedlichen Strukturen f\u00fcr eine schnittige Passform, darunter \u00c4rmel aus Mesh mit [&hellip;]<\/p>\n","protected":false},"featured_media":702921,"template":"","meta":[],"product_brand":[],"product_cat":[4201],"product_tag":[],"class_list":{"0":"post-702868","1":"product","2":"type-product","3":"status-publish","4":"has-post-thumbnail","6":"product_cat-t-shirts","7":"pa_brand-craft","8":"pa_brand-type-sportswear","9":"pa_filter-color-schwarz","10":"pa_filter-color-weiss","12":"first","13":"instock","14":"sale","15":"taxable","16":"shipping-taxable","17":"purchasable","18":"product-type-variable","19":"add-to-wishlist-before_image"},"exclude_global_add_ons":[],"addons":[],"acf":[],"_links":{"self":[{"href":"https:\/\/shop.kustom.ch\/fr\/wp-json\/wp\/v2\/product\/702868"}],"collection":[{"href":"https:\/\/shop.kustom.ch\/fr\/wp-json\/wp\/v2\/product"}],"about":[{"href":"https:\/\/shop.kustom.ch\/fr\/wp-json\/wp\/v2\/types\/product"}],"wp:featuredmedia":[{"embeddable":true,"href":"https:\/\/shop.kustom.ch\/fr\/wp-json\/wp\/v2\/media\/702921"}],"wp:attachment":[{"href":"https:\/\/shop.kustom.ch\/fr\/wp-json\/wp\/v2\/media?parent=702868"}],"wp:term":[{"taxonomy":"product_brand","embeddable":true,"href":"https:\/\/shop.kustom.ch\/fr\/wp-json\/wp\/v2\/product_brand?post=702868"},{"taxonomy":"product_cat","embeddable":true,"href":"https:\/\/shop.kustom.ch\/fr\/wp-json\/wp\/v2\/product_cat?post=702868"},{"taxonomy":"product_tag","embeddable":true,"href":"https:\/\/shop.kustom.ch\/fr\/wp-json\/wp\/v2\/product_tag?post=702868"}],"curies":[{"name":"wp","href":"https:\/\/api.w.org\/{rel}","templated":true}]}}