{"id":702866,"date":"2026-03-18T17:23:08","date_gmt":"2026-03-18T16:23:08","guid":{"rendered":"https:\/\/shop.kustom.ch\/?post_type=product&#038;p=702866"},"modified":"2026-03-27T13:29:28","modified_gmt":"2026-03-27T12:29:28","slug":"hypervent-short-tights-m","status":"publish","type":"product","link":"https:\/\/shop.kustom.ch\/fr\/produit\/hypervent-short-tights-m\/","title":{"rendered":"Collant court Hypervent M"},"content":{"rendered":"<p>Les collants Hypervent Short Tights sont des collants de course professionnels con\u00e7us pour la course \u00e0 pied au plus haut niveau. <\/p>\n<p>Ce collant court haute performance est fabriqu\u00e9 en jersey de polyamide recycl\u00e9, qui offre une excellente ventilation et \u00e9vacuation de l'humidit\u00e9. De plus, le collant dispose d'une taille \u00e9lastique avec un cordon de serrage r\u00e9glable, de deux poches arri\u00e8re perfor\u00e9es et d'une poche zipp\u00e9e sur la jambe pour ranger les essentiels lors des longues courses.<\/p>\n<p>- Tissu en jersey fin et respirant en polyamide recycl\u00e9 et \u00e9lasthanne<br \/>\n- Ceinture \u00e9lastique en tissu li\u00e9<br \/>\n- Cordon de serrage r\u00e9glable \u00e0 la taille<br \/>\n- Deux poches arri\u00e8re perfor\u00e9es<br \/>\n- poche sur la jambe avec fermeture \u00e9clair<\/p>","protected":false},"excerpt":{"rendered":"<p>Hypervent Short Tights sind Profi-Lauf-Tights, die f\u00fcr das Laufen auf h\u00f6chstem Niveau entwickelt wurden. Diese Hochleistungs-Kurzstrumpfhose besteht aus recyceltem Polyamid-Jersey, das hervorragende Bel\u00fcftung und Feuchtigkeitstransport bietet. Dar\u00fcber hinaus verf\u00fcgt die Strumpfhose \u00fcber einen elastischen Bund mit verstellbarem Kordelzug, zwei perforierte Ges\u00e4sstaschen und eine Reissverschluss-Beintasche zur Aufbewahrung von Essentials f\u00fcr lange L\u00e4ufe. \u2022 D\u00fcnner, atmungsaktiver Jerseystoff [&hellip;]<\/p>\n","protected":false},"featured_media":702893,"template":"","meta":[],"product_brand":[],"product_cat":[4190],"product_tag":[],"class_list":{"0":"post-702866","1":"product","2":"type-product","3":"status-publish","4":"has-post-thumbnail","6":"product_cat-leggings","7":"pa_brand-craft","8":"pa_brand-type-sportswear","9":"pa_filter-color-grau","10":"pa_filter-color-schwarz","12":"first","13":"instock","14":"sale","15":"taxable","16":"shipping-taxable","17":"purchasable","18":"product-type-variable","19":"add-to-wishlist-before_image"},"exclude_global_add_ons":[],"addons":[],"acf":[],"_links":{"self":[{"href":"https:\/\/shop.kustom.ch\/fr\/wp-json\/wp\/v2\/product\/702866"}],"collection":[{"href":"https:\/\/shop.kustom.ch\/fr\/wp-json\/wp\/v2\/product"}],"about":[{"href":"https:\/\/shop.kustom.ch\/fr\/wp-json\/wp\/v2\/types\/product"}],"wp:featuredmedia":[{"embeddable":true,"href":"https:\/\/shop.kustom.ch\/fr\/wp-json\/wp\/v2\/media\/702893"}],"wp:attachment":[{"href":"https:\/\/shop.kustom.ch\/fr\/wp-json\/wp\/v2\/media?parent=702866"}],"wp:term":[{"taxonomy":"product_brand","embeddable":true,"href":"https:\/\/shop.kustom.ch\/fr\/wp-json\/wp\/v2\/product_brand?post=702866"},{"taxonomy":"product_cat","embeddable":true,"href":"https:\/\/shop.kustom.ch\/fr\/wp-json\/wp\/v2\/product_cat?post=702866"},{"taxonomy":"product_tag","embeddable":true,"href":"https:\/\/shop.kustom.ch\/fr\/wp-json\/wp\/v2\/product_tag?post=702866"}],"curies":[{"name":"wp","href":"https:\/\/api.w.org\/{rel}","templated":true}]}}