{"id":702789,"date":"2026-03-18T17:21:55","date_gmt":"2026-03-18T16:21:55","guid":{"rendered":"https:\/\/shop.kustom.ch\/?post_type=product&#038;p=702789"},"modified":"2026-03-27T13:27:48","modified_gmt":"2026-03-27T12:27:48","slug":"hypervent-cropped-tee-w","status":"publish","type":"product","link":"https:\/\/shop.kustom.ch\/fr\/produit\/hypervent-cropped-tee-w\/","title":{"rendered":"Tee crois\u00e9 Hypervent W"},"content":{"rendered":"<p>L'Hypervent Cropped Tee est un t-shirt de course doux et moulant qui te garde au frais et au sec lors d'une course de fond intensive dans des conditions chaudes.<\/p>\n<p>Ce t-shirt haute performance est dot\u00e9 d'un tissu jersey doux en polyester recycl\u00e9 et en \u00e9lasthanne, qui offre une \u00e9vacuation exceptionnelle de l'humidit\u00e9 et une excellente libert\u00e9 de mouvement. Les coutures coll\u00e9es aux extr\u00e9mit\u00e9s des manches et \u00e0 l'ourlet inf\u00e9rieur minimisent les frottements.<\/p>\n<p>- Tissu jersey avec stretch 4 directions en polyamide recycl\u00e9 et \u00e9lasthanne<br \/>\n- Coutures coll\u00e9es aux extr\u00e9mit\u00e9s des manches et \u00e0 l'ourlet inf\u00e9rieur<br \/>\n- Face inf\u00e9rieure arrondie \u00e0 l'avant<br \/>\n- Coutures visibles \u00e0 l'avant et \u00e0 l'arri\u00e8re<br \/>\n- Logo r\u00e9fl\u00e9chissant \u00e0 l'avant, \u00e0 l'arri\u00e8re et sur les c\u00f4t\u00e9s<br \/>\n- Coupe \u00e9troite et courte<\/p>","protected":false},"excerpt":{"rendered":"<p>Hypervent Cropped Tee ist ein weiches, eng anliegendes Lauf-T-Shirt, das dich beim intensiven Langstreckenlauf unter heissen Bedingungen k\u00fchl und trocken h\u00e4lt. Dieses Hochleistungs-T-Shirt verf\u00fcgt \u00fcber ein weiches Jersey-Material aus recyceltem Polyester und Elasthan, das einen aussergew\u00f6hnlichen Feuchtigkeitstransport und hervorragende Bewegungsfreiheit bietet. Verklebte N\u00e4hte an \u00c4rmelenden und unterem Saum minimieren Scheuerstellen. \u2022 Jerseystoff mit 4-Wege-Stretch aus [&hellip;]<\/p>\n","protected":false},"featured_media":702818,"template":"","meta":[],"product_brand":[],"product_cat":[4201],"product_tag":[],"class_list":{"0":"post-702789","1":"product","2":"type-product","3":"status-publish","4":"has-post-thumbnail","6":"product_cat-t-shirts","7":"pa_brand-craft","8":"pa_brand-type-sportswear","9":"pa_filter-color-schwarz","10":"pa_filter-color-weiss","12":"first","13":"instock","14":"sale","15":"taxable","16":"shipping-taxable","17":"purchasable","18":"product-type-variable","19":"add-to-wishlist-before_image"},"exclude_global_add_ons":[],"addons":[],"acf":[],"_links":{"self":[{"href":"https:\/\/shop.kustom.ch\/fr\/wp-json\/wp\/v2\/product\/702789"}],"collection":[{"href":"https:\/\/shop.kustom.ch\/fr\/wp-json\/wp\/v2\/product"}],"about":[{"href":"https:\/\/shop.kustom.ch\/fr\/wp-json\/wp\/v2\/types\/product"}],"wp:featuredmedia":[{"embeddable":true,"href":"https:\/\/shop.kustom.ch\/fr\/wp-json\/wp\/v2\/media\/702818"}],"wp:attachment":[{"href":"https:\/\/shop.kustom.ch\/fr\/wp-json\/wp\/v2\/media?parent=702789"}],"wp:term":[{"taxonomy":"product_brand","embeddable":true,"href":"https:\/\/shop.kustom.ch\/fr\/wp-json\/wp\/v2\/product_brand?post=702789"},{"taxonomy":"product_cat","embeddable":true,"href":"https:\/\/shop.kustom.ch\/fr\/wp-json\/wp\/v2\/product_cat?post=702789"},{"taxonomy":"product_tag","embeddable":true,"href":"https:\/\/shop.kustom.ch\/fr\/wp-json\/wp\/v2\/product_tag?post=702789"}],"curies":[{"name":"wp","href":"https:\/\/api.w.org\/{rel}","templated":true}]}}