{"id":702736,"date":"2026-03-18T17:21:21","date_gmt":"2026-03-18T16:21:21","guid":{"rendered":"https:\/\/shop.kustom.ch\/?post_type=product&#038;p=702736"},"modified":"2026-03-27T13:26:07","modified_gmt":"2026-03-27T12:26:07","slug":"urban-shell-jacket-m","status":"publish","type":"product","link":"https:\/\/shop.kustom.ch\/fr\/produit\/urban-shell-jacket-m\/","title":{"rendered":"Veste Urban Shell M"},"content":{"rendered":"<p>La veste Urban Shell est une veste coupe-vent et imperm\u00e9able con\u00e7ue pour le lieu de travail moderne et les environnements urbains. Elle vous garde au sec et \u00e0 l'aise les jours de pluie. <\/p>\n<p>Cette veste de loisirs en tissu 3 couches avec des coutures enti\u00e8rement soud\u00e9es offre une protection fiable contre les intemp\u00e9ries sans faire de compromis sur le style. Une ouverture d'a\u00e9ration verticale avec des trous perfor\u00e9s dans le dos permet une meilleure respirabilit\u00e9 lors d'une utilisation active, tandis que les poignets \u00e9lastiques peuvent \u00eatre relev\u00e9s pour r\u00e9v\u00e9ler une bande r\u00e9fl\u00e9chissante \u00e0 l'int\u00e9rieur pour une meilleure visibilit\u00e9. Elle dispose en outre d'une capuche r\u00e9glable avec cordon de serrage et d'un ourlet discr\u00e8tement profil\u00e9. La silhouette \u00e9lanc\u00e9e et le design \u00e9pur\u00e9 de la veste se pr\u00eatent parfaitement \u00e0 l'apposition du logo du club, du sponsor ou de l'entreprise.<\/p>\n<p>- Mat\u00e9riau 3 couches imperm\u00e9able au vent et \u00e0 l'eau (WP 15\u2018000\/MVP 15\u2018000)<br \/>\n- Mat\u00e9riau trait\u00e9 DWR (Durable Water Repellency)<br \/>\n- Coutures enti\u00e8rement soud\u00e9es<br \/>\n- A\u00e9rations d\u00e9coup\u00e9es au laser \u00e0 l'arri\u00e8re<br \/>\n- fermeture \u00e9clair frontale hydrofuge<br \/>\n- Extr\u00e9mit\u00e9s des manches rabattables avec r\u00e9flecteurs \u00e0 l'int\u00e9rieur<br \/>\n- Capuche r\u00e9glable avec cordon de serrage<br \/>\n- Logo brod\u00e9 sur le haut de la manche<br \/>\n- Coupe normale<\/p>","protected":false},"excerpt":{"rendered":"<p>Die Urban Shell Jacke ist eine wind- und wasserdichte Jacke, die f\u00fcr den modernen Arbeitsplatz und urbane Umgebungen entwickelt wurde und Sie an regnerischen Tagen trocken und komfortabel h\u00e4lt. Diese Freizeitjacke aus 3-lagigem Material mit vollst\u00e4ndig verschweissten N\u00e4hten bietet zuverl\u00e4ssigen Wetterschutz, ohne dabei Abstriche beim Stil zu machen. Eine vertikale Bel\u00fcftungs\u00f6ffnung mit perforierten L\u00f6chern am [&hellip;]<\/p>\n","protected":false},"featured_media":702787,"template":"","meta":[],"product_brand":[],"product_cat":[4186],"product_tag":[],"class_list":{"0":"post-702736","1":"product","2":"type-product","3":"status-publish","4":"has-post-thumbnail","6":"product_cat-jacken","7":"pa_brand-craft","8":"pa_brand-type-sportswear","9":"pa_filter-color-schwarz","11":"first","12":"instock","13":"sale","14":"taxable","15":"shipping-taxable","16":"purchasable","17":"product-type-variable","18":"add-to-wishlist-before_image"},"exclude_global_add_ons":[],"addons":[],"acf":[],"_links":{"self":[{"href":"https:\/\/shop.kustom.ch\/fr\/wp-json\/wp\/v2\/product\/702736"}],"collection":[{"href":"https:\/\/shop.kustom.ch\/fr\/wp-json\/wp\/v2\/product"}],"about":[{"href":"https:\/\/shop.kustom.ch\/fr\/wp-json\/wp\/v2\/types\/product"}],"wp:featuredmedia":[{"embeddable":true,"href":"https:\/\/shop.kustom.ch\/fr\/wp-json\/wp\/v2\/media\/702787"}],"wp:attachment":[{"href":"https:\/\/shop.kustom.ch\/fr\/wp-json\/wp\/v2\/media?parent=702736"}],"wp:term":[{"taxonomy":"product_brand","embeddable":true,"href":"https:\/\/shop.kustom.ch\/fr\/wp-json\/wp\/v2\/product_brand?post=702736"},{"taxonomy":"product_cat","embeddable":true,"href":"https:\/\/shop.kustom.ch\/fr\/wp-json\/wp\/v2\/product_cat?post=702736"},{"taxonomy":"product_tag","embeddable":true,"href":"https:\/\/shop.kustom.ch\/fr\/wp-json\/wp\/v2\/product_tag?post=702736"}],"curies":[{"name":"wp","href":"https:\/\/api.w.org\/{rel}","templated":true}]}}