{"id":702625,"date":"2026-03-18T17:19:16","date_gmt":"2026-03-18T16:19:16","guid":{"rendered":"https:\/\/shop.kustom.ch\/?post_type=product&#038;p=702625"},"modified":"2026-03-27T13:25:23","modified_gmt":"2026-03-27T12:25:23","slug":"essence-capri-3-w","status":"publish","type":"product","link":"https:\/\/shop.kustom.ch\/fr\/produit\/essence-capri-3-w\/","title":{"rendered":"Essence Capri 3 W"},"content":{"rendered":"<p>Les ADV Essence Capri 3 sont des pantalons d'entra\u00eenement tr\u00e8s fonctionnels qui arrivent jusqu'au genou et qui ont \u00e9t\u00e9 con\u00e7us pour une multitude d'entra\u00eenements, de la course intensive et de la musculation aux exercices de yoga attentifs.<\/p>\n<p>Ces pantalons polyvalents sont fabriqu\u00e9s dans un tissu jersey fonctionnel en polyamide recycl\u00e9 et en \u00e9lasthanne, qui offre une excellente r\u00e9gulation de la temp\u00e9rature corporelle, une grande \u00e9lasticit\u00e9 et un retrait efficace. En outre, le pantalon dispose d'une large taille avec un cordon de serrage r\u00e9glable pour un ajustement et un confort optimaux. Deux grandes poches ext\u00e9rieures sur les jambes offrent un espace de rangement pratique pour votre smartphone, vos barres \u00e9nerg\u00e9tiques et autres ustensiles importants.<\/p>\n<p>- Mat\u00e9riau \u00e9lastique en polyamide recycl\u00e9 et \u00e9lasthanne<br \/>\n- Ceinture de pantalon large et \u00e9lastique avec cordon de serrage<br \/>\n- Deux grandes poches sur les jambes<br \/>\n- Taille moyenne<\/p>","protected":false},"excerpt":{"rendered":"<p>Die ADV Essence Capri 3 sind hochfunktionelle, knielange Trainingshosen, die f\u00fcr eine Vielzahl von Workouts entwickelt wurden, von intensivem Laufen und Krafttraining bis hin zu achtsamen Yoga\u00fcbungen. Diese vielseitigen Hosen bestehen aus einem funktionellen Jersey-Material aus recyceltem Polyamid und Elasthan, das eine hervorragende Regulierung der K\u00f6rpertemperatur, hohe Elastizit\u00e4t und effizienten R\u00fcckzug bietet. Dar\u00fcber hinaus verf\u00fcgt [&hellip;]<\/p>\n","protected":false},"featured_media":702675,"template":"","meta":[],"product_brand":[],"product_cat":[4190],"product_tag":[],"class_list":{"0":"post-702625","1":"product","2":"type-product","3":"status-publish","4":"has-post-thumbnail","6":"product_cat-leggings","7":"pa_brand-craft","8":"pa_brand-type-sportswear","9":"pa_filter-color-blau","10":"pa_filter-color-grau","11":"pa_filter-color-schwarz","13":"first","14":"instock","15":"sale","16":"taxable","17":"shipping-taxable","18":"purchasable","19":"product-type-variable","20":"add-to-wishlist-before_image"},"exclude_global_add_ons":[],"addons":[],"acf":[],"_links":{"self":[{"href":"https:\/\/shop.kustom.ch\/fr\/wp-json\/wp\/v2\/product\/702625"}],"collection":[{"href":"https:\/\/shop.kustom.ch\/fr\/wp-json\/wp\/v2\/product"}],"about":[{"href":"https:\/\/shop.kustom.ch\/fr\/wp-json\/wp\/v2\/types\/product"}],"wp:featuredmedia":[{"embeddable":true,"href":"https:\/\/shop.kustom.ch\/fr\/wp-json\/wp\/v2\/media\/702675"}],"wp:attachment":[{"href":"https:\/\/shop.kustom.ch\/fr\/wp-json\/wp\/v2\/media?parent=702625"}],"wp:term":[{"taxonomy":"product_brand","embeddable":true,"href":"https:\/\/shop.kustom.ch\/fr\/wp-json\/wp\/v2\/product_brand?post=702625"},{"taxonomy":"product_cat","embeddable":true,"href":"https:\/\/shop.kustom.ch\/fr\/wp-json\/wp\/v2\/product_cat?post=702625"},{"taxonomy":"product_tag","embeddable":true,"href":"https:\/\/shop.kustom.ch\/fr\/wp-json\/wp\/v2\/product_tag?post=702625"}],"curies":[{"name":"wp","href":"https:\/\/api.w.org\/{rel}","templated":true}]}}