{"id":702624,"date":"2026-03-18T17:19:16","date_gmt":"2026-03-18T16:19:16","guid":{"rendered":"https:\/\/shop.kustom.ch\/?post_type=product&#038;p=702624"},"modified":"2026-03-27T13:24:04","modified_gmt":"2026-03-27T12:24:04","slug":"hypervent-bucket-hat","status":"publish","type":"product","link":"https:\/\/shop.kustom.ch\/fr\/produit\/hypervent-bucket-hat\/","title":{"rendered":"Chapeau \u00e0 bucket Hypervent"},"content":{"rendered":"<p>L'Hypervent Bucket Hat est un bucket hat fonctionnel au design classique qui offre \u00e0 la fois performance et style. Ce chapeau seau cool en tissu l\u00e9ger et fonctionnel est dot\u00e9 d'inserts en mesh pour une meilleure ventilation et d'une bande de transpiration \u00e0 l'int\u00e9rieur pour \u00e9vacuer rapidement la transpiration du visage. De plus, un cordon de serrage \u00e9lastique et r\u00e9glable \u00e0 l'arri\u00e8re maintient le chapeau en place dans des conditions venteuses.<\/p>\n<p>- Tissu l\u00e9ger et \u00e0 s\u00e9chage rapide<br \/>\n- Panneaux lat\u00e9raux en mesh respirant avec perforations<br \/>\n- Cordon de serrage r\u00e9glable \u00e0 l'arri\u00e8re pour un ajustement s\u00fbr<br \/>\n- Coupe normale<\/p>","protected":false},"excerpt":{"rendered":"<p>Hypervent Bucket Hat ist ein funktionaler Bucket Hat mit klassischem Design, der Leistung und Stil gleichermassen bietet. Dieser coole Eimerhut aus leichtem und funktionalem Stoff hat Mesh-Eins\u00e4tze f\u00fcr bessere Bel\u00fcftung und ein Schweissband innen, das den Schweiss schnell vom Gesicht wegleitet. Zus\u00e4tzlich h\u00e4lt ein elastischer und verstellbarer Kordelzug am R\u00fccken den Hut bei windigen Bedingungen [&hellip;]<\/p>\n","protected":false},"featured_media":702670,"template":"","meta":[],"product_brand":[],"product_cat":[4177],"product_tag":[],"class_list":{"0":"post-702624","1":"product","2":"type-product","3":"status-publish","4":"has-post-thumbnail","6":"product_cat-caps-muetzen","7":"pa_brand-craft","8":"pa_brand-type-sportswear","9":"pa_filter-color-schwarz","11":"first","12":"instock","13":"sale","14":"taxable","15":"shipping-taxable","16":"purchasable","17":"product-type-variable","18":"add-to-wishlist-before_image"},"exclude_global_add_ons":[],"addons":[],"acf":[],"_links":{"self":[{"href":"https:\/\/shop.kustom.ch\/fr\/wp-json\/wp\/v2\/product\/702624"}],"collection":[{"href":"https:\/\/shop.kustom.ch\/fr\/wp-json\/wp\/v2\/product"}],"about":[{"href":"https:\/\/shop.kustom.ch\/fr\/wp-json\/wp\/v2\/types\/product"}],"wp:featuredmedia":[{"embeddable":true,"href":"https:\/\/shop.kustom.ch\/fr\/wp-json\/wp\/v2\/media\/702670"}],"wp:attachment":[{"href":"https:\/\/shop.kustom.ch\/fr\/wp-json\/wp\/v2\/media?parent=702624"}],"wp:term":[{"taxonomy":"product_brand","embeddable":true,"href":"https:\/\/shop.kustom.ch\/fr\/wp-json\/wp\/v2\/product_brand?post=702624"},{"taxonomy":"product_cat","embeddable":true,"href":"https:\/\/shop.kustom.ch\/fr\/wp-json\/wp\/v2\/product_cat?post=702624"},{"taxonomy":"product_tag","embeddable":true,"href":"https:\/\/shop.kustom.ch\/fr\/wp-json\/wp\/v2\/product_tag?post=702624"}],"curies":[{"name":"wp","href":"https:\/\/api.w.org\/{rel}","templated":true}]}}