{"id":702622,"date":"2026-03-18T17:19:16","date_gmt":"2026-03-18T16:19:16","guid":{"rendered":"https:\/\/shop.kustom.ch\/?post_type=product&#038;p=702622"},"modified":"2026-03-27T13:23:58","modified_gmt":"2026-03-27T12:23:58","slug":"endur-logo-jersey-w","status":"publish","type":"product","link":"https:\/\/shop.kustom.ch\/fr\/produit\/endur-logo-jersey-w\/","title":{"rendered":"Endur Logo Jersey W"},"content":{"rendered":"<p>Endur Logo Jersey est un maillot de cyclisme doux, extensible et fonctionnel pour les passionn\u00e9s de cyclisme en tout genre. <\/p>\n<p>Ce maillot est en polyester recycl\u00e9 100 % et assure une super \u00e9vacuation de l'humidit\u00e9 et un grand confort lors de tes sorties quotidiennes. De plus, il dispose d'une fermeture \u00e9clair en vislon sur toute la longueur \u00e0 l'avant, de trois poches arri\u00e8re et d'une griffe \u00e9lastique \u00e0 l'ourlet inf\u00e9rieur pour un maintien s\u00fbr.<\/p>\n<p>- Tissu fonctionnel et \u00e9lastique en polyester recycl\u00e9 100 %<br \/>\n- fermeture \u00e9clair Vislon sur toute la longueur \u00e0 l'avant<br \/>\n- Trois poches arri\u00e8re<br \/>\n- Grippeur \u00e9lastique avec silicone \u00e0 l'int\u00e9rieur de l'ourlet inf\u00e9rieur<br \/>\n- Logo sur la poitrine<br \/>\n- Coupe ajust\u00e9e<\/p>","protected":false},"excerpt":{"rendered":"<p>Endur Logo Jersey ist ein weiches, dehnbares und funktionelles Fahrradtrikot f\u00fcr Radsportbegeisterte aller Art. Das Trikot ist aus 100 % recyceltem Polyester und sorgt f\u00fcr super Feuchtigkeitstransport und hohen Tragekomfort bei deinen t\u00e4glichen Ausfahrten. Dar\u00fcber hinaus verf\u00fcgt es \u00fcber einen durchgehenden Vislon-Reissverschluss vorne, drei R\u00fcckentaschen und einen elastischen Greifer am unteren Saum f\u00fcr einen sicheren [&hellip;]<\/p>\n","protected":false},"featured_media":702638,"template":"","meta":[],"product_brand":[],"product_cat":[4201],"product_tag":[],"class_list":{"0":"post-702622","1":"product","2":"type-product","3":"status-publish","4":"has-post-thumbnail","6":"product_cat-t-shirts","7":"pa_brand-craft","8":"pa_brand-type-sportswear","9":"pa_filter-color-blau","10":"pa_filter-color-orange","11":"pa_filter-color-schwarz","12":"pa_filter-color-weiss","14":"first","15":"instock","16":"sale","17":"taxable","18":"shipping-taxable","19":"purchasable","20":"product-type-variable","21":"add-to-wishlist-before_image"},"exclude_global_add_ons":[],"addons":[],"acf":[],"_links":{"self":[{"href":"https:\/\/shop.kustom.ch\/fr\/wp-json\/wp\/v2\/product\/702622"}],"collection":[{"href":"https:\/\/shop.kustom.ch\/fr\/wp-json\/wp\/v2\/product"}],"about":[{"href":"https:\/\/shop.kustom.ch\/fr\/wp-json\/wp\/v2\/types\/product"}],"wp:featuredmedia":[{"embeddable":true,"href":"https:\/\/shop.kustom.ch\/fr\/wp-json\/wp\/v2\/media\/702638"}],"wp:attachment":[{"href":"https:\/\/shop.kustom.ch\/fr\/wp-json\/wp\/v2\/media?parent=702622"}],"wp:term":[{"taxonomy":"product_brand","embeddable":true,"href":"https:\/\/shop.kustom.ch\/fr\/wp-json\/wp\/v2\/product_brand?post=702622"},{"taxonomy":"product_cat","embeddable":true,"href":"https:\/\/shop.kustom.ch\/fr\/wp-json\/wp\/v2\/product_cat?post=702622"},{"taxonomy":"product_tag","embeddable":true,"href":"https:\/\/shop.kustom.ch\/fr\/wp-json\/wp\/v2\/product_tag?post=702622"}],"curies":[{"name":"wp","href":"https:\/\/api.w.org\/{rel}","templated":true}]}}