{"id":702528,"date":"2026-03-18T17:18:08","date_gmt":"2026-03-18T16:18:08","guid":{"rendered":"https:\/\/shop.kustom.ch\/?post_type=product&#038;p=702528"},"modified":"2026-04-16T08:25:51","modified_gmt":"2026-04-16T07:25:51","slug":"endur-training-jersey-w","status":"publish","type":"product","link":"https:\/\/shop.kustom.ch\/fr\/produit\/endur-training-jersey-w\/","title":{"rendered":"Maillot d'entra\u00eenement Endur W"},"content":{"rendered":"<p>Le maillot d'entra\u00eenement Endur est un maillot de cyclisme haute performance destin\u00e9 aux cyclistes engag\u00e9s qui s'entra\u00eenent dur plusieurs fois par semaine. <\/p>\n<p>Ce maillot de cyclisme techniquement avanc\u00e9, fabriqu\u00e9 dans un tissu doux et \u00e9lastique, offre une superbe coupe et une excellente gestion de l'humidit\u00e9 pour te garder au sec et \u00e0 l'aise lors des sorties intenses. Quatre poches arri\u00e8re offrent suffisamment d'espace de rangement pour l'essentiel, tandis qu'un ourlet \u00e9lastique avec impression en silicone maintient le maillot en place.<\/p>\n<p>- Mati\u00e8re douce, \u00e9lastique et hautement fonctionnelle en polyamide recycl\u00e9 et \u00e9lasthanne<br \/>\n- Design ergonomique pour une position assise parfaite<br \/>\n- Extr\u00e9mit\u00e9s des manches non coup\u00e9es<br \/>\n- \u00c9lastique avec imprim\u00e9 en silicone sur l'ourlet inf\u00e9rieur<br \/>\n- Quatre poches arri\u00e8re (dont une avec fermeture \u00e9clair)<br \/>\n- fermeture \u00e9clair Vislon sur toute la longueur \u00e0 l'avant<br \/>\n- Coupe ajust\u00e9e<\/p>","protected":false},"excerpt":{"rendered":"<p>Endur Training Jersey ist ein High-Performance-Bike-Trikot f\u00fcr engagierte Fahrer, die mehrmals pro Woche hart trainieren. Dieses technisch fortschrittliche Radtrikot aus weichem und elastischem Material bietet eine tolle Passform und ein hervorragendes Feuchtigkeitsmanagement, damit du bei intensiven Fahrten trocken und komfortabel bleibst. Vier Ges\u00e4sstaschen bieten ausreichend Stauraum f\u00fcr das N\u00f6tigste, w\u00e4hrend ein elastischer Saum mit Silikonprint [&hellip;]<\/p>\n","protected":false},"featured_media":702543,"template":"","meta":[],"product_brand":[],"product_cat":[4201],"product_tag":[],"class_list":{"0":"post-702528","1":"product","2":"type-product","3":"status-publish","4":"has-post-thumbnail","6":"product_cat-t-shirts","7":"pa_brand-craft","8":"pa_brand-type-sportswear","9":"pa_filter-color-beige","10":"pa_filter-color-gruen","11":"pa_filter-color-orange","12":"pa_filter-color-schwarz","14":"first","15":"instock","16":"sale","17":"taxable","18":"shipping-taxable","19":"purchasable","20":"product-type-variable","21":"add-to-wishlist-before_image"},"exclude_global_add_ons":[],"addons":[],"acf":[],"_links":{"self":[{"href":"https:\/\/shop.kustom.ch\/fr\/wp-json\/wp\/v2\/product\/702528"}],"collection":[{"href":"https:\/\/shop.kustom.ch\/fr\/wp-json\/wp\/v2\/product"}],"about":[{"href":"https:\/\/shop.kustom.ch\/fr\/wp-json\/wp\/v2\/types\/product"}],"wp:featuredmedia":[{"embeddable":true,"href":"https:\/\/shop.kustom.ch\/fr\/wp-json\/wp\/v2\/media\/702543"}],"wp:attachment":[{"href":"https:\/\/shop.kustom.ch\/fr\/wp-json\/wp\/v2\/media?parent=702528"}],"wp:term":[{"taxonomy":"product_brand","embeddable":true,"href":"https:\/\/shop.kustom.ch\/fr\/wp-json\/wp\/v2\/product_brand?post=702528"},{"taxonomy":"product_cat","embeddable":true,"href":"https:\/\/shop.kustom.ch\/fr\/wp-json\/wp\/v2\/product_cat?post=702528"},{"taxonomy":"product_tag","embeddable":true,"href":"https:\/\/shop.kustom.ch\/fr\/wp-json\/wp\/v2\/product_tag?post=702528"}],"curies":[{"name":"wp","href":"https:\/\/api.w.org\/{rel}","templated":true}]}}