{"id":702475,"date":"2026-03-18T17:17:30","date_gmt":"2026-03-18T16:17:30","guid":{"rendered":"https:\/\/shop.kustom.ch\/?post_type=product&#038;p=702475"},"modified":"2026-03-27T13:22:32","modified_gmt":"2026-03-27T12:22:32","slug":"endur-light-wind-jacket-w","status":"publish","type":"product","link":"https:\/\/shop.kustom.ch\/fr\/produit\/endur-light-wind-jacket-w\/","title":{"rendered":"Veste coupe-vent Endur Light W"},"content":{"rendered":"<p>La veste Endure Light Wind Jacket est une veste de v\u00e9lo l\u00e9g\u00e8re, coupe-vent et d\u00e9perlante, id\u00e9ale pour les sorties fra\u00eeches et venteuses. <\/p>\n<p>Cette veste de v\u00e9lo techniquement avanc\u00e9e, fabriqu\u00e9e \u00e0 partir de mat\u00e9riaux recycl\u00e9s hautement fonctionnels, est dot\u00e9e d'un dos en mesh \u00e9lastique et ventil\u00e9 qui assure un excellent ajustement et une excellente gestion de la temp\u00e9rature pendant les trajets intenses. De plus, un \u00e9lastique \u00e0 l'ourlet inf\u00e9rieur maintient la veste en place, tandis que des d\u00e9tails r\u00e9fl\u00e9chissants assurent une meilleure visibilit\u00e9. Elle se range facilement dans une poche de maillot.<\/p>\n<p>- Mat\u00e9riau l\u00e9ger tiss\u00e9 \u00e0 partir de mat\u00e9riaux recycl\u00e9s et d'\u00e9lasthanne<br \/>\n- Mat\u00e9riau coupe-vent et d\u00e9perlant (rev\u00eatement DWR)<br \/>\n- Mat\u00e9riau en mesh \u00e0 l'arri\u00e8re<br \/>\n- \u00c9lastique \u00e0 l'ourlet inf\u00e9rieur<br \/>\n- Petite poche lat\u00e9rale avec fermeture \u00e9clair<br \/>\n- \u00c9l\u00e9ments r\u00e9fl\u00e9chissants<br \/>\n- Coupe ajust\u00e9e<\/p>","protected":false},"excerpt":{"rendered":"<p>Die Endure Light Wind Jacket ist eine leichte, winddichte und wasserabweisende Fahrradjacke, die sich hervorragend f\u00fcr k\u00fchle und windige Fahrten eignet. Diese technisch fortschrittliche Fahrradjacke aus hochfunktionellen, recycelten Materialien verf\u00fcgt \u00fcber einen bel\u00fcfteten und elastischen Mesh-R\u00fccken, der eine hervorragende Passform und ein ausgezeichnetes Temperaturmanagement w\u00e4hrend intensiver Fahrten gew\u00e4hrleistet. Dar\u00fcber hinaus h\u00e4lt ein Gummizug am unteren [&hellip;]<\/p>\n","protected":false},"featured_media":702527,"template":"","meta":[],"product_brand":[],"product_cat":[4186],"product_tag":[],"class_list":{"0":"post-702475","1":"product","2":"type-product","3":"status-publish","4":"has-post-thumbnail","6":"product_cat-jacken","7":"pa_brand-craft","8":"pa_brand-type-sportswear","9":"pa_filter-color-blau","10":"pa_filter-color-schwarz","12":"first","13":"instock","14":"sale","15":"taxable","16":"shipping-taxable","17":"purchasable","18":"product-type-variable","19":"add-to-wishlist-before_image"},"exclude_global_add_ons":[],"addons":[],"acf":[],"_links":{"self":[{"href":"https:\/\/shop.kustom.ch\/fr\/wp-json\/wp\/v2\/product\/702475"}],"collection":[{"href":"https:\/\/shop.kustom.ch\/fr\/wp-json\/wp\/v2\/product"}],"about":[{"href":"https:\/\/shop.kustom.ch\/fr\/wp-json\/wp\/v2\/types\/product"}],"wp:featuredmedia":[{"embeddable":true,"href":"https:\/\/shop.kustom.ch\/fr\/wp-json\/wp\/v2\/media\/702527"}],"wp:attachment":[{"href":"https:\/\/shop.kustom.ch\/fr\/wp-json\/wp\/v2\/media?parent=702475"}],"wp:term":[{"taxonomy":"product_brand","embeddable":true,"href":"https:\/\/shop.kustom.ch\/fr\/wp-json\/wp\/v2\/product_brand?post=702475"},{"taxonomy":"product_cat","embeddable":true,"href":"https:\/\/shop.kustom.ch\/fr\/wp-json\/wp\/v2\/product_cat?post=702475"},{"taxonomy":"product_tag","embeddable":true,"href":"https:\/\/shop.kustom.ch\/fr\/wp-json\/wp\/v2\/product_tag?post=702475"}],"curies":[{"name":"wp","href":"https:\/\/api.w.org\/{rel}","templated":true}]}}