{"id":702474,"date":"2026-03-18T17:17:30","date_gmt":"2026-03-18T16:17:30","guid":{"rendered":"https:\/\/shop.kustom.ch\/?post_type=product&#038;p=702474"},"modified":"2026-03-27T13:22:29","modified_gmt":"2026-03-27T12:22:29","slug":"hypervent-tee-w","status":"publish","type":"product","link":"https:\/\/shop.kustom.ch\/fr\/produit\/hypervent-tee-w\/","title":{"rendered":"Tee Hypervent W"},"content":{"rendered":"<p>L'Hypervent Tee est un maillot de course particuli\u00e8rement respirant qui te garde au frais et au sec lors de tes entra\u00eenements quotidiens intensifs.<\/p>\n<p>Ce v\u00eatement haute performance est compos\u00e9 d'un tissu jersey doux en polyester recycl\u00e9 et \u00e9lasthanne et offre un transfert d'humidit\u00e9 exceptionnel et une excellente libert\u00e9 de mouvement. Les d\u00e9tails perfor\u00e9s dans le dos assurent une meilleure ventilation, tandis que les extr\u00e9mit\u00e9s coll\u00e9es minimisent les frottements.<\/p>\n<p>- Tissu jersey avec stretch 4 directions en polyester recycl\u00e9 et \u00e9lasthanne<br \/>\n- Extr\u00e9mit\u00e9s tap\u00e9es<br \/>\n- \u00c9l\u00e9ments perfor\u00e9s au dos<br \/>\n- Coupe normale<\/p>","protected":false},"excerpt":{"rendered":"<p>Das Hypervent Tee ist ein besonders atmungsaktives Laufshirt, das dich beim intensiven t\u00e4glichen Training k\u00fchl und trocken h\u00e4lt. Dieses High-Performance-Kleidungsst\u00fcck besteht aus einem weichen Jersey-Gewebe aus recyceltem Polyester und Elasthan und bietet einen aussergew\u00f6hnlichen Feuchtigkeitstransport und hervorragende Bewegungsfreiheit. Die perforierten Details am R\u00fccken sorgen f\u00fcr bessere Bel\u00fcftung, w\u00e4hrend die geklebten Enden Scheuern minimieren. \u2022 Jerseystoff [&hellip;]<\/p>\n","protected":false},"featured_media":702496,"template":"","meta":[],"product_brand":[],"product_cat":[4201],"product_tag":[],"class_list":{"0":"post-702474","1":"product","2":"type-product","3":"status-publish","4":"has-post-thumbnail","6":"product_cat-t-shirts","7":"pa_brand-craft","8":"pa_brand-type-sportswear","9":"pa_filter-color-grau","10":"pa_filter-color-schwarz","11":"pa_filter-color-violet","12":"pa_filter-color-weiss","14":"first","15":"instock","16":"sale","17":"taxable","18":"shipping-taxable","19":"purchasable","20":"product-type-variable","21":"add-to-wishlist-before_image"},"exclude_global_add_ons":[],"addons":[],"acf":[],"_links":{"self":[{"href":"https:\/\/shop.kustom.ch\/fr\/wp-json\/wp\/v2\/product\/702474"}],"collection":[{"href":"https:\/\/shop.kustom.ch\/fr\/wp-json\/wp\/v2\/product"}],"about":[{"href":"https:\/\/shop.kustom.ch\/fr\/wp-json\/wp\/v2\/types\/product"}],"wp:featuredmedia":[{"embeddable":true,"href":"https:\/\/shop.kustom.ch\/fr\/wp-json\/wp\/v2\/media\/702496"}],"wp:attachment":[{"href":"https:\/\/shop.kustom.ch\/fr\/wp-json\/wp\/v2\/media?parent=702474"}],"wp:term":[{"taxonomy":"product_brand","embeddable":true,"href":"https:\/\/shop.kustom.ch\/fr\/wp-json\/wp\/v2\/product_brand?post=702474"},{"taxonomy":"product_cat","embeddable":true,"href":"https:\/\/shop.kustom.ch\/fr\/wp-json\/wp\/v2\/product_cat?post=702474"},{"taxonomy":"product_tag","embeddable":true,"href":"https:\/\/shop.kustom.ch\/fr\/wp-json\/wp\/v2\/product_tag?post=702474"}],"curies":[{"name":"wp","href":"https:\/\/api.w.org\/{rel}","templated":true}]}}