{"id":702421,"date":"2026-03-18T17:16:54","date_gmt":"2026-03-18T16:16:54","guid":{"rendered":"https:\/\/shop.kustom.ch\/?post_type=product&#038;p=702421"},"modified":"2026-03-27T13:22:18","modified_gmt":"2026-03-27T12:22:18","slug":"hypervent-oversized-wind-jacket-w","status":"publish","type":"product","link":"https:\/\/shop.kustom.ch\/fr\/produit\/hypervent-oversized-wind-jacket-w\/","title":{"rendered":"Veste coupe-vent Hypervent Oversized W"},"content":{"rendered":"<p>La veste Hypervent Oversize Wind Jacket est une veste d'entra\u00eenement l\u00e9g\u00e8re et coupe-vent avec une coupe oversize en forme de bo\u00eete qui allie style et performance pour un entra\u00eenement de haute intensit\u00e9.<\/p>\n<p>Inspir\u00e9e des v\u00eatements de course vintage, cette veste oversize est fabriqu\u00e9e en polyamide recycl\u00e9, qui offre une excellente ventilation et gestion de l'humidit\u00e9. Deux poches lat\u00e9rales zipp\u00e9es offrent un espace de rangement s\u00fbr pour les cl\u00e9s, les barres \u00e9nerg\u00e9tiques et autres objets importants, tandis que deux cordons de serrage r\u00e9glables \u00e0 l'ourlet inf\u00e9rieur permettent un ajustement personnalis\u00e9. La veste dispose en outre d'une capuche pliable qui se range proprement dans le col. Con\u00e7ue pour la flexibilit\u00e9, elle se range enti\u00e8rement dans sa poche gauche, se transformant ainsi en une petite poche facile \u00e0 porter sur la hanche pour un acc\u00e8s rapide en cas de temps changeant.<\/p>\n<p>- Tissu coupe-vent en polyamide 100 % recycl\u00e9<br \/>\n- col int\u00e9rieur de la capuche avec boutons dans le cou<br \/>\n- Deux cordons de serrage r\u00e9glables \u00e0 l'ourlet inf\u00e9rieur<br \/>\n- Deux poches lat\u00e9rales avec fermeture \u00e9clair<br \/>\n- Extr\u00e9mit\u00e9s des manches \u00e9lastiques<br \/>\n- Peut \u00eatre rang\u00e9 dans son propre sac<br \/>\n- Coupe normale<\/p>","protected":false},"excerpt":{"rendered":"<p>Hypervent Oversize Wind Jacket ist eine leichte, windabweisende Trainingsjacke mit kastenf\u00f6rmiger Oversize-Passform, die Stil und Leistung f\u00fcr hochintensives Training kombiniert. Inspiriert von Vintage-Laufbekleidung ist diese Oversize-Jacke aus recyceltem Polyamid gefertigt, das hervorragende Bel\u00fcftung und Feuchtigkeitsmanagement bietet. Zwei seitliche Reissverschlusstaschen bieten sicheren Stauraum f\u00fcr Schl\u00fcssel, Energieriegel und andere wichtige Dinge, w\u00e4hrend zwei verstellbare Kordelz\u00fcge am unteren [&hellip;]<\/p>\n","protected":false},"featured_media":702477,"template":"","meta":[],"product_brand":[],"product_cat":[4186],"product_tag":[],"class_list":{"0":"post-702421","1":"product","2":"type-product","3":"status-publish","4":"has-post-thumbnail","6":"product_cat-jacken","7":"pa_brand-craft","8":"pa_brand-type-sportswear","9":"pa_filter-color-blau","10":"pa_filter-color-grau","11":"pa_filter-color-schwarz","13":"first","14":"instock","15":"sale","16":"taxable","17":"shipping-taxable","18":"purchasable","19":"product-type-variable","20":"add-to-wishlist-before_image"},"exclude_global_add_ons":[],"addons":[],"acf":[],"_links":{"self":[{"href":"https:\/\/shop.kustom.ch\/fr\/wp-json\/wp\/v2\/product\/702421"}],"collection":[{"href":"https:\/\/shop.kustom.ch\/fr\/wp-json\/wp\/v2\/product"}],"about":[{"href":"https:\/\/shop.kustom.ch\/fr\/wp-json\/wp\/v2\/types\/product"}],"wp:featuredmedia":[{"embeddable":true,"href":"https:\/\/shop.kustom.ch\/fr\/wp-json\/wp\/v2\/media\/702477"}],"wp:attachment":[{"href":"https:\/\/shop.kustom.ch\/fr\/wp-json\/wp\/v2\/media?parent=702421"}],"wp:term":[{"taxonomy":"product_brand","embeddable":true,"href":"https:\/\/shop.kustom.ch\/fr\/wp-json\/wp\/v2\/product_brand?post=702421"},{"taxonomy":"product_cat","embeddable":true,"href":"https:\/\/shop.kustom.ch\/fr\/wp-json\/wp\/v2\/product_cat?post=702421"},{"taxonomy":"product_tag","embeddable":true,"href":"https:\/\/shop.kustom.ch\/fr\/wp-json\/wp\/v2\/product_tag?post=702421"}],"curies":[{"name":"wp","href":"https:\/\/api.w.org\/{rel}","templated":true}]}}