{"id":702420,"date":"2026-03-18T17:16:54","date_gmt":"2026-03-18T16:16:54","guid":{"rendered":"https:\/\/shop.kustom.ch\/?post_type=product&#038;p=702420"},"modified":"2026-03-27T13:22:14","modified_gmt":"2026-03-27T12:22:14","slug":"hypervent-hat","status":"publish","type":"product","link":"https:\/\/shop.kustom.ch\/fr\/produit\/hypervent-hat\/","title":{"rendered":"Hypervent Hat"},"content":{"rendered":"<p>L'Hypervent Hat est un chapeau d'entra\u00eenement fonctionnel \u00e0 large bord qui offre une protection solaire exceptionnelle pour les courses de longue distance dans des conditions chaudes et ensoleill\u00e9es et qui fournit de l'ombre pour le visage, le cou et les oreilles. La casquette en tissu polyester \u00e9vacuant l'humidit\u00e9 dispose de parties lat\u00e9rales perfor\u00e9es et d'une doublure en mesh respirant, permettant \u00e0 la sueur de s'\u00e9vaporer rapidement. Un cordon de serrage r\u00e9glable \u00e0 l'arri\u00e8re assure un ajustement optimal, tandis qu'un cordon de serrage r\u00e9glable \u00e0 l'avant maintient le chapeau en place m\u00eame lors d'un entra\u00eenement intensif.<\/p>\n<p>- Tissu polyester fonctionnel<br \/>\n- Inserts lat\u00e9raux en mesh<br \/>\n- perforations d'a\u00e9ration sur les c\u00f4t\u00e9s<br \/>\n- Doublure en mesh respirant<br \/>\n- Cordon de serrage r\u00e9glable \u00e0 l'arri\u00e8re<br \/>\n- Cordon de serrage r\u00e9glable \u00e0 l'avant<br \/>\n- boucles de rangement \u00e9lastiques sur les c\u00f4t\u00e9s<br \/>\n- Coupe normale<\/p>","protected":false},"excerpt":{"rendered":"<p>Hypervent Hat ist ein funktioneller Trainingshut mit breiter Krempe, der bei heissen und sonnigen Bedingungen aussergew\u00f6hnlichen Sonnenschutz bei Langstreckenl\u00e4ufen bietet und Schatten f\u00fcr Gesicht, Hals und Ohren spendet. Die M\u00fctze aus feuchtigkeitstransportierendem Polyestergewebe verf\u00fcgt \u00fcber perforierte Seitenteile und atmungsaktives Mesh-Futter, sodass Schweiss schnell verdunsten kann. Verstellbarer Kordelzug hinten sorgt f\u00fcr eine optimale Passform, w\u00e4hrend ein [&hellip;]<\/p>\n","protected":false},"featured_media":702473,"template":"","meta":[],"product_brand":[],"product_cat":[4177],"product_tag":[],"class_list":{"0":"post-702420","1":"product","2":"type-product","3":"status-publish","4":"has-post-thumbnail","6":"product_cat-caps-muetzen","7":"pa_brand-craft","8":"pa_brand-type-sportswear","9":"pa_filter-color-grau","11":"first","12":"instock","13":"sale","14":"taxable","15":"shipping-taxable","16":"purchasable","17":"product-type-variable","18":"add-to-wishlist-before_image"},"exclude_global_add_ons":[],"addons":[],"acf":[],"_links":{"self":[{"href":"https:\/\/shop.kustom.ch\/fr\/wp-json\/wp\/v2\/product\/702420"}],"collection":[{"href":"https:\/\/shop.kustom.ch\/fr\/wp-json\/wp\/v2\/product"}],"about":[{"href":"https:\/\/shop.kustom.ch\/fr\/wp-json\/wp\/v2\/types\/product"}],"wp:featuredmedia":[{"embeddable":true,"href":"https:\/\/shop.kustom.ch\/fr\/wp-json\/wp\/v2\/media\/702473"}],"wp:attachment":[{"href":"https:\/\/shop.kustom.ch\/fr\/wp-json\/wp\/v2\/media?parent=702420"}],"wp:term":[{"taxonomy":"product_brand","embeddable":true,"href":"https:\/\/shop.kustom.ch\/fr\/wp-json\/wp\/v2\/product_brand?post=702420"},{"taxonomy":"product_cat","embeddable":true,"href":"https:\/\/shop.kustom.ch\/fr\/wp-json\/wp\/v2\/product_cat?post=702420"},{"taxonomy":"product_tag","embeddable":true,"href":"https:\/\/shop.kustom.ch\/fr\/wp-json\/wp\/v2\/product_tag?post=702420"}],"curies":[{"name":"wp","href":"https:\/\/api.w.org\/{rel}","templated":true}]}}