{"id":702419,"date":"2026-03-18T17:16:54","date_gmt":"2026-03-18T16:16:54","guid":{"rendered":"https:\/\/shop.kustom.ch\/?post_type=product&#038;p=702419"},"modified":"2026-03-27T13:22:12","modified_gmt":"2026-03-27T12:22:12","slug":"essence-wind-jacket-2-m","status":"publish","type":"product","link":"https:\/\/shop.kustom.ch\/fr\/produit\/essence-wind-jacket-2-m\/","title":{"rendered":"Veste coupe-vent Essence 2 M"},"content":{"rendered":"<p>La veste ADV Essence Wind Jacket 2 est une veste coupe-vent et d\u00e9perlante con\u00e7ue pour la course \u00e0 pied, l'entra\u00eenement intensif et les activit\u00e9s similaires.<\/p>\n<p>Cette veste coupe-vent polyvalente est fabriqu\u00e9e dans un mat\u00e9riau l\u00e9ger, coupe-vent et d\u00e9perlant, \u00e0 partir de mat\u00e9riaux recycl\u00e9s, et offre une \u00e9vacuation efficace de l'humidit\u00e9 lors d'entra\u00eenements intensifs dans des conditions venteuses. Des perforations au milieu du dos, sous les bras et sur les \u00e9paules avant am\u00e9liorent la ventilation, tandis qu'une poche de poitrine zipp\u00e9e et deux poches lat\u00e9rales zipp\u00e9es offrent un espace de rangement s\u00fbr pour les cl\u00e9s, les barres \u00e9nerg\u00e9tiques et autres objets importants.<\/p>\n<p>- Mati\u00e8re ripstop coupe-vent et d\u00e9perlante en 100 % de polyester recycl\u00e9<br \/>\n- perforations au milieu du dos, sous les aisselles et sur le devant des \u00e9paules<br \/>\n- Cordon de serrage r\u00e9glable \u00e0 l'ourlet inf\u00e9rieur<br \/>\n- Extr\u00e9mit\u00e9s des manches \u00e9lastiques<br \/>\n- poche de poitrine avec fermeture \u00e9clair cach\u00e9e<br \/>\n- Deux poches lat\u00e9rales avec fermeture \u00e9clair<br \/>\n- Coupe normale<\/p>","protected":false},"excerpt":{"rendered":"<p>Die ADV Essence Wind Jacket 2 ist eine wind- und wasserabweisende Jacke, die f\u00fcr das Laufen, intensives Training und \u00e4hnliche Aktivit\u00e4ten entwickelt wurde. Diese vielseitige Windjacke besteht aus einem leichten, wind- und wasserabweisenden Material aus recycelten Materialien und bietet einen effizienten Feuchtigkeitstransport bei intensiven Trainingseinheiten unter windigen Bedingungen. Perforationen in der R\u00fcckenmitte, unter den Armen [&hellip;]<\/p>\n","protected":false},"featured_media":702442,"template":"","meta":[],"product_brand":[],"product_cat":[4186],"product_tag":[],"class_list":{"0":"post-702419","1":"product","2":"type-product","3":"status-publish","4":"has-post-thumbnail","6":"product_cat-jacken","7":"pa_brand-craft","8":"pa_brand-type-sportswear","9":"pa_filter-color-beige","10":"pa_filter-color-blau","11":"pa_filter-color-gruen","12":"pa_filter-color-schwarz","14":"first","15":"instock","16":"sale","17":"taxable","18":"shipping-taxable","19":"purchasable","20":"product-type-variable","21":"add-to-wishlist-before_image"},"exclude_global_add_ons":[],"addons":[],"acf":[],"_links":{"self":[{"href":"https:\/\/shop.kustom.ch\/fr\/wp-json\/wp\/v2\/product\/702419"}],"collection":[{"href":"https:\/\/shop.kustom.ch\/fr\/wp-json\/wp\/v2\/product"}],"about":[{"href":"https:\/\/shop.kustom.ch\/fr\/wp-json\/wp\/v2\/types\/product"}],"wp:featuredmedia":[{"embeddable":true,"href":"https:\/\/shop.kustom.ch\/fr\/wp-json\/wp\/v2\/media\/702442"}],"wp:attachment":[{"href":"https:\/\/shop.kustom.ch\/fr\/wp-json\/wp\/v2\/media?parent=702419"}],"wp:term":[{"taxonomy":"product_brand","embeddable":true,"href":"https:\/\/shop.kustom.ch\/fr\/wp-json\/wp\/v2\/product_brand?post=702419"},{"taxonomy":"product_cat","embeddable":true,"href":"https:\/\/shop.kustom.ch\/fr\/wp-json\/wp\/v2\/product_cat?post=702419"},{"taxonomy":"product_tag","embeddable":true,"href":"https:\/\/shop.kustom.ch\/fr\/wp-json\/wp\/v2\/product_tag?post=702419"}],"curies":[{"name":"wp","href":"https:\/\/api.w.org\/{rel}","templated":true}]}}